{"id":135,"date":"2024-04-18T23:27:48","date_gmt":"2024-04-18T19:27:48","guid":{"rendered":"https:\/\/www.summerwingscruise.com\/?page_id=135"},"modified":"2025-12-28T14:52:53","modified_gmt":"2025-12-28T10:52:53","slug":"exkluzivni-puldenni-balicek","status":"publish","type":"page","link":"https:\/\/www.summerwingscruise.com\/cs\/half-day-exclusive-package\/","title":{"rendered":"P\u016fldenn\u00ed exkluzivn\u00ed bal\u00ed\u010dek"},"content":{"rendered":"<section class=\"bde-section-135-133 bde-section\">\n              \n  \n  \n\t\n\n  <div class=\"section-background-overlay\"><\/div>\n\n\n<div class=\"section-container\"><h1 class=\"bde-heading-135-134 bde-heading\">\nP\u016fl dne<br> Exkluzivn\u00ed bal\u00ed\u010dek\n<\/h1><\/div>\n<\/section><section class=\"bde-section-135-135 bde-section\">\n  \n  \n\t\n\n\n\n<div class=\"section-container\"><h2 class=\"bde-heading-135-136 bde-heading\">\nP\u016fl-denn\u00ed rybolov soukromou lod\u00ed\n<\/h2><div class=\"bde-icon-list-135-137 bde-icon-list\">\n<ul>\n  \n              \n    <li>\n              <div class='bde-icon-list__item-wrapper'>\n      \n      <span class='bde-icon-list__icon'>\n        <svg xmlns=\"http:\/\/www.w3.org\/2000\/svg\" viewbox=\"0 0 512 512\"><!-- Font Awesome Free 5.15.1 by @fontawesome - https:\/\/fontawesome.com License - https:\/\/fontawesome.com\/license\/free (Icons: CC BY 4.0, Fonts: SIL OFL 1.1, Code: MIT License) --><path d=\"M256 8C119 8 8 119 8 256s111 248 248 248 248-111 248-248S393 8 256 8zm0 448c-110.5 0-200-89.5-200-200S145.5 56 256 56s200 89.5 200 200-89.5 200-200 200zm61.8-104.4l-84.9-61.7c-3.1-2.3-4.9-5.9-4.9-9.7V116c0-6.6 5.4-12 12-12h32c6.6 0 12 5.4 12 12v141.7l66.8 48.6c5.4 3.9 6.5 11.4 2.6 16.8L334.6 349c-3.9 5.3-11.4 6.5-16.8 2.6z\"\/><\/svg>\n      <\/span>\n      <span class='bde-icon-list__text' >\n      Od 9:30 do 13:30.\n      <\/span>\n              <\/div>\n      \n    <\/li>\n\n  <\/ul>\n\n<\/div><div class=\"bde-text-135-138 bde-text\">\nU\u017eijte si vzru\u0161en\u00ed z p\u016fldenn\u00edho exkluzivn\u00edho bal\u00ed\u010dku, luxusn\u00edho \u00fat\u011bku na soukrom\u00e9m motorov\u00e9m \u010dlunu \u0161it\u00e9m na m\u00edru va\u0161im p\u0159\u00e1n\u00edm. <br>Objevte \u00fachvatn\u00e9 z\u00e1toky, malebn\u00e9 pl\u00e1\u017ee a nechte se ohromit pestrobarevn\u00fdm podmo\u0159sk\u00fdm \u017eivotem pod k\u0159i\u0161\u0165\u00e1lov\u011b \u010dist\u00fdmi vodami.\n<\/div><h3 class=\"bde-heading-135-139 bde-heading\">\nItiner\u00e1\u0159:\n<\/h3><div class=\"bde-columns-135-140 bde-columns\"><div class=\"bde-column-135-141 bde-column\">\n  \n  \n\t\n\n\n\n<div class=\"bde-div-135-142 bde-div\">\n  \n  \n\t\n\n\n\n<h5 class=\"bde-heading-135-143 bde-heading\">\n1. \u0160norchlov\u00e1n\u00ed v Blue Bay Marine Park:\n<\/h5><div class=\"bde-text-135-144 bde-text\">\nBlue Bay Marine Park se m\u016f\u017ee pochlubit k\u0159i\u0161\u0165\u00e1lov\u011b \u010distou vodou, dechberouc\u00edmi kor\u00e1ly a pulzuj\u00edc\u00edm podmo\u0159sk\u00fdm \u017eivotem, kter\u00fd v\u00e1s zanech\u00e1 v \u00fa\u017easu. Prozkoumejte velk\u00e1 rozv\u011btven\u00e1 kor\u00e1lov\u00e1 koryta, kter\u00e1 jsou domovem rozmanit\u00fdch vodn\u00edch druh\u016f ryb, mo\u0159sk\u00fdch \u017eelv a ostant\u00edch \u017eivo\u010dich\u016f. Nezapome\u0148te se dr\u017eet vyhrazen\u00fdch \u0161norchlovac\u00edch z\u00f3n pro bezpe\u010dn\u00fd a nezapomenuteln\u00fd z\u00e1\u017eitek v tomto velice popul\u00e1rn\u00edm n\u00e1rodn\u00edm parku.\n<\/div>\n<\/div><div class=\"bde-div-135-145 bde-div\">\n  \n  \n\t\n\n\n\n<h5 class=\"bde-heading-135-146 bde-heading\">\n2. Pr\u016fzkum vraku:\n<\/h5><div class=\"bde-text-135-147 bde-text\">\nObjevte fascinuj\u00edc\u00ed p\u0159\u00edb\u011bh o vraku Dalblair, impozantn\u00edm britsk\u00e9m parn\u00edku, kter\u00fd sv\u016fj osudov\u00fd konec potkal v roce 1902 u pob\u0159e\u017e\u00ed Mauricia b\u011bhem prudk\u00e9 bou\u0159e. P\u0159i \u0161norchlov\u00e1n\u00ed ve vod\u00e1ch pobl\u00ed\u017e Pointe D'Esny prozkoum\u00e1te d\u011bsiv\u00e9 poz\u016fstatky tohoto vraku, kter\u00fd se nyn\u00ed prom\u011bnil v um\u011bl\u00fd \u00fates hem\u017e\u00edc\u00ed se mo\u0159sk\u00fdm \u017eivotem. V\u00e1\u0161 pr\u016fvodce v\u00e1m odhal\u00ed z\u00e1hady kolem tohoto historick\u00e9ho vraku.\n<\/div>\n<\/div><div class=\"bde-div-135-148 bde-div\">\n  \n  \n\t\n\n\n\n<h5 class=\"bde-heading-135-149 bde-heading\">\n3. \u0160norchlov\u00e1n\u00ed na ostrov\u011b Aigrette:\n<\/h5><div class=\"bde-text-135-150 bde-text\">\nNechejte se un\u00e9st vlnami v\u00fdchodn\u00edho pob\u0159e\u017e\u00ed Mauricia, oslavovan\u00e9ho pro sv\u00e9 v\u00fdjime\u010dn\u00e9 mo\u017enosti \u0161norchlov\u00e1n\u00ed. Pono\u0159te se do k\u0159i\u0161\u0165\u00e1lov\u011b \u010dist\u00fdch vod obklopuj\u00edc\u00edch ostrov Aigrette, p\u0159\u00edrodn\u00ed rezervaci py\u0161n\u00edc\u00ed se nedot\u010den\u00fdmi kor\u00e1lov\u00fdmi zahradami a mno\u017estv\u00edm mo\u0159sk\u00e9ho \u017eivota.\n<\/div>\n<\/div>\n<\/div><div class=\"bde-column-135-154 bde-column\">\n  \n  \n\t\n\n\n\n<div class=\"bde-div-135-158 bde-div\">\n  \n  \n\t\n\n\n\n<h5 class=\"bde-heading-135-159 bde-heading\">\n4. Grand River South East Waterfalls Spectacle\n<\/h5><div class=\"bde-text-135-160 bde-text\">\nPod\u00edvejte se na majest\u00e1tnost vodop\u00e1du Grand River South East, nejdel\u0161\u00ed \u0159eky na Mauriciu, kde se hranice mezi pevninou a mo\u0159em st\u00edraj\u00ed ve velkolep\u00e9 uk\u00e1zce s\u00edly p\u0159\u00edrody. Sta\u0148te se sv\u011bdky bou\u0159liv\u00fdch kask\u00e1d, kter\u00e9 \u00fast\u00ed do \u0159eky, kam se dostanete lod\u00ed a z\u00edsk\u00e1te tak jedine\u010dn\u00fd v\u00fdhled. Nechte sv\u00e9ho pr\u016fvodce odhalit geologick\u00e9 z\u00e1zraky, kter\u00e9 vytvo\u0159ily tento mimo\u0159\u00e1dn\u00fd p\u0159\u00edrodn\u00ed \u00fakaz.\n<\/div>\n<\/div><div class=\"bde-div-135-161 bde-div\">\n  \n  \n\t\n\n\n\n<h5 class=\"bde-heading-135-162 bde-heading\">\n5. Objevte Ile aux Cerf:\n<\/h5><div class=\"bde-text-135-163 bde-text\">\nProzkoumejte idylick\u00fd ostrov Ile aux Cerfs, malebn\u00fd ostrovn\u00ed r\u00e1j u Trou d&#039;Eau Douce, kter\u00fd se m\u016f\u017ee pochlubit nedot\u010den\u00fdmi b\u00edl\u00fdmi p\u00edse\u010dn\u00fdmi pl\u00e1\u017eemi, odlehl\u00fdmi p\u0159\u00edrodn\u00edmi stezkami a nes\u010detn\u00fdm mno\u017estv\u00edm vzru\u0161uj\u00edc\u00edch vodn\u00edch aktivit. Vyh\u0159\u00edvejte se v teple slunce, proch\u00e1zejte se p\u0159\u00edrodn\u00edmi divy ostrova nebo se z\u00fa\u010dastn\u011bte p\u0159\u00e1telsk\u00fdch sout\u011b\u017e\u00ed ve vodn\u00edch sportech \u2013 volba je na v\u00e1s.\n<\/div>\n<\/div>\n<\/div><\/div><div class=\"bde-gallery-135-164 bde-gallery\">\n\n\n  \n\n\n\n\n\n\n\n\n\n\n<div class=\"ee-gallery ee-gallery--default ee-gallery--grid ee-gallery--single ee-gallery--lightbox ee-gallery--zoom-out ee-gallery--caption- ee-gallery--caption-none ee-gallery--ratio\">\n                  \n      <a class=\"ee-gallery-item ee-gallery-item--image ee-gallery-item--single\" href=\"https:\/\/www.summerwingscruise.com\/wp-content\/uploads\/2024\/03\/309898323_128186893329572_3291743308928035_n.jpg\"  data-sub-html=\"<span><\/span>\" data-category=\"1\"                  data-lg-size=\"1280-720\"\n\n      >\n        <figure class=\"ee-gallery-item-figure\">\n                        <img decoding=\"async\" class=\"breakdance-image-object\" src=\"https:\/\/www.summerwingscruise.com\/wp-content\/uploads\/2024\/03\/309898323_128186893329572_3291743308928035_n-1024x576.jpg\" width=\"1024\" height=\"576\" srcset=\"https:\/\/www.summerwingscruise.com\/wp-content\/uploads\/2024\/03\/309898323_128186893329572_3291743308928035_n.jpg 1280w, https:\/\/www.summerwingscruise.com\/wp-content\/uploads\/2024\/03\/309898323_128186893329572_3291743308928035_n-300x169.jpg 300w, https:\/\/www.summerwingscruise.com\/wp-content\/uploads\/2024\/03\/309898323_128186893329572_3291743308928035_n-1024x576.jpg 1024w, https:\/\/www.summerwingscruise.com\/wp-content\/uploads\/2024\/03\/309898323_128186893329572_3291743308928035_n-768x432.jpg 768w\" sizes=\"auto, (max-width: 1280px) 100vw, 1280px\" alt=\"Pr\u016fzkum vraku Summer Wings Cruise\" loading=\"lazy\">\n          \n                  <\/figure>\n      <\/a>\n\n                \n      <a class=\"ee-gallery-item ee-gallery-item--image ee-gallery-item--single\" href=\"https:\/\/www.summerwingscruise.com\/wp-content\/uploads\/2024\/03\/Background-image.jpg\"  data-sub-html=\"<span><\/span>\" data-category=\"1\"                  data-lg-size=\"1360-766\"\n\n      >\n        <figure class=\"ee-gallery-item-figure\">\n                        <img decoding=\"async\" class=\"breakdance-image-object\" src=\"https:\/\/www.summerwingscruise.com\/wp-content\/uploads\/2024\/03\/Background-image-1024x577.jpg\" width=\"1024\" height=\"577\" srcset=\"https:\/\/www.summerwingscruise.com\/wp-content\/uploads\/2024\/03\/Background-image.jpg 1360w, https:\/\/www.summerwingscruise.com\/wp-content\/uploads\/2024\/03\/Background-image-300x169.jpg 300w, https:\/\/www.summerwingscruise.com\/wp-content\/uploads\/2024\/03\/Background-image-1024x577.jpg 1024w, https:\/\/www.summerwingscruise.com\/wp-content\/uploads\/2024\/03\/Background-image-768x433.jpg 768w\" sizes=\"auto, (max-width: 1360px) 100vw, 1360px\" alt=\"Summer Wings Cruise Pohled na maj\u00e1k Ile aux Fouquets na Mauriciu (\u00cele au Phare)\" loading=\"lazy\">\n          \n                  <\/figure>\n      <\/a>\n\n                \n      <a class=\"ee-gallery-item ee-gallery-item--image ee-gallery-item--single\" href=\"https:\/\/www.summerwingscruise.com\/wp-content\/uploads\/2024\/03\/301881328_119736417501247_3212705028377161828_n.jpg\"  data-sub-html=\"<span><\/span>\" data-category=\"1\"                  data-lg-size=\"1280-886\"\n\n      >\n        <figure class=\"ee-gallery-item-figure\">\n                        <img decoding=\"async\" class=\"breakdance-image-object\" src=\"https:\/\/www.summerwingscruise.com\/wp-content\/uploads\/2024\/03\/301881328_119736417501247_3212705028377161828_n-1024x709.jpg\" width=\"1024\" height=\"709\" srcset=\"https:\/\/www.summerwingscruise.com\/wp-content\/uploads\/2024\/03\/301881328_119736417501247_3212705028377161828_n.jpg 1280w, https:\/\/www.summerwingscruise.com\/wp-content\/uploads\/2024\/03\/301881328_119736417501247_3212705028377161828_n-300x208.jpg 300w, https:\/\/www.summerwingscruise.com\/wp-content\/uploads\/2024\/03\/301881328_119736417501247_3212705028377161828_n-1024x709.jpg 1024w, https:\/\/www.summerwingscruise.com\/wp-content\/uploads\/2024\/03\/301881328_119736417501247_3212705028377161828_n-768x532.jpg 768w\" sizes=\"auto, (max-width: 1280px) 100vw, 1280px\" alt=\"Summer Wings Cruise na ostrov maj\u00e1k\u016f (\u00cele au Phare)\" loading=\"lazy\">\n          \n                  <\/figure>\n      <\/a>\n\n                \n      <a class=\"ee-gallery-item ee-gallery-item--image ee-gallery-item--single\" href=\"https:\/\/www.summerwingscruise.com\/wp-content\/uploads\/2024\/03\/2023-11-27-1.jpg\"  data-sub-html=\"<span><\/span>\" data-category=\"1\"                  data-lg-size=\"1360-766\"\n\n      >\n        <figure class=\"ee-gallery-item-figure\">\n                        <img decoding=\"async\" class=\"breakdance-image-object\" src=\"https:\/\/www.summerwingscruise.com\/wp-content\/uploads\/2024\/03\/2023-11-27-1-1024x577.jpg\" width=\"1024\" height=\"577\" srcset=\"https:\/\/www.summerwingscruise.com\/wp-content\/uploads\/2024\/03\/2023-11-27-1.jpg 1360w, https:\/\/www.summerwingscruise.com\/wp-content\/uploads\/2024\/03\/2023-11-27-1-300x169.jpg 300w, https:\/\/www.summerwingscruise.com\/wp-content\/uploads\/2024\/03\/2023-11-27-1-1024x577.jpg 1024w, https:\/\/www.summerwingscruise.com\/wp-content\/uploads\/2024\/03\/2023-11-27-1-768x433.jpg 768w\" sizes=\"auto, (max-width: 1360px) 100vw, 1360px\" alt=\"Summer Wings Cruise Grand River South East Waterfalls\" loading=\"lazy\">\n          \n                  <\/figure>\n      <\/a>\n\n      \n  <\/div>\n\n\n\n<\/div><div class=\"bde-div-135-165 bde-div\">\n  \n  \n\t\n\n\n\n<div class=\"bde-columns-135-168 bde-columns\"><div class=\"bde-column-135-175 bde-column\">\n  \n  \n\t\n\n\n\n<div class=\"bde-rich-text-135-167 bde-rich-text breakdance-rich-text-styles\">\n<h2>Sou\u010d\u00e1st\u00ed va\u0161eho bal\u00ed\u010dku:<\/h2>\n<p>Va\u0161e nezapomenuteln\u00e9 dobrodru\u017estv\u00ed bude je\u0161t\u011b p\u0159\u00edjemn\u011bj\u0161\u00ed s bezplatn\u00fdmi n\u00e1poji a \u0161pi\u010dkov\u00fdm vybaven\u00edm na \u0161norchlov\u00e1n\u00ed, kter\u00e9 v\u00e1m zajist\u00ed maxim\u00e1ln\u00ed pohodl\u00ed a z\u00e1bavu po celou dobu exkurze.<\/p>\n<\/div>\n<\/div><div class=\"bde-column-135-176 bde-column\">\n  \n  \n\t\n\n\n\n<div class=\"bde-pricing-table-135-177 bde-pricing-table bde-pricing-table--featured\">\n\n\n\n\n\n<div class='bde-pricing-table__price-area'>\n\n  \n  <div class=\"bde-pricing-table__price-area--amount-and-period-wrapper\">\n\n    <div class=\"bde-pricing-table__price-area--amount\">\n      <span class=\"bde-pricing-table__price-area--amount-currency\" >\n        \u20ac\n      <\/span>\n      <span class=\"bde-pricing-table__price-area--amount-number\">\n        <span class=\"bde-pricing-table__price-area--amount-number-main\" >\n          280\n        <\/span>\n              <\/span>\n    <\/div>\n\n          <span class=\"bde-pricing-table__price-area--billing-period\" >\n        pro 4 osoby\n      <\/span>\n    \n  <\/div>\n\n  <\/div>\n\n\n\n\n  <ul class=\"bde-pricing-table__features\">\n    \n                    \n                    \n      \n      <li class=\"bde-pricing-table__features-item bde-pricing-table__features-item--included\">\n        <span class=\"bde-pricing-table__features-icon\">\n                      <svg xmlns=\"http:\/\/www.w3.org\/2000\/svg\" viewbox=\"0 0 24 24\"><path d=\"M18.71,7.21a1,1,0,0,0-1.42,0L9.84,14.67,6.71,11.53A1,1,0,1,0,5.29,13l3.84,3.84a1,1,0,0,0,1.42,0l8.16-8.16A1,1,0,0,0,18.71,7.21Z\"\/><\/svg>\n                  <\/span>\n        <span class=\"bde-pricing-table__features-text\" >\n          V\u00fdlety motorov\u00fdm \u010dlunem\n        <\/span>\n      <\/li>\n    \n                    \n                    \n      \n      <li class=\"bde-pricing-table__features-item bde-pricing-table__features-item--included\">\n        <span class=\"bde-pricing-table__features-icon\">\n                      <svg xmlns=\"http:\/\/www.w3.org\/2000\/svg\" viewbox=\"0 0 24 24\"><path d=\"M18.71,7.21a1,1,0,0,0-1.42,0L9.84,14.67,6.71,11.53A1,1,0,1,0,5.29,13l3.84,3.84a1,1,0,0,0,1.42,0l8.16-8.16A1,1,0,0,0,18.71,7.21Z\"\/><\/svg>\n                  <\/span>\n        <span class=\"bde-pricing-table__features-text\" >\n          Vyhrazen\u00fd kapit\u00e1n a pr\u016fvodce\n        <\/span>\n      <\/li>\n    \n                    \n                    \n      \n      <li class=\"bde-pricing-table__features-item bde-pricing-table__features-item--included\">\n        <span class=\"bde-pricing-table__features-icon\">\n                      <svg xmlns=\"http:\/\/www.w3.org\/2000\/svg\" viewbox=\"0 0 24 24\"><path d=\"M18.71,7.21a1,1,0,0,0-1.42,0L9.84,14.67,6.71,11.53A1,1,0,1,0,5.29,13l3.84,3.84a1,1,0,0,0,1.42,0l8.16-8.16A1,1,0,0,0,18.71,7.21Z\"\/><\/svg>\n                  <\/span>\n        <span class=\"bde-pricing-table__features-text\" >\n          N\u00e1poje v cen\u011b\n        <\/span>\n      <\/li>\n      <\/ul>\n\n    \n                        \n                        \n    \n    \n    \n    \n            \n                    \n            \n            \n\n    \n    \n    \n    \n    \n    <a class=\"breakdance-link button-atom button-atom--custom bde-pricing-table__cta-button\" href=\"https:\/\/wa.me\/23057772051\" target=\"_self\" data-type=\"url\"  >\n\n    \n        <span class=\"button-atom__text\">Rezervace<\/span>\n\n                            \n        \n                <\/a>\n\n    \n\n\n<\/div>\n<\/div><\/div>\n<\/div><\/div>\n<\/section>","protected":false},"excerpt":{"rendered":"<p>Half Day Exclusive Package Half Day: Private Boat From 9:30 to 13:30. Embrace the thrill of a Half Day Exclusive Package, a luxurious escape on a private speed boat tailored to your desires. Discover breathtaking coves, picturesque beaches, and be amazed at the multicolored array of marine life beneath the crystal-clear waters. The Itinerary: 1. [&hellip;]<\/p>\n","protected":false},"author":1,"featured_media":0,"parent":0,"menu_order":0,"comment_status":"closed","ping_status":"closed","template":"","meta":{"_breakdance_hide_in_design_set":false,"_breakdance_tags":"","footnotes":""},"class_list":["post-135","page","type-page","status-publish","hentry"],"yoast_head":"<!-- This site is optimized with the Yoast SEO plugin v27.0 - https:\/\/yoast.com\/product\/yoast-seo-wordpress\/ -->\n<title>Half Day Exclusive Package on a Private Speed Boat | Summer Wings Cruise<\/title>\n<meta name=\"description\" content=\"Embrace the thrill of a Half Day Exclusive Package, a luxurious escape on a private speed boat tailored to your desires.\" \/>\n<meta name=\"robots\" content=\"index, follow, max-snippet:-1, max-image-preview:large, max-video-preview:-1\" \/>\n<link rel=\"canonical\" href=\"https:\/\/www.summerwingscruise.com\/cs\/exkluzivni-puldenni-balicek\/\" \/>\n<meta property=\"og:locale\" content=\"cs_CZ\" \/>\n<meta property=\"og:type\" content=\"article\" \/>\n<meta property=\"og:title\" content=\"Half Day Exclusive Package on a Private Speed Boat | Summer Wings Cruise\" \/>\n<meta property=\"og:description\" content=\"Embrace the thrill of a Half Day Exclusive Package, a luxurious escape on a private speed boat tailored to your desires.\" \/>\n<meta property=\"og:url\" content=\"https:\/\/www.summerwingscruise.com\/cs\/exkluzivni-puldenni-balicek\/\" \/>\n<meta property=\"og:site_name\" content=\"Summer Wings Cruise\" \/>\n<meta property=\"article:modified_time\" content=\"2025-12-28T10:52:53+00:00\" \/>\n<meta name=\"twitter:card\" content=\"summary_large_image\" \/>\n<meta name=\"twitter:label1\" content=\"Odhadovan\u00e1 doba \u010dten\u00ed\" \/>\n\t<meta name=\"twitter:data1\" content=\"3 minuty\" \/>\n<script type=\"application\/ld+json\" class=\"yoast-schema-graph\">{\"@context\":\"https:\/\/schema.org\",\"@graph\":[{\"@type\":\"WebPage\",\"@id\":\"https:\/\/www.summerwingscruise.com\/half-day-exclusive-package\/\",\"url\":\"https:\/\/www.summerwingscruise.com\/half-day-exclusive-package\/\",\"name\":\"Half Day Exclusive Package on a Private Speed Boat | Summer Wings Cruise\",\"isPartOf\":{\"@id\":\"https:\/\/www.summerwingscruise.com\/#website\"},\"datePublished\":\"2024-04-18T19:27:48+00:00\",\"dateModified\":\"2025-12-28T10:52:53+00:00\",\"description\":\"Embrace the thrill of a Half Day Exclusive Package, a luxurious escape on a private speed boat tailored to your desires.\",\"breadcrumb\":{\"@id\":\"https:\/\/www.summerwingscruise.com\/half-day-exclusive-package\/#breadcrumb\"},\"inLanguage\":\"cs\",\"potentialAction\":[{\"@type\":\"ReadAction\",\"target\":[\"https:\/\/www.summerwingscruise.com\/half-day-exclusive-package\/\"]}]},{\"@type\":\"BreadcrumbList\",\"@id\":\"https:\/\/www.summerwingscruise.com\/half-day-exclusive-package\/#breadcrumb\",\"itemListElement\":[{\"@type\":\"ListItem\",\"position\":1,\"name\":\"Home\",\"item\":\"https:\/\/www.summerwingscruise.com\/\"},{\"@type\":\"ListItem\",\"position\":2,\"name\":\"Half Day Exclusive Package\"}]},{\"@type\":\"WebSite\",\"@id\":\"https:\/\/www.summerwingscruise.com\/#website\",\"url\":\"https:\/\/www.summerwingscruise.com\/\",\"name\":\"Summer Wings Cruise\",\"description\":\"Cruise the Lagoon of South-East Mauritius\",\"potentialAction\":[{\"@type\":\"SearchAction\",\"target\":{\"@type\":\"EntryPoint\",\"urlTemplate\":\"https:\/\/www.summerwingscruise.com\/?s={search_term_string}\"},\"query-input\":{\"@type\":\"PropertyValueSpecification\",\"valueRequired\":true,\"valueName\":\"search_term_string\"}}],\"inLanguage\":\"cs\"}]}<\/script>\n<!-- \/ Yoast SEO plugin. -->","yoast_head_json":{"title":"P\u016fldenn\u00ed exkluzivn\u00ed bal\u00ed\u010dek na soukrom\u00e9m motorov\u00e9m \u010dlunu | Summer Wings Cruise","description":"U\u017eijte si vzru\u0161en\u00ed z p\u016fldenn\u00edho exkluzivn\u00edho bal\u00ed\u010dku, luxusn\u00edho \u00fat\u011bku na soukrom\u00e9m motorov\u00e9m \u010dlunu \u0161it\u00e9m na m\u00edru va\u0161im p\u0159\u00e1n\u00edm.","robots":{"index":"index","follow":"follow","max-snippet":"max-snippet:-1","max-image-preview":"max-image-preview:large","max-video-preview":"max-video-preview:-1"},"canonical":"https:\/\/www.summerwingscruise.com\/cs\/exkluzivni-puldenni-balicek\/","og_locale":"cs_CZ","og_type":"article","og_title":"Half Day Exclusive Package on a Private Speed Boat | Summer Wings Cruise","og_description":"Embrace the thrill of a Half Day Exclusive Package, a luxurious escape on a private speed boat tailored to your desires.","og_url":"https:\/\/www.summerwingscruise.com\/cs\/exkluzivni-puldenni-balicek\/","og_site_name":"Summer Wings Cruise","article_modified_time":"2025-12-28T10:52:53+00:00","twitter_card":"summary_large_image","twitter_misc":{"Odhadovan\u00e1 doba \u010dten\u00ed":"3 minuty"},"schema":{"@context":"https:\/\/schema.org","@graph":[{"@type":"WebPage","@id":"https:\/\/www.summerwingscruise.com\/half-day-exclusive-package\/","url":"https:\/\/www.summerwingscruise.com\/half-day-exclusive-package\/","name":"P\u016fldenn\u00ed exkluzivn\u00ed bal\u00ed\u010dek na soukrom\u00e9m motorov\u00e9m \u010dlunu | Summer Wings Cruise","isPartOf":{"@id":"https:\/\/www.summerwingscruise.com\/#website"},"datePublished":"2024-04-18T19:27:48+00:00","dateModified":"2025-12-28T10:52:53+00:00","description":"U\u017eijte si vzru\u0161en\u00ed z p\u016fldenn\u00edho exkluzivn\u00edho bal\u00ed\u010dku, luxusn\u00edho \u00fat\u011bku na soukrom\u00e9m motorov\u00e9m \u010dlunu \u0161it\u00e9m na m\u00edru va\u0161im p\u0159\u00e1n\u00edm.","breadcrumb":{"@id":"https:\/\/www.summerwingscruise.com\/half-day-exclusive-package\/#breadcrumb"},"inLanguage":"cs","potentialAction":[{"@type":"ReadAction","target":["https:\/\/www.summerwingscruise.com\/half-day-exclusive-package\/"]}]},{"@type":"BreadcrumbList","@id":"https:\/\/www.summerwingscruise.com\/half-day-exclusive-package\/#breadcrumb","itemListElement":[{"@type":"ListItem","position":1,"name":"Home","item":"https:\/\/www.summerwingscruise.com\/"},{"@type":"ListItem","position":2,"name":"Half Day Exclusive Package"}]},{"@type":"WebSite","@id":"https:\/\/www.summerwingscruise.com\/#website","url":"https:\/\/www.summerwingscruise.com\/","name":"Summer Wings Cruise","description":"Plavba po lagun\u011b jihov\u00fdchodn\u00edho Mauricia","potentialAction":[{"@type":"SearchAction","target":{"@type":"EntryPoint","urlTemplate":"https:\/\/www.summerwingscruise.com\/?s={search_term_string}"},"query-input":{"@type":"PropertyValueSpecification","valueRequired":true,"valueName":"search_term_string"}}],"inLanguage":"cs"}]}},"_links":{"self":[{"href":"https:\/\/www.summerwingscruise.com\/cs\/wp-json\/wp\/v2\/pages\/135","targetHints":{"allow":["GET"]}}],"collection":[{"href":"https:\/\/www.summerwingscruise.com\/cs\/wp-json\/wp\/v2\/pages"}],"about":[{"href":"https:\/\/www.summerwingscruise.com\/cs\/wp-json\/wp\/v2\/types\/page"}],"author":[{"embeddable":true,"href":"https:\/\/www.summerwingscruise.com\/cs\/wp-json\/wp\/v2\/users\/1"}],"replies":[{"embeddable":true,"href":"https:\/\/www.summerwingscruise.com\/cs\/wp-json\/wp\/v2\/comments?post=135"}],"version-history":[{"count":7,"href":"https:\/\/www.summerwingscruise.com\/cs\/wp-json\/wp\/v2\/pages\/135\/revisions"}],"predecessor-version":[{"id":593,"href":"https:\/\/www.summerwingscruise.com\/cs\/wp-json\/wp\/v2\/pages\/135\/revisions\/593"}],"wp:attachment":[{"href":"https:\/\/www.summerwingscruise.com\/cs\/wp-json\/wp\/v2\/media?parent=135"}],"curies":[{"name":"wp","href":"https:\/\/api.w.org\/{rel}","templated":true}]}}