{"id":213,"date":"2024-07-23T11:15:16","date_gmt":"2024-07-23T07:15:16","guid":{"rendered":"https:\/\/www.summerwingscruise.com\/?page_id=213"},"modified":"2024-08-16T01:24:01","modified_gmt":"2024-08-15T21:24:01","slug":"blog","status":"publish","type":"page","link":"https:\/\/www.summerwingscruise.com\/cs\/blog\/","title":{"rendered":"Blog"},"content":{"rendered":"<section class=\"bde-section-213-100 bde-section\">\n              \n  \n  \n\t\n\n  <div class=\"section-background-overlay\"><\/div>\n\n\n<div class=\"section-container\"><h1 class=\"bde-heading-213-101 bde-heading\">\nBlog a pr\u016fvodce\n<\/h1><\/div>\n<\/section><section class=\"bde-section-213-104 bde-section\">\n  \n  \n\t\n\n\n\n<div class=\"section-container\"><div class=\"bde-post-list-213-107 bde-post-list\"><div class=\"bde-loop bde-loop-grid ee-posts ee-posts-grid\">    <article class=\"bde-loop-item ee-post\">\n                                <a class=\"bde-loop-item__image-link ee-post-image-link bde-loop-item__image-top ee-posts-image-top\" href=\"https:\/\/www.summerwingscruise.com\/cs\/blog\/mauritius-private-speedboat-with-hotel-transfers\/\" aria-label=\"V\u00fdlety lod\u00ed na ostrov Mauritius: Soukrom\u00fd motorov\u00fd \u010dlun se snadn\u00fdm hotelov\u00fdm transferem\">\n                <div class=\"bde-loop-item__image ee-post-image\">\n                    <img loading=\"lazy\" decoding=\"async\" width=\"1280\" height=\"720\" src=\"https:\/\/www.summerwingscruise.com\/wp-content\/uploads\/2024\/11\/Summer-Wings-Cruise-SpeedBoat-Trips.webp\" class=\"attachment-full size-full wp-post-image\" alt=\"Summer Wings Cruise - V\u00fdlety motorov\u00fdm \u010dlunem\" srcset=\"https:\/\/www.summerwingscruise.com\/wp-content\/uploads\/2024\/11\/Summer-Wings-Cruise-SpeedBoat-Trips.webp 1280w, https:\/\/www.summerwingscruise.com\/wp-content\/uploads\/2024\/11\/Summer-Wings-Cruise-SpeedBoat-Trips-300x169.webp 300w, https:\/\/www.summerwingscruise.com\/wp-content\/uploads\/2024\/11\/Summer-Wings-Cruise-SpeedBoat-Trips-1024x576.webp 1024w, https:\/\/www.summerwingscruise.com\/wp-content\/uploads\/2024\/11\/Summer-Wings-Cruise-SpeedBoat-Trips-768x432.webp 768w, https:\/\/www.summerwingscruise.com\/wp-content\/uploads\/2024\/11\/Summer-Wings-Cruise-SpeedBoat-Trips-18x10.webp 18w\" sizes=\"auto, (max-width: 1280px) 100vw, 1280px\" \/>                <\/div>\n            <\/a>\n        \n        \n        <div class=\"bde-loop-item__wrap ee-post-wrap\">\n            \n                            <h3 class=\"ee-post-title\">\n                    <a class=\"bde-loop-item__title-link ee-post-title-link\" href=\"https:\/\/www.summerwingscruise.com\/cs\/blog\/mauritius-private-speedboat-with-hotel-transfers\/\" >\n                        V\u00fdlety lod\u00ed na ostrov Mauritius: Soukrom\u00fd motorov\u00fd \u010dlun se snadn\u00fdm hotelov\u00fdm transferem                    <\/a>\n                <\/h3>\n                            <div class=\"bde-loop-item__post-meta ee-post-meta\">\n                                                                                <span class=\"bde-loop-item__meta-date bde-loop-item__meta-item ee-post-meta-date ee-post-meta-item\">\n                                    25. listopadu 2024                                <\/span>\n                                                \n                <\/div>\n                            <div class=\"bde-loop-item__content ee-post-content\">\n                    Vydejte se na nezapomenuteln\u00e9 dobrodru\u017estv\u00ed s Summer Wings Cruise a objevte dechberouc\u00ed kr\u00e1su Mauricia na soukrom\u00e9m motorov\u00e9m \u010dlunu\u2026                <\/div>\n            \n            \n        <\/div>\n\n    <\/article>\n\n    <article class=\"bde-loop-item ee-post\">\n                                <a class=\"bde-loop-item__image-link ee-post-image-link bde-loop-item__image-top ee-posts-image-top\" href=\"https:\/\/www.summerwingscruise.com\/cs\/blog\/the-perfect-half-day-speedboat-tour-in-mauritius\/\" aria-label=\"Objevte perfektn\u00ed p\u016fldenn\u00ed v\u00fdlet motorov\u00fdm \u010dlunem na Mauriciu\">\n                <div class=\"bde-loop-item__image ee-post-image\">\n                    <img loading=\"lazy\" decoding=\"async\" width=\"1280\" height=\"964\" src=\"https:\/\/www.summerwingscruise.com\/wp-content\/uploads\/2024\/10\/Summer-Wings-Cruise-South-East-Mauritius.webp\" class=\"attachment-full size-full wp-post-image\" alt=\"Summer Wings Cruise \u2013 Jihov\u00fdchodn\u00ed Mauricius\" srcset=\"https:\/\/www.summerwingscruise.com\/wp-content\/uploads\/2024\/10\/Summer-Wings-Cruise-South-East-Mauritius.webp 1280w, https:\/\/www.summerwingscruise.com\/wp-content\/uploads\/2024\/10\/Summer-Wings-Cruise-South-East-Mauritius-300x226.webp 300w, https:\/\/www.summerwingscruise.com\/wp-content\/uploads\/2024\/10\/Summer-Wings-Cruise-South-East-Mauritius-1024x771.webp 1024w, https:\/\/www.summerwingscruise.com\/wp-content\/uploads\/2024\/10\/Summer-Wings-Cruise-South-East-Mauritius-768x578.webp 768w, https:\/\/www.summerwingscruise.com\/wp-content\/uploads\/2024\/10\/Summer-Wings-Cruise-South-East-Mauritius-16x12.webp 16w\" sizes=\"auto, (max-width: 1280px) 100vw, 1280px\" \/>                <\/div>\n            <\/a>\n        \n        \n        <div class=\"bde-loop-item__wrap ee-post-wrap\">\n            \n                            <h3 class=\"ee-post-title\">\n                    <a class=\"bde-loop-item__title-link ee-post-title-link\" href=\"https:\/\/www.summerwingscruise.com\/cs\/blog\/the-perfect-half-day-speedboat-tour-in-mauritius\/\" >\n                        Objevte perfektn\u00ed p\u016fldenn\u00ed v\u00fdlet motorov\u00fdm \u010dlunem na Mauriciu                    <\/a>\n                <\/h3>\n                            <div class=\"bde-loop-item__post-meta ee-post-meta\">\n                                                                                <span class=\"bde-loop-item__meta-date bde-loop-item__meta-item ee-post-meta-date ee-post-meta-item\">\n                                    30. \u0159\u00edjna 2024                                <\/span>\n                                                \n                <\/div>\n                            <div class=\"bde-loop-item__content ee-post-content\">\n                    Mauricius, r\u00e1j pro milovn\u00edky oce\u00e1n\u016f, nab\u00edz\u00ed ohromuj\u00edc\u00ed tyrkysov\u00e9 vody a podmaniv\u00fd mo\u0159sk\u00fd \u017eivot. Za\u017eijte to s Summer Wings Cruise\u2026                <\/div>\n            \n            \n        <\/div>\n\n    <\/article>\n\n    <article class=\"bde-loop-item ee-post\">\n                                <a class=\"bde-loop-item__image-link ee-post-image-link bde-loop-item__image-top ee-posts-image-top\" href=\"https:\/\/www.summerwingscruise.com\/cs\/blog\/5-islands-speedboat-tour\/\" aria-label=\"V\u00fdlet motorov\u00fdm \u010dlunem po 5 ostrovech s Summer Wings Cruise\">\n                <div class=\"bde-loop-item__image ee-post-image\">\n                    <img loading=\"lazy\" decoding=\"async\" width=\"2048\" height=\"1400\" src=\"https:\/\/www.summerwingscruise.com\/wp-content\/uploads\/2024\/10\/Summer-Wings-Cruise-iIle-aux-Phare.webp\" class=\"attachment-full size-full wp-post-image\" alt=\"\" srcset=\"https:\/\/www.summerwingscruise.com\/wp-content\/uploads\/2024\/10\/Summer-Wings-Cruise-iIle-aux-Phare.webp 2048w, https:\/\/www.summerwingscruise.com\/wp-content\/uploads\/2024\/10\/Summer-Wings-Cruise-iIle-aux-Phare-300x205.webp 300w, https:\/\/www.summerwingscruise.com\/wp-content\/uploads\/2024\/10\/Summer-Wings-Cruise-iIle-aux-Phare-1024x700.webp 1024w, https:\/\/www.summerwingscruise.com\/wp-content\/uploads\/2024\/10\/Summer-Wings-Cruise-iIle-aux-Phare-768x525.webp 768w, https:\/\/www.summerwingscruise.com\/wp-content\/uploads\/2024\/10\/Summer-Wings-Cruise-iIle-aux-Phare-1536x1050.webp 1536w, https:\/\/www.summerwingscruise.com\/wp-content\/uploads\/2024\/10\/Summer-Wings-Cruise-iIle-aux-Phare-18x12.webp 18w\" sizes=\"auto, (max-width: 2048px) 100vw, 2048px\" \/>                <\/div>\n            <\/a>\n        \n        \n        <div class=\"bde-loop-item__wrap ee-post-wrap\">\n            \n                            <h3 class=\"ee-post-title\">\n                    <a class=\"bde-loop-item__title-link ee-post-title-link\" href=\"https:\/\/www.summerwingscruise.com\/cs\/blog\/5-islands-speedboat-tour\/\" >\n                        V\u00fdlet motorov\u00fdm \u010dlunem po 5 ostrovech s Summer Wings Cruise                    <\/a>\n                <\/h3>\n                            <div class=\"bde-loop-item__post-meta ee-post-meta\">\n                                                                                <span class=\"bde-loop-item__meta-date bde-loop-item__meta-item ee-post-meta-date ee-post-meta-item\">\n                                    30. z\u00e1\u0159\u00ed 2024                                <\/span>\n                                                \n                <\/div>\n                            <div class=\"bde-loop-item__content ee-post-content\">\n                    Pokud jste n\u011bkdy snili o prozkoum\u00e1n\u00ed t\u011bch nej\u00fachvatn\u011bj\u0161\u00edch ostrov\u016f, kter\u00e9 Mauricius nab\u00edz\u00ed, pak n\u00e1\u0161 motorov\u00fd \u010dlun 5 Islands\u2026                <\/div>\n            \n            \n        <\/div>\n\n    <\/article>\n\n    <article class=\"bde-loop-item ee-post\">\n                                <a class=\"bde-loop-item__image-link ee-post-image-link bde-loop-item__image-top ee-posts-image-top\" href=\"https:\/\/www.summerwingscruise.com\/cs\/blog\/speed-boat-trip-to-ile-aux-cerfs-mauritius\/\" aria-label=\"V\u00fdlet motorov\u00fdm \u010dlunem na ostrov Ile aux Cerfs, Mauricius\">\n                <div class=\"bde-loop-item__image ee-post-image\">\n                    <img loading=\"lazy\" decoding=\"async\" width=\"1024\" height=\"576\" src=\"https:\/\/www.summerwingscruise.com\/wp-content\/uploads\/2024\/08\/Summer-Wings-Speed-Boat-at-Ile-aux-Cerfs.webp\" class=\"attachment-full size-full wp-post-image\" alt=\"Letn\u00ed Wings Speed Boat na Ile aux Cerfs\" srcset=\"https:\/\/www.summerwingscruise.com\/wp-content\/uploads\/2024\/08\/Summer-Wings-Speed-Boat-at-Ile-aux-Cerfs.webp 1024w, https:\/\/www.summerwingscruise.com\/wp-content\/uploads\/2024\/08\/Summer-Wings-Speed-Boat-at-Ile-aux-Cerfs-300x169.webp 300w, https:\/\/www.summerwingscruise.com\/wp-content\/uploads\/2024\/08\/Summer-Wings-Speed-Boat-at-Ile-aux-Cerfs-768x432.webp 768w, https:\/\/www.summerwingscruise.com\/wp-content\/uploads\/2024\/08\/Summer-Wings-Speed-Boat-at-Ile-aux-Cerfs-18x10.webp 18w\" sizes=\"auto, (max-width: 1024px) 100vw, 1024px\" \/>                <\/div>\n            <\/a>\n        \n        \n        <div class=\"bde-loop-item__wrap ee-post-wrap\">\n            \n                            <h3 class=\"ee-post-title\">\n                    <a class=\"bde-loop-item__title-link ee-post-title-link\" href=\"https:\/\/www.summerwingscruise.com\/cs\/blog\/speed-boat-trip-to-ile-aux-cerfs-mauritius\/\" >\n                        V\u00fdlet motorov\u00fdm \u010dlunem na ostrov Ile aux Cerfs, Mauricius                    <\/a>\n                <\/h3>\n                            <div class=\"bde-loop-item__post-meta ee-post-meta\">\n                                                                                <span class=\"bde-loop-item__meta-date bde-loop-item__meta-item ee-post-meta-date ee-post-meta-item\">\n                                    15. srpna 2024                                <\/span>\n                                                \n                <\/div>\n                            <div class=\"bde-loop-item__content ee-post-content\">\n                    \u00cele aux Cerfs, uhn\u00edzd\u011bn\u00fd na v\u00fdchodn\u00edm pob\u0159e\u017e\u00ed Mauricia, je \u00fa\u017easn\u00fdm ostrovn\u00edm r\u00e1jem, kter\u00fd slibuje nezapomenuteln\u00fd z\u00e1\u017eitek\u2026                <\/div>\n            \n            \n        <\/div>\n\n    <\/article>\n\n    <article class=\"bde-loop-item ee-post\">\n                                <a class=\"bde-loop-item__image-link ee-post-image-link bde-loop-item__image-top ee-posts-image-top\" href=\"https:\/\/www.summerwingscruise.com\/cs\/blog\/explore-blue-bay-boat-tour-complete-guide\/\" aria-label=\"Prozkoumejte z\u00e1zraky Blue Bay na Mauriciu: Pr\u016fvodce dobrodru\u017estv\u00edm na v\u00fdlet\u011b motorov\u00fdm \u010dlunem\">\n                <div class=\"bde-loop-item__image ee-post-image\">\n                    <img loading=\"lazy\" decoding=\"async\" width=\"1359\" height=\"1020\" src=\"https:\/\/www.summerwingscruise.com\/wp-content\/uploads\/2024\/03\/PXL_20240207_051435903.jpg\" class=\"attachment-full size-full wp-post-image\" alt=\"Summer Wings Cruise Ostrov Aigrette\" srcset=\"https:\/\/www.summerwingscruise.com\/wp-content\/uploads\/2024\/03\/PXL_20240207_051435903.jpg 1359w, https:\/\/www.summerwingscruise.com\/wp-content\/uploads\/2024\/03\/PXL_20240207_051435903-300x225.jpg 300w, https:\/\/www.summerwingscruise.com\/wp-content\/uploads\/2024\/03\/PXL_20240207_051435903-1024x769.jpg 1024w, https:\/\/www.summerwingscruise.com\/wp-content\/uploads\/2024\/03\/PXL_20240207_051435903-768x576.jpg 768w\" sizes=\"auto, (max-width: 1359px) 100vw, 1359px\" \/>                <\/div>\n            <\/a>\n        \n        \n        <div class=\"bde-loop-item__wrap ee-post-wrap\">\n            \n                            <h3 class=\"ee-post-title\">\n                    <a class=\"bde-loop-item__title-link ee-post-title-link\" href=\"https:\/\/www.summerwingscruise.com\/cs\/blog\/explore-blue-bay-boat-tour-complete-guide\/\" >\n                        Prozkoumejte z\u00e1zraky Blue Bay na Mauriciu: Pr\u016fvodce dobrodru\u017estv\u00edm na v\u00fdlet\u011b motorov\u00fdm \u010dlunem                    <\/a>\n                <\/h3>\n                            <div class=\"bde-loop-item__post-meta ee-post-meta\">\n                                                                                <span class=\"bde-loop-item__meta-date bde-loop-item__meta-item ee-post-meta-date ee-post-meta-item\">\n                                    18. \u010dervence 2024                                <\/span>\n                                                \n                <\/div>\n                            <div class=\"bde-loop-item__content ee-post-content\">\n                    V\u00edtejte v Blue Bay na Mauriciu \u2013 tropick\u00e9m r\u00e1ji zn\u00e1m\u00e9m pro sv\u00e9 k\u0159i\u0161\u0165\u00e1lov\u011b \u010dist\u00e9 vody, pulzuj\u00edc\u00ed mo\u0159sk\u00fd \u017eivot a \u00fachvatn\u00e9 pob\u0159e\u017en\u00ed\u2026                <\/div>\n            \n            \n        <\/div>\n\n    <\/article>\n\n<\/div><\/div><\/div>\n<\/section>","protected":false},"excerpt":{"rendered":"","protected":false},"author":1,"featured_media":0,"parent":0,"menu_order":0,"comment_status":"closed","ping_status":"closed","template":"","meta":{"_breakdance_hide_in_design_set":false,"_breakdance_tags":"","footnotes":""},"class_list":["post-213","page","type-page","status-publish","hentry"],"yoast_head":"<!-- This site is optimized with the Yoast SEO plugin v27.0 - https:\/\/yoast.com\/product\/yoast-seo-wordpress\/ -->\n<title>Blog | Summer Wings Cruise<\/title>\n<meta name=\"robots\" content=\"index, follow, max-snippet:-1, max-image-preview:large, max-video-preview:-1\" \/>\n<link rel=\"canonical\" href=\"https:\/\/www.summerwingscruise.com\/cs\/blog\/\" \/>\n<meta property=\"og:locale\" content=\"cs_CZ\" \/>\n<meta property=\"og:type\" content=\"article\" \/>\n<meta property=\"og:title\" content=\"Blog | Summer Wings Cruise\" \/>\n<meta property=\"og:url\" content=\"https:\/\/www.summerwingscruise.com\/cs\/blog\/\" \/>\n<meta property=\"og:site_name\" content=\"Summer Wings Cruise\" \/>\n<meta property=\"article:modified_time\" content=\"2024-08-15T21:24:01+00:00\" \/>\n<meta name=\"twitter:card\" content=\"summary_large_image\" \/>\n<script type=\"application\/ld+json\" class=\"yoast-schema-graph\">{\"@context\":\"https:\/\/schema.org\",\"@graph\":[{\"@type\":\"WebPage\",\"@id\":\"https:\/\/www.summerwingscruise.com\/blog\/\",\"url\":\"https:\/\/www.summerwingscruise.com\/blog\/\",\"name\":\"Blog | Summer Wings Cruise\",\"isPartOf\":{\"@id\":\"https:\/\/www.summerwingscruise.com\/#website\"},\"datePublished\":\"2024-07-23T07:15:16+00:00\",\"dateModified\":\"2024-08-15T21:24:01+00:00\",\"breadcrumb\":{\"@id\":\"https:\/\/www.summerwingscruise.com\/blog\/#breadcrumb\"},\"inLanguage\":\"cs\",\"potentialAction\":[{\"@type\":\"ReadAction\",\"target\":[\"https:\/\/www.summerwingscruise.com\/blog\/\"]}]},{\"@type\":\"BreadcrumbList\",\"@id\":\"https:\/\/www.summerwingscruise.com\/blog\/#breadcrumb\",\"itemListElement\":[{\"@type\":\"ListItem\",\"position\":1,\"name\":\"Home\",\"item\":\"https:\/\/www.summerwingscruise.com\/\"},{\"@type\":\"ListItem\",\"position\":2,\"name\":\"Blog\"}]},{\"@type\":\"WebSite\",\"@id\":\"https:\/\/www.summerwingscruise.com\/#website\",\"url\":\"https:\/\/www.summerwingscruise.com\/\",\"name\":\"Summer Wings Cruise\",\"description\":\"Cruise the Lagoon of South-East Mauritius\",\"potentialAction\":[{\"@type\":\"SearchAction\",\"target\":{\"@type\":\"EntryPoint\",\"urlTemplate\":\"https:\/\/www.summerwingscruise.com\/?s={search_term_string}\"},\"query-input\":{\"@type\":\"PropertyValueSpecification\",\"valueRequired\":true,\"valueName\":\"search_term_string\"}}],\"inLanguage\":\"cs\"}]}<\/script>\n<!-- \/ Yoast SEO plugin. -->","yoast_head_json":{"title":"Blog | Summer Wings Cruise","robots":{"index":"index","follow":"follow","max-snippet":"max-snippet:-1","max-image-preview":"max-image-preview:large","max-video-preview":"max-video-preview:-1"},"canonical":"https:\/\/www.summerwingscruise.com\/cs\/blog\/","og_locale":"cs_CZ","og_type":"article","og_title":"Blog | Summer Wings Cruise","og_url":"https:\/\/www.summerwingscruise.com\/cs\/blog\/","og_site_name":"Summer Wings Cruise","article_modified_time":"2024-08-15T21:24:01+00:00","twitter_card":"summary_large_image","schema":{"@context":"https:\/\/schema.org","@graph":[{"@type":"WebPage","@id":"https:\/\/www.summerwingscruise.com\/blog\/","url":"https:\/\/www.summerwingscruise.com\/blog\/","name":"Blog | Summer Wings Cruise","isPartOf":{"@id":"https:\/\/www.summerwingscruise.com\/#website"},"datePublished":"2024-07-23T07:15:16+00:00","dateModified":"2024-08-15T21:24:01+00:00","breadcrumb":{"@id":"https:\/\/www.summerwingscruise.com\/blog\/#breadcrumb"},"inLanguage":"cs","potentialAction":[{"@type":"ReadAction","target":["https:\/\/www.summerwingscruise.com\/blog\/"]}]},{"@type":"BreadcrumbList","@id":"https:\/\/www.summerwingscruise.com\/blog\/#breadcrumb","itemListElement":[{"@type":"ListItem","position":1,"name":"Home","item":"https:\/\/www.summerwingscruise.com\/"},{"@type":"ListItem","position":2,"name":"Blog"}]},{"@type":"WebSite","@id":"https:\/\/www.summerwingscruise.com\/#website","url":"https:\/\/www.summerwingscruise.com\/","name":"Summer Wings Cruise","description":"Plavba po lagun\u011b jihov\u00fdchodn\u00edho Mauricia","potentialAction":[{"@type":"SearchAction","target":{"@type":"EntryPoint","urlTemplate":"https:\/\/www.summerwingscruise.com\/?s={search_term_string}"},"query-input":{"@type":"PropertyValueSpecification","valueRequired":true,"valueName":"search_term_string"}}],"inLanguage":"cs"}]}},"_links":{"self":[{"href":"https:\/\/www.summerwingscruise.com\/cs\/wp-json\/wp\/v2\/pages\/213","targetHints":{"allow":["GET"]}}],"collection":[{"href":"https:\/\/www.summerwingscruise.com\/cs\/wp-json\/wp\/v2\/pages"}],"about":[{"href":"https:\/\/www.summerwingscruise.com\/cs\/wp-json\/wp\/v2\/types\/page"}],"author":[{"embeddable":true,"href":"https:\/\/www.summerwingscruise.com\/cs\/wp-json\/wp\/v2\/users\/1"}],"replies":[{"embeddable":true,"href":"https:\/\/www.summerwingscruise.com\/cs\/wp-json\/wp\/v2\/comments?post=213"}],"version-history":[{"count":5,"href":"https:\/\/www.summerwingscruise.com\/cs\/wp-json\/wp\/v2\/pages\/213\/revisions"}],"predecessor-version":[{"id":265,"href":"https:\/\/www.summerwingscruise.com\/cs\/wp-json\/wp\/v2\/pages\/213\/revisions\/265"}],"wp:attachment":[{"href":"https:\/\/www.summerwingscruise.com\/cs\/wp-json\/wp\/v2\/media?parent=213"}],"curies":[{"name":"wp","href":"https:\/\/api.w.org\/{rel}","templated":true}]}}