{"id":226,"date":"2024-07-24T15:48:09","date_gmt":"2024-07-24T11:48:09","guid":{"rendered":"https:\/\/www.summerwingscruise.com\/?page_id=226"},"modified":"2026-02-25T06:23:47","modified_gmt":"2026-02-25T02:23:47","slug":"puldenni-lov-drobne-zvere","status":"publish","type":"page","link":"https:\/\/www.summerwingscruise.com\/cs\/half-day-small-game-fishing\/","title":{"rendered":"P\u016fldenn\u00ed mal\u00e1 zv\u011b\u0159 Ryba\u0159en\u00ed"},"content":{"rendered":"<section class=\"bde-section-226-100 bde-section\">\n              \n  \n  \n\t\n\n  <div class=\"section-background-overlay\"><\/div>\n\n\n<div class=\"section-container\"><h1 class=\"bde-heading-226-101 bde-heading\">\nP\u016fl dne<br> Small Game Fishing\n<\/h1><\/div>\n<\/section><section class=\"bde-section-226-102 bde-section\">\n  \n  \n\t\n\n\n\n<div class=\"section-container\"><h2 class=\"bde-heading-226-103 bde-heading\">\nP\u016fl-denn\u00ed rybolov soukromou lod\u00ed\n<\/h2><div class=\"bde-icon-list-226-104 bde-icon-list\">\n<ul>\n  <\/ul>\n\n<\/div><div class=\"bde-text-226-105 bde-text\">\nZa\u017eijte vzru\u0161en\u00ed z rybolovu v ohromuj\u00edc\u00edch tyrkysov\u00fdch vod\u00e1ch u pob\u0159e\u017e\u00ed Pointe d'Esny a Mahebourg, regionu zn\u00e1m\u00e9ho svou mo\u0159skou biodiverzitou. Tento bal\u00ed\u010dek Small Game Fishing je ide\u00e1ln\u00ed pro rodiny a ryb\u00e1\u0159sk\u00e9 nad\u0161ence v\u0161ech v\u011bkov\u00fdch kategori\u00ed a nab\u00edz\u00ed z\u00e1bavn\u00fd a obohacuj\u00edc\u00ed z\u00e1\u017eitek v \u00fachvatn\u00e9m prost\u0159ed\u00ed laguny Mauricia.\n<\/div><div class=\"bde-gallery-226-125 bde-gallery\">\n\n\n  \n\n\n\n\n\n\n\n\n\n\n<div class=\"ee-gallery ee-gallery--default ee-gallery--grid ee-gallery--single ee-gallery--lightbox ee-gallery--zoom-out ee-gallery--caption- ee-gallery--caption-none ee-gallery--ratio\">\n                  \n      <a class=\"ee-gallery-item ee-gallery-item--image ee-gallery-item--single\" href=\"https:\/\/www.summerwingscruise.com\/wp-content\/uploads\/2024\/07\/Summer-Wings-Cruise-Small-Game-Fishing.webp\"  data-sub-html=\"<span><\/span>\" data-category=\"1\"                  data-lg-size=\"1000-1333\"\n\n      >\n        <figure class=\"ee-gallery-item-figure\">\n                        <img decoding=\"async\" class=\"breakdance-image-object\" src=\"https:\/\/www.summerwingscruise.com\/wp-content\/uploads\/2024\/07\/Summer-Wings-Cruise-Small-Game-Fishing-768x1024.webp\" width=\"768\" height=\"1024\" srcset=\"https:\/\/www.summerwingscruise.com\/wp-content\/uploads\/2024\/07\/Summer-Wings-Cruise-Small-Game-Fishing.webp 1000w, https:\/\/www.summerwingscruise.com\/wp-content\/uploads\/2024\/07\/Summer-Wings-Cruise-Small-Game-Fishing-225x300.webp 225w, https:\/\/www.summerwingscruise.com\/wp-content\/uploads\/2024\/07\/Summer-Wings-Cruise-Small-Game-Fishing-768x1024.webp 768w\" sizes=\"auto, (max-width: 1000px) 100vw, 1000px\" alt=\"Summer Wings Cruise Small Game Fishing\" loading=\"lazy\">\n          \n                  <\/figure>\n      <\/a>\n\n                \n      <a class=\"ee-gallery-item ee-gallery-item--image ee-gallery-item--single\" href=\"https:\/\/www.summerwingscruise.com\/wp-content\/uploads\/2024\/08\/small-game-fishing-01.webp\"  data-sub-html=\"<span><\/span>\" data-category=\"1\"                  data-lg-size=\"1280-720\"\n\n      >\n        <figure class=\"ee-gallery-item-figure\">\n                        <img decoding=\"async\" class=\"breakdance-image-object\" src=\"https:\/\/www.summerwingscruise.com\/wp-content\/uploads\/2024\/08\/small-game-fishing-01-1024x576.webp\" width=\"1024\" height=\"576\" srcset=\"https:\/\/www.summerwingscruise.com\/wp-content\/uploads\/2024\/08\/small-game-fishing-01.webp 1280w, https:\/\/www.summerwingscruise.com\/wp-content\/uploads\/2024\/08\/small-game-fishing-01-300x169.webp 300w, https:\/\/www.summerwingscruise.com\/wp-content\/uploads\/2024\/08\/small-game-fishing-01-1024x576.webp 1024w, https:\/\/www.summerwingscruise.com\/wp-content\/uploads\/2024\/08\/small-game-fishing-01-768x432.webp 768w, https:\/\/www.summerwingscruise.com\/wp-content\/uploads\/2024\/08\/small-game-fishing-01-18x10.webp 18w\" sizes=\"auto, (max-width: 1280px) 100vw, 1280px\" alt=\"Summer Wings Cruise - Small Game Fishing\" loading=\"lazy\">\n          \n                  <\/figure>\n      <\/a>\n\n                \n      <a class=\"ee-gallery-item ee-gallery-item--image ee-gallery-item--single\" href=\"https:\/\/www.summerwingscruise.com\/wp-content\/uploads\/2024\/08\/small-game-fishing-02.webp\"  data-sub-html=\"<span><\/span>\" data-category=\"1\"                  data-lg-size=\"1280-720\"\n\n      >\n        <figure class=\"ee-gallery-item-figure\">\n                        <img decoding=\"async\" class=\"breakdance-image-object\" src=\"https:\/\/www.summerwingscruise.com\/wp-content\/uploads\/2024\/08\/small-game-fishing-02-1024x576.webp\" width=\"1024\" height=\"576\" srcset=\"https:\/\/www.summerwingscruise.com\/wp-content\/uploads\/2024\/08\/small-game-fishing-02.webp 1280w, https:\/\/www.summerwingscruise.com\/wp-content\/uploads\/2024\/08\/small-game-fishing-02-300x169.webp 300w, https:\/\/www.summerwingscruise.com\/wp-content\/uploads\/2024\/08\/small-game-fishing-02-1024x576.webp 1024w, https:\/\/www.summerwingscruise.com\/wp-content\/uploads\/2024\/08\/small-game-fishing-02-768x432.webp 768w, https:\/\/www.summerwingscruise.com\/wp-content\/uploads\/2024\/08\/small-game-fishing-02-18x10.webp 18w\" sizes=\"auto, (max-width: 1280px) 100vw, 1280px\" alt=\"Summer Wings Cruise - Small Game Fishing\" loading=\"lazy\">\n          \n                  <\/figure>\n      <\/a>\n\n                \n      <a class=\"ee-gallery-item ee-gallery-item--image ee-gallery-item--single\" href=\"https:\/\/www.summerwingscruise.com\/wp-content\/uploads\/2024\/07\/Blue-Bay-Marine-Park-Ile-aux-Aigrettes.webp\"  data-sub-html=\"<span><\/span>\" data-category=\"1\"                  data-lg-size=\"1920-1080\"\n\n      >\n        <figure class=\"ee-gallery-item-figure\">\n                        <img decoding=\"async\" class=\"breakdance-image-object\" src=\"https:\/\/www.summerwingscruise.com\/wp-content\/uploads\/2024\/07\/Blue-Bay-Marine-Park-Ile-aux-Aigrettes-1024x576.webp\" width=\"1024\" height=\"576\" srcset=\"https:\/\/www.summerwingscruise.com\/wp-content\/uploads\/2024\/07\/Blue-Bay-Marine-Park-Ile-aux-Aigrettes.webp 1920w, https:\/\/www.summerwingscruise.com\/wp-content\/uploads\/2024\/07\/Blue-Bay-Marine-Park-Ile-aux-Aigrettes-300x169.webp 300w, https:\/\/www.summerwingscruise.com\/wp-content\/uploads\/2024\/07\/Blue-Bay-Marine-Park-Ile-aux-Aigrettes-1024x576.webp 1024w, https:\/\/www.summerwingscruise.com\/wp-content\/uploads\/2024\/07\/Blue-Bay-Marine-Park-Ile-aux-Aigrettes-768x432.webp 768w, https:\/\/www.summerwingscruise.com\/wp-content\/uploads\/2024\/07\/Blue-Bay-Marine-Park-Ile-aux-Aigrettes-1536x864.webp 1536w\" sizes=\"auto, (max-width: 1920px) 100vw, 1920px\" alt=\"Blue Bay Marine Park - Ile aux Aigrettes\" loading=\"lazy\">\n          \n                  <\/figure>\n      <\/a>\n\n      \n  <\/div>\n\n\n\n<\/div><div class=\"bde-div-226-128 bde-div\">\n  \n  \n\t\n\n\n\n<div class=\"bde-columns-226-129 bde-columns\"><div class=\"bde-column-226-130 bde-column\">\n  \n  \n\t\n\n\n\n<div class=\"bde-rich-text-226-135 bde-rich-text breakdance-rich-text-styles\">\n<h2>Sou\u010d\u00e1st\u00ed va\u0161eho bal\u00ed\u010dku:<\/h2>\n<ul>\n<li><strong>Ryb\u00e1\u0159sk\u00fd v\u00fdlet:<\/strong> U\u017eijte si vzru\u0161uj\u00edc\u00ed ryb\u00e1\u0159sk\u00e9 dobrodru\u017estv\u00ed v kr\u00e1sn\u00e9 lagun\u011b Pointe d&#039;Esny a Mahebourg.<br \/><br \/><\/li>\n<li><strong>Odborn\u00e9 veden\u00ed:<\/strong> N\u00e1\u0161 zku\u0161en\u00fd person\u00e1l bude na palub\u011b, aby poskytl odborn\u00e9 veden\u00ed a zajistil va\u0161i bezpe\u010dnost.<br \/><br \/><\/li>\n<li><strong>Ryb\u00e1\u0159sk\u00e9 vybaven\u00ed a z\u00e1chrann\u00e9 vesty:<\/strong> Ve\u0161ker\u00e9 pot\u0159ebn\u00e9 ryb\u00e1\u0159sk\u00e9 vybaven\u00ed a z\u00e1chrann\u00e9 vesty jsou k dispozici pro va\u0161e pohodl\u00ed.<br \/><br \/><\/li>\n<li><strong>Ob\u010derstven\u00ed:<\/strong> U\u017eijte si bezplatn\u00e9 n\u00e1poje p\u0159i ryba\u0159en\u00ed, kter\u00e9 v\u00e1s udr\u017e\u00ed hydratovan\u00e9 a nabit\u00e9 energi\u00ed.<br \/><br \/><\/li>\n<li><strong>Vezm\u011bte si sv\u016fj \u00falovek dom\u016f:<\/strong> Uloven\u00e9 ryby si nech\u00e1te, co\u017e je lahodn\u00e1 odm\u011bna za va\u0161e \u00fasil\u00ed!<\/li>\n<\/ul>\n<\/div>\n<\/div><div class=\"bde-column-226-132 bde-column\">\n  \n  \n\t\n\n\n\n<div class=\"bde-pricing-table-226-133 bde-pricing-table bde-pricing-table--featured\">\n\n\n\n\n\n<div class='bde-pricing-table__price-area'>\n\n  \n  <div class=\"bde-pricing-table__price-area--amount-and-period-wrapper\">\n\n    <div class=\"bde-pricing-table__price-area--amount\">\n      <span class=\"bde-pricing-table__price-area--amount-currency\" >\n        \u20ac\n      <\/span>\n      <span class=\"bde-pricing-table__price-area--amount-number\">\n        <span class=\"bde-pricing-table__price-area--amount-number-main\" >\n          280\n        <\/span>\n              <\/span>\n    <\/div>\n\n          <span class=\"bde-pricing-table__price-area--billing-period\" >\n        za cestu\n      <\/span>\n    \n  <\/div>\n\n  <\/div>\n\n\n\n\n  <ul class=\"bde-pricing-table__features\">\n    \n                    \n                    \n      \n      <li class=\"bde-pricing-table__features-item bde-pricing-table__features-item--included\">\n        <span class=\"bde-pricing-table__features-icon\">\n                      <svg xmlns=\"http:\/\/www.w3.org\/2000\/svg\" viewbox=\"0 0 24 24\"><path d=\"M18.71,7.21a1,1,0,0,0-1.42,0L9.84,14.67,6.71,11.53A1,1,0,1,0,5.29,13l3.84,3.84a1,1,0,0,0,1.42,0l8.16-8.16A1,1,0,0,0,18.71,7.21Z\"\/><\/svg>\n                  <\/span>\n        <span class=\"bde-pricing-table__features-text\" >\n          Soukrom\u00fd motorov\u00fd \u010dlun\n        <\/span>\n      <\/li>\n    \n                    \n                    \n      \n      <li class=\"bde-pricing-table__features-item bde-pricing-table__features-item--included\">\n        <span class=\"bde-pricing-table__features-icon\">\n                      <svg xmlns=\"http:\/\/www.w3.org\/2000\/svg\" viewbox=\"0 0 24 24\"><path d=\"M18.71,7.21a1,1,0,0,0-1.42,0L9.84,14.67,6.71,11.53A1,1,0,1,0,5.29,13l3.84,3.84a1,1,0,0,0,1.42,0l8.16-8.16A1,1,0,0,0,18.71,7.21Z\"\/><\/svg>\n                  <\/span>\n        <span class=\"bde-pricing-table__features-text\" >\n          Vyhrazen\u00fd kapit\u00e1n a pr\u016fvodce\n        <\/span>\n      <\/li>\n    \n                    \n                    \n      \n      <li class=\"bde-pricing-table__features-item bde-pricing-table__features-item--included\">\n        <span class=\"bde-pricing-table__features-icon\">\n                      <svg xmlns=\"http:\/\/www.w3.org\/2000\/svg\" viewbox=\"0 0 24 24\"><path d=\"M18.71,7.21a1,1,0,0,0-1.42,0L9.84,14.67,6.71,11.53A1,1,0,1,0,5.29,13l3.84,3.84a1,1,0,0,0,1.42,0l8.16-8.16A1,1,0,0,0,18.71,7.21Z\"\/><\/svg>\n                  <\/span>\n        <span class=\"bde-pricing-table__features-text\" >\n          Ryb\u00e1\u0159sk\u00e9 vybaven\u00ed\n        <\/span>\n      <\/li>\n    \n                    \n                    \n      \n      <li class=\"bde-pricing-table__features-item bde-pricing-table__features-item--included\">\n        <span class=\"bde-pricing-table__features-icon\">\n                      <svg xmlns=\"http:\/\/www.w3.org\/2000\/svg\" viewbox=\"0 0 24 24\"><path d=\"M18.71,7.21a1,1,0,0,0-1.42,0L9.84,14.67,6.71,11.53A1,1,0,1,0,5.29,13l3.84,3.84a1,1,0,0,0,1.42,0l8.16-8.16A1,1,0,0,0,18.71,7.21Z\"\/><\/svg>\n                  <\/span>\n        <span class=\"bde-pricing-table__features-text\" >\n          N\u00e1poje v cen\u011b\n        <\/span>\n      <\/li>\n      <\/ul>\n\n    \n                        \n                        \n    \n    \n    \n    \n            \n                    \n            \n            \n\n    \n    \n    \n    \n    \n    <a class=\"breakdance-link button-atom button-atom--custom bde-pricing-table__cta-button\" href=\"https:\/\/wa.me\/23057772051\" target=\"_self\" data-type=\"url\"  >\n\n    \n        <span class=\"button-atom__text\">Rezervace<\/span>\n\n                            \n        \n                <\/a>\n\n    \n\n\n<\/div>\n<\/div><\/div>\n<\/div><div class=\"bde-rich-text-226-134 bde-rich-text breakdance-rich-text-styles\">\n<h4 data-sourcepos=\"13:1-13:13\">Trv\u00e1n\u00ed:<\/h4>\n<ul data-sourcepos=\"15:1-16:0\">\n<li data-sourcepos=\"15:1-16:0\">4 hodiny<\/li>\n<\/ul>\n<h4 data-sourcepos=\"17:1-17:27\"><br \/>Po\u010det \u00fa\u010dastn\u00edk\u016f:<\/h4>\n<ul data-sourcepos=\"19:1-20:0\">\n<li data-sourcepos=\"19:1-20:0\">Maxim\u00e1ln\u011b 5 osob<\/li>\n<\/ul>\n<h4 data-sourcepos=\"21:1-21:27\"><br \/>Dal\u0161\u00ed informace:<\/h4>\n<ul data-sourcepos=\"23:1-26:17\">\n<li data-sourcepos=\"23:1-23:86\"><strong>Ob\u011bd:<\/strong> Ob\u011bd nen\u00ed sou\u010d\u00e1st\u00ed tohoto bal\u00ed\u010dku. Doporu\u010dujeme si p\u0159in\u00e9st vlastn\u00ed ob\u010derstven\u00ed..<\/li>\n<li data-sourcepos=\"24:1-24:94\"><strong>Dozor:<\/strong> Rodi\u010de zodpov\u00eddaj\u00ed za dohled nad sv\u00fdmi d\u011btmi po celou dobu v\u00fdletu.<\/li>\n<li data-sourcepos=\"25:1-25:117\"><strong>Pov\u011btrnostn\u00ed podm\u00ednky:<\/strong> Tato aktivita z\u00e1vis\u00ed na pov\u011btrnostn\u00edch podm\u00ednk\u00e1ch a v p\u0159\u00edpad\u011b nep\u0159\u00edzniv\u00e9ho po\u010das\u00ed m\u016f\u017ee b\u00fdt odlo\u017eena.<\/li>\n<li data-sourcepos=\"26:1-26:17\"><strong>V\u011bkov\u00e9 omezen\u00ed:<\/strong> Minim\u00e1ln\u00ed v\u011bk pro \u00fa\u010dast je 10 let.<\/li>\n<\/ul>\n<h4 data-sourcepos=\"28:1-28:34\"><strong><br \/><\/strong>Va\u0161e ryb\u00e1\u0159sk\u00e9 dobrodru\u017estv\u00ed \u010dek\u00e1:<\/h4>\n<p data-sourcepos=\"30:1-30:408\">Pokud milujete mo\u0159e a vzru\u0161en\u00ed z ryba\u0159en\u00ed, tento bal\u00ed\u010dek je pro v\u00e1s \u0161it\u00fd na m\u00edru! N\u00e1\u0161 odborn\u00fd pr\u016fvodce v\u00e1s zavede na nejlep\u0161\u00ed ryb\u00e1\u0159sk\u00e1 m\u00edsta v lagun\u011b, pod\u011bl\u00ed se o sv\u00e9 znalosti a zajist\u00ed v\u00e1m nezapomenuteln\u00fd z\u00e1\u017eitek. Nezapome\u0148te si fotoapar\u00e1t, abyste zachytili vzru\u0161uj\u00edc\u00ed okam\u017eik nav\u00edjen\u00ed va\u0161eho \u00falovku! Jako bonus si odnesete dom\u016f ulovenou rybu, lahodnou vzpom\u00ednku na va\u0161e dobrodru\u017estv\u00ed.<\/p>\n<p data-sourcepos=\"32:1-32:41\">Zarezervujte si sv\u016fj mal\u00fd ryb\u00e1\u0159sk\u00fd v\u00fdlet a vytvo\u0159te si nezapomenuteln\u00e9 vzpom\u00ednky v kr\u00e1sn\u00e9 lagun\u011b Pointe d&#039;Esny a Mahebourg!<\/p>\n<p data-sourcepos=\"34:1-34:9\"><strong><br \/><br \/><em>Pozn\u00e1mka:<\/em><\/strong><em> <br \/>Tato aktivita z\u00e1vis\u00ed na pov\u011btrnostn\u00edch podm\u00ednk\u00e1ch a bude odlo\u017eena za nep\u0159\u00edzniv\u00e9ho po\u010das\u00ed. <br \/>V\u011bkov\u00e9 omezen\u00ed: Od 10 let.<\/em><\/p>\n<\/div><\/div>\n<\/section>","protected":false},"excerpt":{"rendered":"<p>Half Day Small Game Fishing Half Day: Private Boat Experience the thrill of fishing in the stunning turquoise waters off the coast of Pointe d&#8217;Esny and Mahebourg, a region renowned for its marine biodiversity. This Small Game Fishing package is perfect for families and fishing enthusiasts of all ages, offering a fun and rewarding experience [&hellip;]<\/p>\n","protected":false},"author":1,"featured_media":0,"parent":0,"menu_order":0,"comment_status":"closed","ping_status":"closed","template":"","meta":{"_breakdance_hide_in_design_set":false,"_breakdance_tags":"","footnotes":""},"class_list":["post-226","page","type-page","status-publish","hentry"],"yoast_head":"<!-- This site is optimized with the Yoast SEO plugin v27.0 - https:\/\/yoast.com\/product\/yoast-seo-wordpress\/ -->\n<title>Half Day Small Game Fishing | Summer Wings Cruise<\/title>\n<meta name=\"description\" content=\"Small Game Fishing in Blue Bay lagoon. Private boat, all gear included, refreshments &amp; expert guidance. Fun family adventure for all ages!\" \/>\n<meta name=\"robots\" content=\"index, follow, max-snippet:-1, max-image-preview:large, max-video-preview:-1\" \/>\n<link rel=\"canonical\" href=\"https:\/\/www.summerwingscruise.com\/cs\/puldenni-lov-drobne-zvere\/\" \/>\n<meta property=\"og:locale\" content=\"cs_CZ\" \/>\n<meta property=\"og:type\" content=\"article\" \/>\n<meta property=\"og:title\" content=\"Half Day Small Game Fishing | Summer Wings Cruise\" \/>\n<meta property=\"og:description\" content=\"Small Game Fishing in Blue Bay lagoon. Private boat, all gear included, refreshments &amp; expert guidance. Fun family adventure for all ages!\" \/>\n<meta property=\"og:url\" content=\"https:\/\/www.summerwingscruise.com\/cs\/puldenni-lov-drobne-zvere\/\" \/>\n<meta property=\"og:site_name\" content=\"Summer Wings Cruise\" \/>\n<meta property=\"article:modified_time\" content=\"2026-02-25T02:23:47+00:00\" \/>\n<meta name=\"twitter:card\" content=\"summary_large_image\" \/>\n<meta name=\"twitter:label1\" content=\"Odhadovan\u00e1 doba \u010dten\u00ed\" \/>\n\t<meta name=\"twitter:data1\" content=\"3 minuty\" \/>\n<script type=\"application\/ld+json\" class=\"yoast-schema-graph\">{\"@context\":\"https:\/\/schema.org\",\"@graph\":[{\"@type\":\"WebPage\",\"@id\":\"https:\/\/www.summerwingscruise.com\/half-day-small-game-fishing\/\",\"url\":\"https:\/\/www.summerwingscruise.com\/half-day-small-game-fishing\/\",\"name\":\"Half Day Small Game Fishing | Summer Wings Cruise\",\"isPartOf\":{\"@id\":\"https:\/\/www.summerwingscruise.com\/#website\"},\"datePublished\":\"2024-07-24T11:48:09+00:00\",\"dateModified\":\"2026-02-25T02:23:47+00:00\",\"description\":\"Small Game Fishing in Blue Bay lagoon. Private boat, all gear included, refreshments & expert guidance. Fun family adventure for all ages!\",\"breadcrumb\":{\"@id\":\"https:\/\/www.summerwingscruise.com\/half-day-small-game-fishing\/#breadcrumb\"},\"inLanguage\":\"cs\",\"potentialAction\":[{\"@type\":\"ReadAction\",\"target\":[\"https:\/\/www.summerwingscruise.com\/half-day-small-game-fishing\/\"]}]},{\"@type\":\"BreadcrumbList\",\"@id\":\"https:\/\/www.summerwingscruise.com\/half-day-small-game-fishing\/#breadcrumb\",\"itemListElement\":[{\"@type\":\"ListItem\",\"position\":1,\"name\":\"Home\",\"item\":\"https:\/\/www.summerwingscruise.com\/\"},{\"@type\":\"ListItem\",\"position\":2,\"name\":\"Half Day Small Game Fishing\"}]},{\"@type\":\"WebSite\",\"@id\":\"https:\/\/www.summerwingscruise.com\/#website\",\"url\":\"https:\/\/www.summerwingscruise.com\/\",\"name\":\"Summer Wings Cruise\",\"description\":\"Cruise the Lagoon of South-East Mauritius\",\"potentialAction\":[{\"@type\":\"SearchAction\",\"target\":{\"@type\":\"EntryPoint\",\"urlTemplate\":\"https:\/\/www.summerwingscruise.com\/?s={search_term_string}\"},\"query-input\":{\"@type\":\"PropertyValueSpecification\",\"valueRequired\":true,\"valueName\":\"search_term_string\"}}],\"inLanguage\":\"cs\"}]}<\/script>\n<!-- \/ Yoast SEO plugin. -->","yoast_head_json":{"title":"P\u016fldenn\u00ed ryba\u0159en\u00ed na malou zv\u011b\u0159 | Summer Wings Cruise","description":"Small Game Fishing v lagun\u011b Blue Bay. Soukrom\u00e1 lo\u010f, ve\u0161ker\u00e9 vybaven\u00ed v cen\u011b, ob\u010derstven\u00ed a odborn\u00e9 veden\u00ed. Z\u00e1bavn\u00e9 rodinn\u00e9 dobrodru\u017estv\u00ed pro v\u0161echny v\u011bkov\u00e9 kategorie!","robots":{"index":"index","follow":"follow","max-snippet":"max-snippet:-1","max-image-preview":"max-image-preview:large","max-video-preview":"max-video-preview:-1"},"canonical":"https:\/\/www.summerwingscruise.com\/cs\/puldenni-lov-drobne-zvere\/","og_locale":"cs_CZ","og_type":"article","og_title":"Half Day Small Game Fishing | Summer Wings Cruise","og_description":"Small Game Fishing in Blue Bay lagoon. Private boat, all gear included, refreshments & expert guidance. Fun family adventure for all ages!","og_url":"https:\/\/www.summerwingscruise.com\/cs\/puldenni-lov-drobne-zvere\/","og_site_name":"Summer Wings Cruise","article_modified_time":"2026-02-25T02:23:47+00:00","twitter_card":"summary_large_image","twitter_misc":{"Odhadovan\u00e1 doba \u010dten\u00ed":"3 minuty"},"schema":{"@context":"https:\/\/schema.org","@graph":[{"@type":"WebPage","@id":"https:\/\/www.summerwingscruise.com\/half-day-small-game-fishing\/","url":"https:\/\/www.summerwingscruise.com\/half-day-small-game-fishing\/","name":"P\u016fldenn\u00ed ryba\u0159en\u00ed na malou zv\u011b\u0159 | Summer Wings Cruise","isPartOf":{"@id":"https:\/\/www.summerwingscruise.com\/#website"},"datePublished":"2024-07-24T11:48:09+00:00","dateModified":"2026-02-25T02:23:47+00:00","description":"Small Game Fishing v lagun\u011b Blue Bay. Soukrom\u00e1 lo\u010f, ve\u0161ker\u00e9 vybaven\u00ed v cen\u011b, ob\u010derstven\u00ed a odborn\u00e9 veden\u00ed. Z\u00e1bavn\u00e9 rodinn\u00e9 dobrodru\u017estv\u00ed pro v\u0161echny v\u011bkov\u00e9 kategorie!","breadcrumb":{"@id":"https:\/\/www.summerwingscruise.com\/half-day-small-game-fishing\/#breadcrumb"},"inLanguage":"cs","potentialAction":[{"@type":"ReadAction","target":["https:\/\/www.summerwingscruise.com\/half-day-small-game-fishing\/"]}]},{"@type":"BreadcrumbList","@id":"https:\/\/www.summerwingscruise.com\/half-day-small-game-fishing\/#breadcrumb","itemListElement":[{"@type":"ListItem","position":1,"name":"Home","item":"https:\/\/www.summerwingscruise.com\/"},{"@type":"ListItem","position":2,"name":"Half Day Small Game Fishing"}]},{"@type":"WebSite","@id":"https:\/\/www.summerwingscruise.com\/#website","url":"https:\/\/www.summerwingscruise.com\/","name":"Summer Wings Cruise","description":"Plavba po lagun\u011b jihov\u00fdchodn\u00edho Mauricia","potentialAction":[{"@type":"SearchAction","target":{"@type":"EntryPoint","urlTemplate":"https:\/\/www.summerwingscruise.com\/?s={search_term_string}"},"query-input":{"@type":"PropertyValueSpecification","valueRequired":true,"valueName":"search_term_string"}}],"inLanguage":"cs"}]}},"_links":{"self":[{"href":"https:\/\/www.summerwingscruise.com\/cs\/wp-json\/wp\/v2\/pages\/226","targetHints":{"allow":["GET"]}}],"collection":[{"href":"https:\/\/www.summerwingscruise.com\/cs\/wp-json\/wp\/v2\/pages"}],"about":[{"href":"https:\/\/www.summerwingscruise.com\/cs\/wp-json\/wp\/v2\/types\/page"}],"author":[{"embeddable":true,"href":"https:\/\/www.summerwingscruise.com\/cs\/wp-json\/wp\/v2\/users\/1"}],"replies":[{"embeddable":true,"href":"https:\/\/www.summerwingscruise.com\/cs\/wp-json\/wp\/v2\/comments?post=226"}],"version-history":[{"count":10,"href":"https:\/\/www.summerwingscruise.com\/cs\/wp-json\/wp\/v2\/pages\/226\/revisions"}],"predecessor-version":[{"id":607,"href":"https:\/\/www.summerwingscruise.com\/cs\/wp-json\/wp\/v2\/pages\/226\/revisions\/607"}],"wp:attachment":[{"href":"https:\/\/www.summerwingscruise.com\/cs\/wp-json\/wp\/v2\/media?parent=226"}],"curies":[{"name":"wp","href":"https:\/\/api.w.org\/{rel}","templated":true}]}}