{"id":135,"date":"2024-04-18T23:27:48","date_gmt":"2024-04-18T19:27:48","guid":{"rendered":"https:\/\/www.summerwingscruise.com\/?page_id=135"},"modified":"2025-12-28T14:52:53","modified_gmt":"2025-12-28T10:52:53","slug":"halbtages-exklusivpaket","status":"publish","type":"page","link":"https:\/\/www.summerwingscruise.com\/de\/half-day-exclusive-package\/","title":{"rendered":"Halbtages-Exklusivpaket"},"content":{"rendered":"<section class=\"bde-section-135-133 bde-section\">\n              \n  \n  \n\t\n\n  <div class=\"section-background-overlay\"><\/div>\n\n\n<div class=\"section-container\"><h1 class=\"bde-heading-135-134 bde-heading\">\nHalber Tag<br> Exklusiv-Paket\n<\/h1><\/div>\n<\/section><section class=\"bde-section-135-135 bde-section\">\n  \n  \n\t\n\n\n\n<div class=\"section-container\"><h2 class=\"bde-heading-135-136 bde-heading\">\nHalber Tag: Privates Boot\n<\/h2><div class=\"bde-icon-list-135-137 bde-icon-list\">\n<ul>\n  \n              \n    <li>\n              <div class='bde-icon-list__item-wrapper'>\n      \n      <span class='bde-icon-list__icon'>\n        <svg xmlns=\"http:\/\/www.w3.org\/2000\/svg\" viewbox=\"0 0 512 512\"><!-- Font Awesome Free 5.15.1 by @fontawesome - https:\/\/fontawesome.com License - https:\/\/fontawesome.com\/license\/free (Icons: CC BY 4.0, Fonts: SIL OFL 1.1, Code: MIT License) --><path d=\"M256 8C119 8 8 119 8 256s111 248 248 248 248-111 248-248S393 8 256 8zm0 448c-110.5 0-200-89.5-200-200S145.5 56 256 56s200 89.5 200 200-89.5 200-200 200zm61.8-104.4l-84.9-61.7c-3.1-2.3-4.9-5.9-4.9-9.7V116c0-6.6 5.4-12 12-12h32c6.6 0 12 5.4 12 12v141.7l66.8 48.6c5.4 3.9 6.5 11.4 2.6 16.8L334.6 349c-3.9 5.3-11.4 6.5-16.8 2.6z\"\/><\/svg>\n      <\/span>\n      <span class='bde-icon-list__text' >\n      Von 9:30 bis 13:30 Uhr.\n      <\/span>\n              <\/div>\n      \n    <\/li>\n\n  <\/ul>\n\n<\/div><div class=\"bde-text-135-138 bde-text\">\nErleben Sie den Nervenkitzel eines Halbtages-Exklusivpakets, einem luxuri\u00f6sen Ausflug auf einem privaten Schnellboot, das ganz auf Ihre W\u00fcnsche zugeschnitten ist. <br>Entdecken Sie atemberaubende Buchten und malerische Str\u00e4nde und lassen Sie sich von der bunten Vielfalt des Meereslebens unter dem kristallklaren Wasser \u00fcberraschen.\n<\/div><h3 class=\"bde-heading-135-139 bde-heading\">\nDie Reiseroute:\n<\/h3><div class=\"bde-columns-135-140 bde-columns\"><div class=\"bde-column-135-141 bde-column\">\n  \n  \n\t\n\n\n\n<div class=\"bde-div-135-142 bde-div\">\n  \n  \n\t\n\n\n\n<h5 class=\"bde-heading-135-143 bde-heading\">\n1. Schnorcheln im Blue Bay Marine Park:\n<\/h5><div class=\"bde-text-135-144 bde-text\">\nDer Blue Bay Marine Park bietet kristallklares Wasser, herausragende Korallenb\u00e4nke und ein lebendiges Unterwasserleben, das Sie in Erstaunen versetzen wird. Erkunden Sie die gro\u00dfen verzweigten und flachen Korallenb\u00e4nke, die eine Vielzahl von Wasserarten beheimaten, darunter Schw\u00e4rme von Doktorfischen, Papageienfischen, Riffbarschen, Meeresschildkr\u00f6ten, Sergeant-Major-Fischen und Idolen. Bleiben Sie in den ausgewiesenen Schnorchelzonen f\u00fcr ein sicheres und unvergessliches Erlebnis in diesem hoch angesehenen Park.\n<\/div>\n<\/div><div class=\"bde-div-135-145 bde-div\">\n  \n  \n\t\n\n\n\n<h5 class=\"bde-heading-135-146 bde-heading\">\n2. Schiffswrack-Erkundung:\n<\/h5><div class=\"bde-text-135-147 bde-text\">\nEntdecken Sie die faszinierende Geschichte des Wracks der Dalblair, eines imposanten britischen Dampfschiffs, das 1902 w\u00e4hrend eines heftigen Sturms vor der K\u00fcste von Mauritius sein schicksalhaftes Ende fand. Erkunden Sie die unheimlichen \u00dcberreste dieses Schiffswracks, das jetzt in ein k\u00fcnstliches Riff voller Meereslebewesen verwandelt wurde, w\u00e4hrend Sie in den Gew\u00e4ssern in der N\u00e4he von Pointe D&#039;Esny schnorcheln. Lassen Sie Ihren Guide die Geheimnisse rund um dieses historische Wrack l\u00fcften.\n<\/div>\n<\/div><div class=\"bde-div-135-148 bde-div\">\n  \n  \n\t\n\n\n\n<h5 class=\"bde-heading-135-149 bde-heading\">\n3. Schnorcheln auf der Insel Aigrette:\n<\/h5><div class=\"bde-text-135-150 bde-text\">\nEntfliehen Sie an die Ostk\u00fcste von Mauritius, die f\u00fcr ihre au\u00dfergew\u00f6hnlichen Schnorchelm\u00f6glichkeiten bekannt ist. Der ruhige Blue Bay Marine Park bietet eine Oase der Ruhe. Tauchen Sie ein in das kristallklare Wasser rund um die Insel Aigrette, ein Naturschutzgebiet mit unber\u00fchrten Koralleng\u00e4rten und einer F\u00fclle von Meereslebewesen.\n<\/div>\n<\/div>\n<\/div><div class=\"bde-column-135-154 bde-column\">\n  \n  \n\t\n\n\n\n<div class=\"bde-div-135-158 bde-div\">\n  \n  \n\t\n\n\n\n<h5 class=\"bde-heading-135-159 bde-heading\">\n4. Grand River South East: Wasserfallspektakel\n<\/h5><div class=\"bde-text-135-160 bde-text\">\nBestaunen Sie die Erhabenheit des Grand River South East-Wasserfalls, des l\u00e4ngsten Flusses auf Mauritius, wo die Grenzen zwischen Land und Meer in einem spektakul\u00e4ren Naturschauspiel verschwimmen. Erleben Sie die tosenden Kaskaden, die in die Flussm\u00fcndung st\u00fcrzen, die mit dem Boot erreichbar ist und einen unvergleichlichen Aussichtspunkt bietet. Lassen Sie sich von Ihrem Reiseleiter die geologischen Wunder enth\u00fcllen, die dieses au\u00dfergew\u00f6hnliche Naturwunder geformt haben.\n<\/div>\n<\/div><div class=\"bde-div-135-161 bde-div\">\n  \n  \n\t\n\n\n\n<h5 class=\"bde-heading-135-162 bde-heading\">\n5. Entdecken Sie Ile aux Cerf:\n<\/h5><div class=\"bde-text-135-163 bde-text\">\nErkunden Sie die idyllische Ile aux Cerfs, ein malerisches Inselparadies vor Trou d&#039;Eau Douce, mit unber\u00fchrten wei\u00dfen Sandstr\u00e4nden, abgeschiedenen Naturpfaden und einer Vielzahl aufregender Wassersportaktivit\u00e4ten. Genie\u00dfen Sie die W\u00e4rme der Sonne, wandern Sie durch die Naturwunder der Insel oder nehmen Sie an freundschaftlichen Wassersportwettbewerben teil \u2013 Sie haben die Wahl.\n<\/div>\n<\/div>\n<\/div><\/div><div class=\"bde-gallery-135-164 bde-gallery\">\n\n\n  \n\n\n\n\n\n\n\n\n\n\n<div class=\"ee-gallery ee-gallery--default ee-gallery--grid ee-gallery--single ee-gallery--lightbox ee-gallery--zoom-out ee-gallery--caption- ee-gallery--caption-none ee-gallery--ratio\">\n                  \n      <a class=\"ee-gallery-item ee-gallery-item--image ee-gallery-item--single\" href=\"https:\/\/www.summerwingscruise.com\/wp-content\/uploads\/2024\/03\/309898323_128186893329572_3291743308928035_n.jpg\"  data-sub-html=\"<span><\/span>\" data-category=\"1\"                  data-lg-size=\"1280-720\"\n\n      >\n        <figure class=\"ee-gallery-item-figure\">\n                        <img decoding=\"async\" class=\"breakdance-image-object\" src=\"https:\/\/www.summerwingscruise.com\/wp-content\/uploads\/2024\/03\/309898323_128186893329572_3291743308928035_n-1024x576.jpg\" width=\"1024\" height=\"576\" srcset=\"https:\/\/www.summerwingscruise.com\/wp-content\/uploads\/2024\/03\/309898323_128186893329572_3291743308928035_n.jpg 1280w, https:\/\/www.summerwingscruise.com\/wp-content\/uploads\/2024\/03\/309898323_128186893329572_3291743308928035_n-300x169.jpg 300w, https:\/\/www.summerwingscruise.com\/wp-content\/uploads\/2024\/03\/309898323_128186893329572_3291743308928035_n-1024x576.jpg 1024w, https:\/\/www.summerwingscruise.com\/wp-content\/uploads\/2024\/03\/309898323_128186893329572_3291743308928035_n-768x432.jpg 768w\" sizes=\"auto, (max-width: 1280px) 100vw, 1280px\" alt=\"Summer Wings Cruise Schiffswrack-Erkundung\" loading=\"lazy\">\n          \n                  <\/figure>\n      <\/a>\n\n                \n      <a class=\"ee-gallery-item ee-gallery-item--image ee-gallery-item--single\" href=\"https:\/\/www.summerwingscruise.com\/wp-content\/uploads\/2024\/03\/Background-image.jpg\"  data-sub-html=\"<span><\/span>\" data-category=\"1\"                  data-lg-size=\"1360-766\"\n\n      >\n        <figure class=\"ee-gallery-item-figure\">\n                        <img decoding=\"async\" class=\"breakdance-image-object\" src=\"https:\/\/www.summerwingscruise.com\/wp-content\/uploads\/2024\/03\/Background-image-1024x577.jpg\" width=\"1024\" height=\"577\" srcset=\"https:\/\/www.summerwingscruise.com\/wp-content\/uploads\/2024\/03\/Background-image.jpg 1360w, https:\/\/www.summerwingscruise.com\/wp-content\/uploads\/2024\/03\/Background-image-300x169.jpg 300w, https:\/\/www.summerwingscruise.com\/wp-content\/uploads\/2024\/03\/Background-image-1024x577.jpg 1024w, https:\/\/www.summerwingscruise.com\/wp-content\/uploads\/2024\/03\/Background-image-768x433.jpg 768w\" sizes=\"auto, (max-width: 1360px) 100vw, 1360px\" alt=\"Summer Wings Cruise Blick auf den Leuchtturm Ile aux Fouquets (\u00cele au Phare) auf Mauritius\" loading=\"lazy\">\n          \n                  <\/figure>\n      <\/a>\n\n                \n      <a class=\"ee-gallery-item ee-gallery-item--image ee-gallery-item--single\" href=\"https:\/\/www.summerwingscruise.com\/wp-content\/uploads\/2024\/03\/301881328_119736417501247_3212705028377161828_n.jpg\"  data-sub-html=\"<span><\/span>\" data-category=\"1\"                  data-lg-size=\"1280-886\"\n\n      >\n        <figure class=\"ee-gallery-item-figure\">\n                        <img decoding=\"async\" class=\"breakdance-image-object\" src=\"https:\/\/www.summerwingscruise.com\/wp-content\/uploads\/2024\/03\/301881328_119736417501247_3212705028377161828_n-1024x709.jpg\" width=\"1024\" height=\"709\" srcset=\"https:\/\/www.summerwingscruise.com\/wp-content\/uploads\/2024\/03\/301881328_119736417501247_3212705028377161828_n.jpg 1280w, https:\/\/www.summerwingscruise.com\/wp-content\/uploads\/2024\/03\/301881328_119736417501247_3212705028377161828_n-300x208.jpg 300w, https:\/\/www.summerwingscruise.com\/wp-content\/uploads\/2024\/03\/301881328_119736417501247_3212705028377161828_n-1024x709.jpg 1024w, https:\/\/www.summerwingscruise.com\/wp-content\/uploads\/2024\/03\/301881328_119736417501247_3212705028377161828_n-768x532.jpg 768w\" sizes=\"auto, (max-width: 1280px) 100vw, 1280px\" alt=\"Summer Wings Cruise zur Leuchtturminsel (\u00cele au Phare)\" loading=\"lazy\">\n          \n                  <\/figure>\n      <\/a>\n\n                \n      <a class=\"ee-gallery-item ee-gallery-item--image ee-gallery-item--single\" href=\"https:\/\/www.summerwingscruise.com\/wp-content\/uploads\/2024\/03\/2023-11-27-1.jpg\"  data-sub-html=\"<span><\/span>\" data-category=\"1\"                  data-lg-size=\"1360-766\"\n\n      >\n        <figure class=\"ee-gallery-item-figure\">\n                        <img decoding=\"async\" class=\"breakdance-image-object\" src=\"https:\/\/www.summerwingscruise.com\/wp-content\/uploads\/2024\/03\/2023-11-27-1-1024x577.jpg\" width=\"1024\" height=\"577\" srcset=\"https:\/\/www.summerwingscruise.com\/wp-content\/uploads\/2024\/03\/2023-11-27-1.jpg 1360w, https:\/\/www.summerwingscruise.com\/wp-content\/uploads\/2024\/03\/2023-11-27-1-300x169.jpg 300w, https:\/\/www.summerwingscruise.com\/wp-content\/uploads\/2024\/03\/2023-11-27-1-1024x577.jpg 1024w, https:\/\/www.summerwingscruise.com\/wp-content\/uploads\/2024\/03\/2023-11-27-1-768x433.jpg 768w\" sizes=\"auto, (max-width: 1360px) 100vw, 1360px\" alt=\"Summer Wings Cruise Grand River South East Wasserf\u00e4lle\" loading=\"lazy\">\n          \n                  <\/figure>\n      <\/a>\n\n      \n  <\/div>\n\n\n\n<\/div><div class=\"bde-div-135-165 bde-div\">\n  \n  \n\t\n\n\n\n<div class=\"bde-columns-135-168 bde-columns\"><div class=\"bde-column-135-175 bde-column\">\n  \n  \n\t\n\n\n\n<div class=\"bde-rich-text-135-167 bde-rich-text breakdance-rich-text-styles\">\n<h2>In Ihrem Paket enthalten:<\/h2>\n<p>Ihr unvergessliches Abenteuer wird durch kostenlose Getr\u00e4nke und eine hochwertige Schnorchelausr\u00fcstung noch reizvoller, um Ihren gr\u00f6\u00dftm\u00f6glichen Komfort und Genuss w\u00e4hrend des gesamten Ausflugs zu gew\u00e4hrleisten.<\/p>\n<\/div>\n<\/div><div class=\"bde-column-135-176 bde-column\">\n  \n  \n\t\n\n\n\n<div class=\"bde-pricing-table-135-177 bde-pricing-table bde-pricing-table--featured\">\n\n\n\n\n\n<div class='bde-pricing-table__price-area'>\n\n  \n  <div class=\"bde-pricing-table__price-area--amount-and-period-wrapper\">\n\n    <div class=\"bde-pricing-table__price-area--amount\">\n      <span class=\"bde-pricing-table__price-area--amount-currency\" >\n        \u20ac\n      <\/span>\n      <span class=\"bde-pricing-table__price-area--amount-number\">\n        <span class=\"bde-pricing-table__price-area--amount-number-main\" >\n          280\n        <\/span>\n              <\/span>\n    <\/div>\n\n          <span class=\"bde-pricing-table__price-area--billing-period\" >\n        f\u00fcr 4 Personen\n      <\/span>\n    \n  <\/div>\n\n  <\/div>\n\n\n\n\n  <ul class=\"bde-pricing-table__features\">\n    \n                    \n                    \n      \n      <li class=\"bde-pricing-table__features-item bde-pricing-table__features-item--included\">\n        <span class=\"bde-pricing-table__features-icon\">\n                      <svg xmlns=\"http:\/\/www.w3.org\/2000\/svg\" viewbox=\"0 0 24 24\"><path d=\"M18.71,7.21a1,1,0,0,0-1.42,0L9.84,14.67,6.71,11.53A1,1,0,1,0,5.29,13l3.84,3.84a1,1,0,0,0,1.42,0l8.16-8.16A1,1,0,0,0,18.71,7.21Z\"\/><\/svg>\n                  <\/span>\n        <span class=\"bde-pricing-table__features-text\" >\n          Schnellboot-Touren\n        <\/span>\n      <\/li>\n    \n                    \n                    \n      \n      <li class=\"bde-pricing-table__features-item bde-pricing-table__features-item--included\">\n        <span class=\"bde-pricing-table__features-icon\">\n                      <svg xmlns=\"http:\/\/www.w3.org\/2000\/svg\" viewbox=\"0 0 24 24\"><path d=\"M18.71,7.21a1,1,0,0,0-1.42,0L9.84,14.67,6.71,11.53A1,1,0,1,0,5.29,13l3.84,3.84a1,1,0,0,0,1.42,0l8.16-8.16A1,1,0,0,0,18.71,7.21Z\"\/><\/svg>\n                  <\/span>\n        <span class=\"bde-pricing-table__features-text\" >\n          Eigener Skipper &amp; Guide\n        <\/span>\n      <\/li>\n    \n                    \n                    \n      \n      <li class=\"bde-pricing-table__features-item bde-pricing-table__features-item--included\">\n        <span class=\"bde-pricing-table__features-icon\">\n                      <svg xmlns=\"http:\/\/www.w3.org\/2000\/svg\" viewbox=\"0 0 24 24\"><path d=\"M18.71,7.21a1,1,0,0,0-1.42,0L9.84,14.67,6.71,11.53A1,1,0,1,0,5.29,13l3.84,3.84a1,1,0,0,0,1.42,0l8.16-8.16A1,1,0,0,0,18.71,7.21Z\"\/><\/svg>\n                  <\/span>\n        <span class=\"bde-pricing-table__features-text\" >\n          Inklusive Getr\u00e4nke\n        <\/span>\n      <\/li>\n      <\/ul>\n\n    \n                        \n                        \n    \n    \n    \n    \n            \n                    \n            \n            \n\n    \n    \n    \n    \n    \n    <a class=\"breakdance-link button-atom button-atom--custom bde-pricing-table__cta-button\" href=\"https:\/\/wa.me\/23057772051\" target=\"_self\" data-type=\"url\"  >\n\n    \n        <span class=\"button-atom__text\">Jetzt buchen<\/span>\n\n                            \n        \n                <\/a>\n\n    \n\n\n<\/div>\n<\/div><\/div>\n<\/div><\/div>\n<\/section>","protected":false},"excerpt":{"rendered":"<p>Half Day Exclusive Package Half Day: Private Boat From 9:30 to 13:30. Embrace the thrill of a Half Day Exclusive Package, a luxurious escape on a private speed boat tailored to your desires. Discover breathtaking coves, picturesque beaches, and be amazed at the multicolored array of marine life beneath the crystal-clear waters. The Itinerary: 1. [&hellip;]<\/p>\n","protected":false},"author":1,"featured_media":0,"parent":0,"menu_order":0,"comment_status":"closed","ping_status":"closed","template":"","meta":{"_breakdance_hide_in_design_set":false,"_breakdance_tags":"","footnotes":""},"class_list":["post-135","page","type-page","status-publish","hentry"],"yoast_head":"<!-- This site is optimized with the Yoast SEO plugin v27.0 - https:\/\/yoast.com\/product\/yoast-seo-wordpress\/ -->\n<title>Half Day Exclusive Package on a Private Speed Boat | Summer Wings Cruise<\/title>\n<meta name=\"description\" content=\"Embrace the thrill of a Half Day Exclusive Package, a luxurious escape on a private speed boat tailored to your desires.\" \/>\n<meta name=\"robots\" content=\"index, follow, max-snippet:-1, max-image-preview:large, max-video-preview:-1\" \/>\n<link rel=\"canonical\" href=\"https:\/\/www.summerwingscruise.com\/de\/halbtages-exklusivpaket\/\" \/>\n<meta property=\"og:locale\" content=\"de_DE\" \/>\n<meta property=\"og:type\" content=\"article\" \/>\n<meta property=\"og:title\" content=\"Half Day Exclusive Package on a Private Speed Boat | Summer Wings Cruise\" \/>\n<meta property=\"og:description\" content=\"Embrace the thrill of a Half Day Exclusive Package, a luxurious escape on a private speed boat tailored to your desires.\" \/>\n<meta property=\"og:url\" content=\"https:\/\/www.summerwingscruise.com\/de\/halbtages-exklusivpaket\/\" \/>\n<meta property=\"og:site_name\" content=\"Summer Wings Cruise\" \/>\n<meta property=\"article:modified_time\" content=\"2025-12-28T10:52:53+00:00\" \/>\n<meta name=\"twitter:card\" content=\"summary_large_image\" \/>\n<meta name=\"twitter:label1\" content=\"Gesch\u00e4tzte Lesezeit\" \/>\n\t<meta name=\"twitter:data1\" content=\"3\u00a0Minuten\" \/>\n<script type=\"application\/ld+json\" class=\"yoast-schema-graph\">{\"@context\":\"https:\/\/schema.org\",\"@graph\":[{\"@type\":\"WebPage\",\"@id\":\"https:\/\/www.summerwingscruise.com\/half-day-exclusive-package\/\",\"url\":\"https:\/\/www.summerwingscruise.com\/half-day-exclusive-package\/\",\"name\":\"Half Day Exclusive Package on a Private Speed Boat | Summer Wings Cruise\",\"isPartOf\":{\"@id\":\"https:\/\/www.summerwingscruise.com\/#website\"},\"datePublished\":\"2024-04-18T19:27:48+00:00\",\"dateModified\":\"2025-12-28T10:52:53+00:00\",\"description\":\"Embrace the thrill of a Half Day Exclusive Package, a luxurious escape on a private speed boat tailored to your desires.\",\"breadcrumb\":{\"@id\":\"https:\/\/www.summerwingscruise.com\/half-day-exclusive-package\/#breadcrumb\"},\"inLanguage\":\"de\",\"potentialAction\":[{\"@type\":\"ReadAction\",\"target\":[\"https:\/\/www.summerwingscruise.com\/half-day-exclusive-package\/\"]}]},{\"@type\":\"BreadcrumbList\",\"@id\":\"https:\/\/www.summerwingscruise.com\/half-day-exclusive-package\/#breadcrumb\",\"itemListElement\":[{\"@type\":\"ListItem\",\"position\":1,\"name\":\"Home\",\"item\":\"https:\/\/www.summerwingscruise.com\/\"},{\"@type\":\"ListItem\",\"position\":2,\"name\":\"Half Day Exclusive Package\"}]},{\"@type\":\"WebSite\",\"@id\":\"https:\/\/www.summerwingscruise.com\/#website\",\"url\":\"https:\/\/www.summerwingscruise.com\/\",\"name\":\"Summer Wings Cruise\",\"description\":\"Cruise the Lagoon of South-East Mauritius\",\"potentialAction\":[{\"@type\":\"SearchAction\",\"target\":{\"@type\":\"EntryPoint\",\"urlTemplate\":\"https:\/\/www.summerwingscruise.com\/?s={search_term_string}\"},\"query-input\":{\"@type\":\"PropertyValueSpecification\",\"valueRequired\":true,\"valueName\":\"search_term_string\"}}],\"inLanguage\":\"de\"}]}<\/script>\n<!-- \/ Yoast SEO plugin. -->","yoast_head_json":{"title":"Halbt\u00e4giges Exklusivpaket auf einem privaten Schnellboot | Summer Wings Cruise","description":"Erleben Sie den Nervenkitzel eines Halbtages-Exklusivpakets, einem luxuri\u00f6sen Ausflug auf einem privaten Schnellboot, das ganz auf Ihre W\u00fcnsche zugeschnitten ist.","robots":{"index":"index","follow":"follow","max-snippet":"max-snippet:-1","max-image-preview":"max-image-preview:large","max-video-preview":"max-video-preview:-1"},"canonical":"https:\/\/www.summerwingscruise.com\/de\/halbtages-exklusivpaket\/","og_locale":"de_DE","og_type":"article","og_title":"Half Day Exclusive Package on a Private Speed Boat | Summer Wings Cruise","og_description":"Embrace the thrill of a Half Day Exclusive Package, a luxurious escape on a private speed boat tailored to your desires.","og_url":"https:\/\/www.summerwingscruise.com\/de\/halbtages-exklusivpaket\/","og_site_name":"Summer Wings Cruise","article_modified_time":"2025-12-28T10:52:53+00:00","twitter_card":"summary_large_image","twitter_misc":{"Gesch\u00e4tzte Lesezeit":"3\u00a0Minuten"},"schema":{"@context":"https:\/\/schema.org","@graph":[{"@type":"WebPage","@id":"https:\/\/www.summerwingscruise.com\/half-day-exclusive-package\/","url":"https:\/\/www.summerwingscruise.com\/half-day-exclusive-package\/","name":"Halbt\u00e4giges Exklusivpaket auf einem privaten Schnellboot | Summer Wings Cruise","isPartOf":{"@id":"https:\/\/www.summerwingscruise.com\/#website"},"datePublished":"2024-04-18T19:27:48+00:00","dateModified":"2025-12-28T10:52:53+00:00","description":"Erleben Sie den Nervenkitzel eines Halbtages-Exklusivpakets, einem luxuri\u00f6sen Ausflug auf einem privaten Schnellboot, das ganz auf Ihre W\u00fcnsche zugeschnitten ist.","breadcrumb":{"@id":"https:\/\/www.summerwingscruise.com\/half-day-exclusive-package\/#breadcrumb"},"inLanguage":"de","potentialAction":[{"@type":"ReadAction","target":["https:\/\/www.summerwingscruise.com\/half-day-exclusive-package\/"]}]},{"@type":"BreadcrumbList","@id":"https:\/\/www.summerwingscruise.com\/half-day-exclusive-package\/#breadcrumb","itemListElement":[{"@type":"ListItem","position":1,"name":"Home","item":"https:\/\/www.summerwingscruise.com\/"},{"@type":"ListItem","position":2,"name":"Half Day Exclusive Package"}]},{"@type":"WebSite","@id":"https:\/\/www.summerwingscruise.com\/#website","url":"https:\/\/www.summerwingscruise.com\/","name":"Summer Wings Cruise","description":"Machen Sie eine Kreuzfahrt durch die Lagune im S\u00fcdosten von Mauritius","potentialAction":[{"@type":"SearchAction","target":{"@type":"EntryPoint","urlTemplate":"https:\/\/www.summerwingscruise.com\/?s={search_term_string}"},"query-input":{"@type":"PropertyValueSpecification","valueRequired":true,"valueName":"search_term_string"}}],"inLanguage":"de"}]}},"_links":{"self":[{"href":"https:\/\/www.summerwingscruise.com\/de\/wp-json\/wp\/v2\/pages\/135","targetHints":{"allow":["GET"]}}],"collection":[{"href":"https:\/\/www.summerwingscruise.com\/de\/wp-json\/wp\/v2\/pages"}],"about":[{"href":"https:\/\/www.summerwingscruise.com\/de\/wp-json\/wp\/v2\/types\/page"}],"author":[{"embeddable":true,"href":"https:\/\/www.summerwingscruise.com\/de\/wp-json\/wp\/v2\/users\/1"}],"replies":[{"embeddable":true,"href":"https:\/\/www.summerwingscruise.com\/de\/wp-json\/wp\/v2\/comments?post=135"}],"version-history":[{"count":7,"href":"https:\/\/www.summerwingscruise.com\/de\/wp-json\/wp\/v2\/pages\/135\/revisions"}],"predecessor-version":[{"id":593,"href":"https:\/\/www.summerwingscruise.com\/de\/wp-json\/wp\/v2\/pages\/135\/revisions\/593"}],"wp:attachment":[{"href":"https:\/\/www.summerwingscruise.com\/de\/wp-json\/wp\/v2\/media?parent=135"}],"curies":[{"name":"wp","href":"https:\/\/api.w.org\/{rel}","templated":true}]}}