{"id":226,"date":"2024-07-24T15:48:09","date_gmt":"2024-07-24T11:48:09","guid":{"rendered":"https:\/\/www.summerwingscruise.com\/?page_id=226"},"modified":"2026-02-25T06:23:47","modified_gmt":"2026-02-25T02:23:47","slug":"halbtagiges-angeln-auf-kleine-wildtiere","status":"publish","type":"page","link":"https:\/\/www.summerwingscruise.com\/de\/half-day-small-game-fishing\/","title":{"rendered":"Halbt\u00e4giges Angeln auf kleine Wildtiere"},"content":{"rendered":"<section class=\"bde-section-226-100 bde-section\">\n              \n  \n  \n\t\n\n  <div class=\"section-background-overlay\"><\/div>\n\n\n<div class=\"section-container\"><h1 class=\"bde-heading-226-101 bde-heading\">\nHalber Tag<br> Kleines Wildfischen\n<\/h1><\/div>\n<\/section><section class=\"bde-section-226-102 bde-section\">\n  \n  \n\t\n\n\n\n<div class=\"section-container\"><h2 class=\"bde-heading-226-103 bde-heading\">\nHalber Tag: Privates Boot\n<\/h2><div class=\"bde-icon-list-226-104 bde-icon-list\">\n<ul>\n  <\/ul>\n\n<\/div><div class=\"bde-text-226-105 bde-text\">\nErleben Sie den Nervenkitzel des Angelns in den atemberaubenden t\u00fcrkisfarbenen Gew\u00e4ssern vor der K\u00fcste von Pointe d&#039;Esny und Mahebourg, einer Region, die f\u00fcr ihre Artenvielfalt bekannt ist. Dieses Small Game Fishing-Paket ist perfekt f\u00fcr Familien und Angelbegeisterte jeden Alters und bietet ein unterhaltsames und lohnendes Erlebnis in einer atemberaubenden Umgebung.\n<\/div><div class=\"bde-gallery-226-125 bde-gallery\">\n\n\n  \n\n\n\n\n\n\n\n\n\n\n<div class=\"ee-gallery ee-gallery--default ee-gallery--grid ee-gallery--single ee-gallery--lightbox ee-gallery--zoom-out ee-gallery--caption- ee-gallery--caption-none ee-gallery--ratio\">\n                  \n      <a class=\"ee-gallery-item ee-gallery-item--image ee-gallery-item--single\" href=\"https:\/\/www.summerwingscruise.com\/wp-content\/uploads\/2024\/07\/Summer-Wings-Cruise-Small-Game-Fishing.webp\"  data-sub-html=\"<span><\/span>\" data-category=\"1\"                  data-lg-size=\"1000-1333\"\n\n      >\n        <figure class=\"ee-gallery-item-figure\">\n                        <img decoding=\"async\" class=\"breakdance-image-object\" src=\"https:\/\/www.summerwingscruise.com\/wp-content\/uploads\/2024\/07\/Summer-Wings-Cruise-Small-Game-Fishing-768x1024.webp\" width=\"768\" height=\"1024\" srcset=\"https:\/\/www.summerwingscruise.com\/wp-content\/uploads\/2024\/07\/Summer-Wings-Cruise-Small-Game-Fishing.webp 1000w, https:\/\/www.summerwingscruise.com\/wp-content\/uploads\/2024\/07\/Summer-Wings-Cruise-Small-Game-Fishing-225x300.webp 225w, https:\/\/www.summerwingscruise.com\/wp-content\/uploads\/2024\/07\/Summer-Wings-Cruise-Small-Game-Fishing-768x1024.webp 768w\" sizes=\"auto, (max-width: 1000px) 100vw, 1000px\" alt=\"Summer Wings Cruise Kleinwildfischen\" loading=\"lazy\">\n          \n                  <\/figure>\n      <\/a>\n\n                \n      <a class=\"ee-gallery-item ee-gallery-item--image ee-gallery-item--single\" href=\"https:\/\/www.summerwingscruise.com\/wp-content\/uploads\/2024\/08\/small-game-fishing-01.webp\"  data-sub-html=\"<span><\/span>\" data-category=\"1\"                  data-lg-size=\"1280-720\"\n\n      >\n        <figure class=\"ee-gallery-item-figure\">\n                        <img decoding=\"async\" class=\"breakdance-image-object\" src=\"https:\/\/www.summerwingscruise.com\/wp-content\/uploads\/2024\/08\/small-game-fishing-01-1024x576.webp\" width=\"1024\" height=\"576\" srcset=\"https:\/\/www.summerwingscruise.com\/wp-content\/uploads\/2024\/08\/small-game-fishing-01.webp 1280w, https:\/\/www.summerwingscruise.com\/wp-content\/uploads\/2024\/08\/small-game-fishing-01-300x169.webp 300w, https:\/\/www.summerwingscruise.com\/wp-content\/uploads\/2024\/08\/small-game-fishing-01-1024x576.webp 1024w, https:\/\/www.summerwingscruise.com\/wp-content\/uploads\/2024\/08\/small-game-fishing-01-768x432.webp 768w, https:\/\/www.summerwingscruise.com\/wp-content\/uploads\/2024\/08\/small-game-fishing-01-18x10.webp 18w\" sizes=\"auto, (max-width: 1280px) 100vw, 1280px\" alt=\"Summer Wings Cruise - Kleinwildfischen\" loading=\"lazy\">\n          \n                  <\/figure>\n      <\/a>\n\n                \n      <a class=\"ee-gallery-item ee-gallery-item--image ee-gallery-item--single\" href=\"https:\/\/www.summerwingscruise.com\/wp-content\/uploads\/2024\/08\/small-game-fishing-02.webp\"  data-sub-html=\"<span><\/span>\" data-category=\"1\"                  data-lg-size=\"1280-720\"\n\n      >\n        <figure class=\"ee-gallery-item-figure\">\n                        <img decoding=\"async\" class=\"breakdance-image-object\" src=\"https:\/\/www.summerwingscruise.com\/wp-content\/uploads\/2024\/08\/small-game-fishing-02-1024x576.webp\" width=\"1024\" height=\"576\" srcset=\"https:\/\/www.summerwingscruise.com\/wp-content\/uploads\/2024\/08\/small-game-fishing-02.webp 1280w, https:\/\/www.summerwingscruise.com\/wp-content\/uploads\/2024\/08\/small-game-fishing-02-300x169.webp 300w, https:\/\/www.summerwingscruise.com\/wp-content\/uploads\/2024\/08\/small-game-fishing-02-1024x576.webp 1024w, https:\/\/www.summerwingscruise.com\/wp-content\/uploads\/2024\/08\/small-game-fishing-02-768x432.webp 768w, https:\/\/www.summerwingscruise.com\/wp-content\/uploads\/2024\/08\/small-game-fishing-02-18x10.webp 18w\" sizes=\"auto, (max-width: 1280px) 100vw, 1280px\" alt=\"Summer Wings Cruise - Kleinwildfischen\" loading=\"lazy\">\n          \n                  <\/figure>\n      <\/a>\n\n                \n      <a class=\"ee-gallery-item ee-gallery-item--image ee-gallery-item--single\" href=\"https:\/\/www.summerwingscruise.com\/wp-content\/uploads\/2024\/07\/Blue-Bay-Marine-Park-Ile-aux-Aigrettes.webp\"  data-sub-html=\"<span><\/span>\" data-category=\"1\"                  data-lg-size=\"1920-1080\"\n\n      >\n        <figure class=\"ee-gallery-item-figure\">\n                        <img decoding=\"async\" class=\"breakdance-image-object\" src=\"https:\/\/www.summerwingscruise.com\/wp-content\/uploads\/2024\/07\/Blue-Bay-Marine-Park-Ile-aux-Aigrettes-1024x576.webp\" width=\"1024\" height=\"576\" srcset=\"https:\/\/www.summerwingscruise.com\/wp-content\/uploads\/2024\/07\/Blue-Bay-Marine-Park-Ile-aux-Aigrettes.webp 1920w, https:\/\/www.summerwingscruise.com\/wp-content\/uploads\/2024\/07\/Blue-Bay-Marine-Park-Ile-aux-Aigrettes-300x169.webp 300w, https:\/\/www.summerwingscruise.com\/wp-content\/uploads\/2024\/07\/Blue-Bay-Marine-Park-Ile-aux-Aigrettes-1024x576.webp 1024w, https:\/\/www.summerwingscruise.com\/wp-content\/uploads\/2024\/07\/Blue-Bay-Marine-Park-Ile-aux-Aigrettes-768x432.webp 768w, https:\/\/www.summerwingscruise.com\/wp-content\/uploads\/2024\/07\/Blue-Bay-Marine-Park-Ile-aux-Aigrettes-1536x864.webp 1536w\" sizes=\"auto, (max-width: 1920px) 100vw, 1920px\" alt=\"Blue Bay Marine Park \u2013 Ile aux Aigrettes\" loading=\"lazy\">\n          \n                  <\/figure>\n      <\/a>\n\n      \n  <\/div>\n\n\n\n<\/div><div class=\"bde-div-226-128 bde-div\">\n  \n  \n\t\n\n\n\n<div class=\"bde-columns-226-129 bde-columns\"><div class=\"bde-column-226-130 bde-column\">\n  \n  \n\t\n\n\n\n<div class=\"bde-rich-text-226-135 bde-rich-text breakdance-rich-text-styles\">\n<h2>In Ihrem Paket enthalten:<\/h2>\n<ul>\n<li><strong>Angelausflug mit Kleinwildangeln:<\/strong> Genie\u00dfen Sie ein aufregendes Angelabenteuer in der wundersch\u00f6nen Lagune von Pointe d&#039;Esny und Mahebourg.<br \/><br \/><\/li>\n<li><strong>Professionelle Beratung:<\/strong> Unser erfahrenes Personal wird an Bord sein, um Sie fachkundig zu beraten und Ihre Sicherheit zu gew\u00e4hrleisten.<br \/><br \/><\/li>\n<li><strong>Angelausr\u00fcstung und Schwimmwesten:<\/strong> Die gesamte notwendige Angelausr\u00fcstung und Schwimmwesten werden zu Ihrer Bequemlichkeit bereitgestellt.<br \/><br \/><\/li>\n<li><strong>Erfrischungen:<\/strong> Genie\u00dfen Sie beim Angeln kostenlose Getr\u00e4nke, die Ihren Fl\u00fcssigkeitshaushalt und Ihre Energiereserven aufrechterhalten.<br \/><br \/><\/li>\n<li><strong>Nehmen Sie Ihren Fang mit nach Hause:<\/strong> Den gefangenen Fisch d\u00fcrfen Sie behalten \u2013 eine k\u00f6stliche Belohnung f\u00fcr Ihre M\u00fchen!<\/li>\n<\/ul>\n<\/div>\n<\/div><div class=\"bde-column-226-132 bde-column\">\n  \n  \n\t\n\n\n\n<div class=\"bde-pricing-table-226-133 bde-pricing-table bde-pricing-table--featured\">\n\n\n\n\n\n<div class='bde-pricing-table__price-area'>\n\n  \n  <div class=\"bde-pricing-table__price-area--amount-and-period-wrapper\">\n\n    <div class=\"bde-pricing-table__price-area--amount\">\n      <span class=\"bde-pricing-table__price-area--amount-currency\" >\n        \u20ac\n      <\/span>\n      <span class=\"bde-pricing-table__price-area--amount-number\">\n        <span class=\"bde-pricing-table__price-area--amount-number-main\" >\n          280\n        <\/span>\n              <\/span>\n    <\/div>\n\n          <span class=\"bde-pricing-table__price-area--billing-period\" >\n        pro Fahrt\n      <\/span>\n    \n  <\/div>\n\n  <\/div>\n\n\n\n\n  <ul class=\"bde-pricing-table__features\">\n    \n                    \n                    \n      \n      <li class=\"bde-pricing-table__features-item bde-pricing-table__features-item--included\">\n        <span class=\"bde-pricing-table__features-icon\">\n                      <svg xmlns=\"http:\/\/www.w3.org\/2000\/svg\" viewbox=\"0 0 24 24\"><path d=\"M18.71,7.21a1,1,0,0,0-1.42,0L9.84,14.67,6.71,11.53A1,1,0,1,0,5.29,13l3.84,3.84a1,1,0,0,0,1.42,0l8.16-8.16A1,1,0,0,0,18.71,7.21Z\"\/><\/svg>\n                  <\/span>\n        <span class=\"bde-pricing-table__features-text\" >\n          Privates Schnellboot\n        <\/span>\n      <\/li>\n    \n                    \n                    \n      \n      <li class=\"bde-pricing-table__features-item bde-pricing-table__features-item--included\">\n        <span class=\"bde-pricing-table__features-icon\">\n                      <svg xmlns=\"http:\/\/www.w3.org\/2000\/svg\" viewbox=\"0 0 24 24\"><path d=\"M18.71,7.21a1,1,0,0,0-1.42,0L9.84,14.67,6.71,11.53A1,1,0,1,0,5.29,13l3.84,3.84a1,1,0,0,0,1.42,0l8.16-8.16A1,1,0,0,0,18.71,7.21Z\"\/><\/svg>\n                  <\/span>\n        <span class=\"bde-pricing-table__features-text\" >\n          Eigener Skipper &amp; Guide\n        <\/span>\n      <\/li>\n    \n                    \n                    \n      \n      <li class=\"bde-pricing-table__features-item bde-pricing-table__features-item--included\">\n        <span class=\"bde-pricing-table__features-icon\">\n                      <svg xmlns=\"http:\/\/www.w3.org\/2000\/svg\" viewbox=\"0 0 24 24\"><path d=\"M18.71,7.21a1,1,0,0,0-1.42,0L9.84,14.67,6.71,11.53A1,1,0,1,0,5.29,13l3.84,3.84a1,1,0,0,0,1.42,0l8.16-8.16A1,1,0,0,0,18.71,7.21Z\"\/><\/svg>\n                  <\/span>\n        <span class=\"bde-pricing-table__features-text\" >\n          Angelausr\u00fcstung\n        <\/span>\n      <\/li>\n    \n                    \n                    \n      \n      <li class=\"bde-pricing-table__features-item bde-pricing-table__features-item--included\">\n        <span class=\"bde-pricing-table__features-icon\">\n                      <svg xmlns=\"http:\/\/www.w3.org\/2000\/svg\" viewbox=\"0 0 24 24\"><path d=\"M18.71,7.21a1,1,0,0,0-1.42,0L9.84,14.67,6.71,11.53A1,1,0,1,0,5.29,13l3.84,3.84a1,1,0,0,0,1.42,0l8.16-8.16A1,1,0,0,0,18.71,7.21Z\"\/><\/svg>\n                  <\/span>\n        <span class=\"bde-pricing-table__features-text\" >\n          Inklusive Getr\u00e4nke\n        <\/span>\n      <\/li>\n      <\/ul>\n\n    \n                        \n                        \n    \n    \n    \n    \n            \n                    \n            \n            \n\n    \n    \n    \n    \n    \n    <a class=\"breakdance-link button-atom button-atom--custom bde-pricing-table__cta-button\" href=\"https:\/\/wa.me\/23057772051\" target=\"_self\" data-type=\"url\"  >\n\n    \n        <span class=\"button-atom__text\">Jetzt buchen<\/span>\n\n                            \n        \n                <\/a>\n\n    \n\n\n<\/div>\n<\/div><\/div>\n<\/div><div class=\"bde-rich-text-226-134 bde-rich-text breakdance-rich-text-styles\">\n<h4 data-sourcepos=\"13:1-13:13\">Dauer:<\/h4>\n<ul data-sourcepos=\"15:1-16:0\">\n<li data-sourcepos=\"15:1-16:0\">4 Stunden<\/li>\n<\/ul>\n<h4 data-sourcepos=\"17:1-17:27\"><br \/>Teilnehmerzahl:<\/h4>\n<ul data-sourcepos=\"19:1-20:0\">\n<li data-sourcepos=\"19:1-20:0\">Maximal 5 Personen<\/li>\n<\/ul>\n<h4 data-sourcepos=\"21:1-21:27\"><br \/>Weitere Informationen:<\/h4>\n<ul data-sourcepos=\"23:1-26:17\">\n<li data-sourcepos=\"23:1-23:86\"><strong>Mittagessen:<\/strong> Das Mittagessen ist in diesem Paket nicht inbegriffen. Bitte treffen Sie Ihre eigenen Vorkehrungen.<\/li>\n<li data-sourcepos=\"24:1-24:94\"><strong>Aufsicht:<\/strong> Die Aufsichtspflicht f\u00fcr ihre Kinder obliegt den Eltern w\u00e4hrend der gesamten Reise.<\/li>\n<li data-sourcepos=\"25:1-25:117\"><strong>Wetterbedingungen:<\/strong> Diese Aktivit\u00e4t ist wetterabh\u00e4ngig und kann bei schlechtem Wetter verschoben werden.<\/li>\n<li data-sourcepos=\"26:1-26:17\"><strong>Altersbeschr\u00e4nkung:<\/strong> Das Mindestalter f\u00fcr die Teilnahme betr\u00e4gt 10 Jahre.<\/li>\n<\/ul>\n<h4 data-sourcepos=\"28:1-28:34\"><strong><br \/><\/strong>Ihr Angelabenteuer erwartet Sie:<\/h4>\n<p data-sourcepos=\"30:1-30:408\">Wenn Sie das Meer und den Nervenkitzel des Angelns lieben, ist dieses Paket genau das Richtige f\u00fcr Sie! Unser erfahrener Guide bringt Sie zu den besten Angelpl\u00e4tzen der Region, teilt sein Wissen mit Ihnen und sorgt daf\u00fcr, dass Sie ein unvergessliches Erlebnis haben. Vergessen Sie Ihre Kamera nicht, um den spannenden Moment des Einholens Ihres Fangs festzuhalten! Als Bonus d\u00fcrfen Sie den gefangenen Fisch mit nach Hause nehmen, eine k\u00f6stliche Erinnerung an Ihr Abenteuer.<\/p>\n<p data-sourcepos=\"32:1-32:41\">Buchen Sie jetzt Ihren Ausflug zum Kleinwildangeln und schaffen Sie unvergessliche Erinnerungen in der wundersch\u00f6nen Lagune von Pointe d&#039;Esny und Mahebourg!<\/p>\n<p data-sourcepos=\"34:1-34:9\"><strong><br \/><br \/><em>Notiz:<\/em><\/strong><em> <br \/>Diese Aktivit\u00e4t ist wetterabh\u00e4ngig und wird bei schlechtem Wetter verschoben. <br \/>Altersbeschr\u00e4nkung: Mindestens 10 Jahre.<\/em><\/p>\n<\/div><\/div>\n<\/section>","protected":false},"excerpt":{"rendered":"<p>Half Day Small Game Fishing Half Day: Private Boat Experience the thrill of fishing in the stunning turquoise waters off the coast of Pointe d&#8217;Esny and Mahebourg, a region renowned for its marine biodiversity. This Small Game Fishing package is perfect for families and fishing enthusiasts of all ages, offering a fun and rewarding experience [&hellip;]<\/p>\n","protected":false},"author":1,"featured_media":0,"parent":0,"menu_order":0,"comment_status":"closed","ping_status":"closed","template":"","meta":{"_breakdance_hide_in_design_set":false,"_breakdance_tags":"","footnotes":""},"class_list":["post-226","page","type-page","status-publish","hentry"],"yoast_head":"<!-- This site is optimized with the Yoast SEO plugin v27.0 - https:\/\/yoast.com\/product\/yoast-seo-wordpress\/ -->\n<title>Half Day Small Game Fishing | Summer Wings Cruise<\/title>\n<meta name=\"description\" content=\"Small Game Fishing in Blue Bay lagoon. Private boat, all gear included, refreshments &amp; expert guidance. Fun family adventure for all ages!\" \/>\n<meta name=\"robots\" content=\"index, follow, max-snippet:-1, max-image-preview:large, max-video-preview:-1\" \/>\n<link rel=\"canonical\" href=\"https:\/\/www.summerwingscruise.com\/de\/halbtagiges-angeln-auf-kleine-wildtiere\/\" \/>\n<meta property=\"og:locale\" content=\"de_DE\" \/>\n<meta property=\"og:type\" content=\"article\" \/>\n<meta property=\"og:title\" content=\"Half Day Small Game Fishing | Summer Wings Cruise\" \/>\n<meta property=\"og:description\" content=\"Small Game Fishing in Blue Bay lagoon. Private boat, all gear included, refreshments &amp; expert guidance. Fun family adventure for all ages!\" \/>\n<meta property=\"og:url\" content=\"https:\/\/www.summerwingscruise.com\/de\/halbtagiges-angeln-auf-kleine-wildtiere\/\" \/>\n<meta property=\"og:site_name\" content=\"Summer Wings Cruise\" \/>\n<meta property=\"article:modified_time\" content=\"2026-02-25T02:23:47+00:00\" \/>\n<meta name=\"twitter:card\" content=\"summary_large_image\" \/>\n<meta name=\"twitter:label1\" content=\"Gesch\u00e4tzte Lesezeit\" \/>\n\t<meta name=\"twitter:data1\" content=\"3\u00a0Minuten\" \/>\n<script type=\"application\/ld+json\" class=\"yoast-schema-graph\">{\"@context\":\"https:\/\/schema.org\",\"@graph\":[{\"@type\":\"WebPage\",\"@id\":\"https:\/\/www.summerwingscruise.com\/half-day-small-game-fishing\/\",\"url\":\"https:\/\/www.summerwingscruise.com\/half-day-small-game-fishing\/\",\"name\":\"Half Day Small Game Fishing | Summer Wings Cruise\",\"isPartOf\":{\"@id\":\"https:\/\/www.summerwingscruise.com\/#website\"},\"datePublished\":\"2024-07-24T11:48:09+00:00\",\"dateModified\":\"2026-02-25T02:23:47+00:00\",\"description\":\"Small Game Fishing in Blue Bay lagoon. Private boat, all gear included, refreshments & expert guidance. Fun family adventure for all ages!\",\"breadcrumb\":{\"@id\":\"https:\/\/www.summerwingscruise.com\/half-day-small-game-fishing\/#breadcrumb\"},\"inLanguage\":\"de\",\"potentialAction\":[{\"@type\":\"ReadAction\",\"target\":[\"https:\/\/www.summerwingscruise.com\/half-day-small-game-fishing\/\"]}]},{\"@type\":\"BreadcrumbList\",\"@id\":\"https:\/\/www.summerwingscruise.com\/half-day-small-game-fishing\/#breadcrumb\",\"itemListElement\":[{\"@type\":\"ListItem\",\"position\":1,\"name\":\"Home\",\"item\":\"https:\/\/www.summerwingscruise.com\/\"},{\"@type\":\"ListItem\",\"position\":2,\"name\":\"Half Day Small Game Fishing\"}]},{\"@type\":\"WebSite\",\"@id\":\"https:\/\/www.summerwingscruise.com\/#website\",\"url\":\"https:\/\/www.summerwingscruise.com\/\",\"name\":\"Summer Wings Cruise\",\"description\":\"Cruise the Lagoon of South-East Mauritius\",\"potentialAction\":[{\"@type\":\"SearchAction\",\"target\":{\"@type\":\"EntryPoint\",\"urlTemplate\":\"https:\/\/www.summerwingscruise.com\/?s={search_term_string}\"},\"query-input\":{\"@type\":\"PropertyValueSpecification\",\"valueRequired\":true,\"valueName\":\"search_term_string\"}}],\"inLanguage\":\"de\"}]}<\/script>\n<!-- \/ Yoast SEO plugin. -->","yoast_head_json":{"title":"Halbt\u00e4giges Angeln auf Kleinwild | Summer Wings Cruise","description":"Kleinwildfischen in der Lagune von Blue Bay. Privates Boot, komplette Ausr\u00fcstung inklusive, Erfrischungen und fachkundige F\u00fchrung. Ein lustiges Familienabenteuer f\u00fcr alle Altersgruppen!","robots":{"index":"index","follow":"follow","max-snippet":"max-snippet:-1","max-image-preview":"max-image-preview:large","max-video-preview":"max-video-preview:-1"},"canonical":"https:\/\/www.summerwingscruise.com\/de\/halbtagiges-angeln-auf-kleine-wildtiere\/","og_locale":"de_DE","og_type":"article","og_title":"Half Day Small Game Fishing | Summer Wings Cruise","og_description":"Small Game Fishing in Blue Bay lagoon. Private boat, all gear included, refreshments & expert guidance. Fun family adventure for all ages!","og_url":"https:\/\/www.summerwingscruise.com\/de\/halbtagiges-angeln-auf-kleine-wildtiere\/","og_site_name":"Summer Wings Cruise","article_modified_time":"2026-02-25T02:23:47+00:00","twitter_card":"summary_large_image","twitter_misc":{"Gesch\u00e4tzte Lesezeit":"3\u00a0Minuten"},"schema":{"@context":"https:\/\/schema.org","@graph":[{"@type":"WebPage","@id":"https:\/\/www.summerwingscruise.com\/half-day-small-game-fishing\/","url":"https:\/\/www.summerwingscruise.com\/half-day-small-game-fishing\/","name":"Halbt\u00e4giges Angeln auf Kleinwild | Summer Wings Cruise","isPartOf":{"@id":"https:\/\/www.summerwingscruise.com\/#website"},"datePublished":"2024-07-24T11:48:09+00:00","dateModified":"2026-02-25T02:23:47+00:00","description":"Kleinwildfischen in der Lagune von Blue Bay. Privates Boot, komplette Ausr\u00fcstung inklusive, Erfrischungen und fachkundige F\u00fchrung. Ein lustiges Familienabenteuer f\u00fcr alle Altersgruppen!","breadcrumb":{"@id":"https:\/\/www.summerwingscruise.com\/half-day-small-game-fishing\/#breadcrumb"},"inLanguage":"de","potentialAction":[{"@type":"ReadAction","target":["https:\/\/www.summerwingscruise.com\/half-day-small-game-fishing\/"]}]},{"@type":"BreadcrumbList","@id":"https:\/\/www.summerwingscruise.com\/half-day-small-game-fishing\/#breadcrumb","itemListElement":[{"@type":"ListItem","position":1,"name":"Home","item":"https:\/\/www.summerwingscruise.com\/"},{"@type":"ListItem","position":2,"name":"Half Day Small Game Fishing"}]},{"@type":"WebSite","@id":"https:\/\/www.summerwingscruise.com\/#website","url":"https:\/\/www.summerwingscruise.com\/","name":"Summer Wings Cruise","description":"Machen Sie eine Kreuzfahrt durch die Lagune im S\u00fcdosten von Mauritius","potentialAction":[{"@type":"SearchAction","target":{"@type":"EntryPoint","urlTemplate":"https:\/\/www.summerwingscruise.com\/?s={search_term_string}"},"query-input":{"@type":"PropertyValueSpecification","valueRequired":true,"valueName":"search_term_string"}}],"inLanguage":"de"}]}},"_links":{"self":[{"href":"https:\/\/www.summerwingscruise.com\/de\/wp-json\/wp\/v2\/pages\/226","targetHints":{"allow":["GET"]}}],"collection":[{"href":"https:\/\/www.summerwingscruise.com\/de\/wp-json\/wp\/v2\/pages"}],"about":[{"href":"https:\/\/www.summerwingscruise.com\/de\/wp-json\/wp\/v2\/types\/page"}],"author":[{"embeddable":true,"href":"https:\/\/www.summerwingscruise.com\/de\/wp-json\/wp\/v2\/users\/1"}],"replies":[{"embeddable":true,"href":"https:\/\/www.summerwingscruise.com\/de\/wp-json\/wp\/v2\/comments?post=226"}],"version-history":[{"count":10,"href":"https:\/\/www.summerwingscruise.com\/de\/wp-json\/wp\/v2\/pages\/226\/revisions"}],"predecessor-version":[{"id":607,"href":"https:\/\/www.summerwingscruise.com\/de\/wp-json\/wp\/v2\/pages\/226\/revisions\/607"}],"wp:attachment":[{"href":"https:\/\/www.summerwingscruise.com\/de\/wp-json\/wp\/v2\/media?parent=226"}],"curies":[{"name":"wp","href":"https:\/\/api.w.org\/{rel}","templated":true}]}}