{"id":135,"date":"2024-04-18T23:27:48","date_gmt":"2024-04-18T19:27:48","guid":{"rendered":"https:\/\/www.summerwingscruise.com\/?page_id=135"},"modified":"2025-12-28T14:52:53","modified_gmt":"2025-12-28T10:52:53","slug":"paquete-exclusivo-de-medio-dia","status":"publish","type":"page","link":"https:\/\/www.summerwingscruise.com\/es\/half-day-exclusive-package\/","title":{"rendered":"Paquete exclusivo de medio d\u00eda"},"content":{"rendered":"<section class=\"bde-section-135-133 bde-section\">\n              \n  \n  \n\t\n\n  <div class=\"section-background-overlay\"><\/div>\n\n\n<div class=\"section-container\"><h1 class=\"bde-heading-135-134 bde-heading\">\nMedio d\u00eda<br> Paquete exclusivo\n<\/h1><\/div>\n<\/section><section class=\"bde-section-135-135 bde-section\">\n  \n  \n\t\n\n\n\n<div class=\"section-container\"><h2 class=\"bde-heading-135-136 bde-heading\">\nMedio d\u00eda: Barco privado\n<\/h2><div class=\"bde-icon-list-135-137 bde-icon-list\">\n<ul>\n  \n              \n    <li>\n              <div class='bde-icon-list__item-wrapper'>\n      \n      <span class='bde-icon-list__icon'>\n        <svg xmlns=\"http:\/\/www.w3.org\/2000\/svg\" viewbox=\"0 0 512 512\"><!-- Font Awesome Free 5.15.1 by @fontawesome - https:\/\/fontawesome.com License - https:\/\/fontawesome.com\/license\/free (Icons: CC BY 4.0, Fonts: SIL OFL 1.1, Code: MIT License) --><path d=\"M256 8C119 8 8 119 8 256s111 248 248 248 248-111 248-248S393 8 256 8zm0 448c-110.5 0-200-89.5-200-200S145.5 56 256 56s200 89.5 200 200-89.5 200-200 200zm61.8-104.4l-84.9-61.7c-3.1-2.3-4.9-5.9-4.9-9.7V116c0-6.6 5.4-12 12-12h32c6.6 0 12 5.4 12 12v141.7l66.8 48.6c5.4 3.9 6.5 11.4 2.6 16.8L334.6 349c-3.9 5.3-11.4 6.5-16.8 2.6z\"\/><\/svg>\n      <\/span>\n      <span class='bde-icon-list__text' >\n      De 9:30 a 13:30.\n      <\/span>\n              <\/div>\n      \n    <\/li>\n\n  <\/ul>\n\n<\/div><div class=\"bde-text-135-138 bde-text\">\nDisfrute de la emoci\u00f3n de un paquete exclusivo de medio d\u00eda, una escapada de lujo en una lancha r\u00e1pida privada adaptada a sus deseos. <br>Descubra calas impresionantes, playas pintorescas y sorpr\u00e9ndase con la variedad multicolor de vida marina bajo las aguas cristalinas.\n<\/div><h3 class=\"bde-heading-135-139 bde-heading\">\nEl itinerario:\n<\/h3><div class=\"bde-columns-135-140 bde-columns\"><div class=\"bde-column-135-141 bde-column\">\n  \n  \n\t\n\n\n\n<div class=\"bde-div-135-142 bde-div\">\n  \n  \n\t\n\n\n\n<h5 class=\"bde-heading-135-143 bde-heading\">\n1. Snorkel en el Parque Marino Blue Bay:\n<\/h5><div class=\"bde-text-135-144 bde-text\">\nEl Parque Marino Blue Bay cuenta con aguas cristalinas, extraordinarios lechos de coral y una vibrante vida submarina que te dejar\u00e1 asombrado. Explora los grandes lechos de coral planos y ramificados, hogar de una gran variedad de especies acu\u00e1ticas, incluidos bancos de peces cirujano, peces loro, peces damisela, tortugas marinas, peces sargento mayor e \u00eddolos moros. Mantente en las zonas designadas para hacer snorkeling para vivir una experiencia segura e inolvidable en este parque de gran renombre.\n<\/div>\n<\/div><div class=\"bde-div-135-145 bde-div\">\n  \n  \n\t\n\n\n\n<h5 class=\"bde-heading-135-146 bde-heading\">\n2. Exploraci\u00f3n de naufragios:\n<\/h5><div class=\"bde-text-135-147 bde-text\">\nDescubra la fascinante historia del naufragio del Dalblair, un imponente barco de vapor brit\u00e1nico que tuvo su fat\u00eddico final en 1902 frente a las costas de Mauricio durante una feroz tormenta. Explore los inquietantes restos de este naufragio, ahora transformado en un arrecife artificial repleto de vida marina, mientras practica esn\u00f3rquel en las aguas cercanas a Pointe D&#039;Esny. Deje que su gu\u00eda le desvele los misterios que rodean este naufragio hist\u00f3rico.\n<\/div>\n<\/div><div class=\"bde-div-135-148 bde-div\">\n  \n  \n\t\n\n\n\n<h5 class=\"bde-heading-135-149 bde-heading\">\n3. Snorkel en la isla Aigrette:\n<\/h5><div class=\"bde-text-135-150 bde-text\">\nEsc\u00e1pese a las costas orientales de Mauricio, famosas por sus excepcionales oportunidades para hacer esn\u00f3rquel, y disfrute del sereno parque marino Blue Bay, un oasis de tranquilidad. Sum\u00e9rjase en las aguas cristalinas que rodean la isla Aigrette, una reserva natural que cuenta con pr\u00edstinos jardines de coral y una gran cantidad de vida marina.\n<\/div>\n<\/div>\n<\/div><div class=\"bde-column-135-154 bde-column\">\n  \n  \n\t\n\n\n\n<div class=\"bde-div-135-158 bde-div\">\n  \n  \n\t\n\n\n\n<h5 class=\"bde-heading-135-159 bde-heading\">\n4. Espect\u00e1culo de las cascadas del Grand River South East\n<\/h5><div class=\"bde-text-135-160 bde-text\">\nContemple la majestuosidad de la cascada Grand River South East, el r\u00edo m\u00e1s largo de Mauricio, donde los l\u00edmites entre la tierra y el mar se difuminan en una espectacular exhibici\u00f3n del poder de la naturaleza. Sea testigo de las estruendosas cascadas que se precipitan hacia la desembocadura del r\u00edo, a la que se puede acceder en barco para disfrutar de un mirador incomparable. Deje que su gu\u00eda le descubra las maravillas geol\u00f3gicas que han esculpido esta extraordinaria maravilla natural.\n<\/div>\n<\/div><div class=\"bde-div-135-161 bde-div\">\n  \n  \n\t\n\n\n\n<h5 class=\"bde-heading-135-162 bde-heading\">\n5. Descubra la isla de Cerf:\n<\/h5><div class=\"bde-text-135-163 bde-text\">\nExplora la id\u00edlica Ile aux Cerfs, una pintoresca isla paradis\u00edaca situada frente a Trou d&#039;Eau Douce, que cuenta con pr\u00edstinas playas de arena blanca, senderos naturales apartados y una gran variedad de emocionantes actividades acu\u00e1ticas. Disfruta del calor del sol, camina por las maravillas naturales de la isla o participa en competiciones amistosas de deportes acu\u00e1ticos: t\u00fa eliges.\n<\/div>\n<\/div>\n<\/div><\/div><div class=\"bde-gallery-135-164 bde-gallery\">\n\n\n  \n\n\n\n\n\n\n\n\n\n\n<div class=\"ee-gallery ee-gallery--default ee-gallery--grid ee-gallery--single ee-gallery--lightbox ee-gallery--zoom-out ee-gallery--caption- ee-gallery--caption-none ee-gallery--ratio\">\n                  \n      <a class=\"ee-gallery-item ee-gallery-item--image ee-gallery-item--single\" href=\"https:\/\/www.summerwingscruise.com\/wp-content\/uploads\/2024\/03\/309898323_128186893329572_3291743308928035_n.jpg\"  data-sub-html=\"<span><\/span>\" data-category=\"1\"                  data-lg-size=\"1280-720\"\n\n      >\n        <figure class=\"ee-gallery-item-figure\">\n                        <img decoding=\"async\" class=\"breakdance-image-object\" src=\"https:\/\/www.summerwingscruise.com\/wp-content\/uploads\/2024\/03\/309898323_128186893329572_3291743308928035_n-1024x576.jpg\" width=\"1024\" height=\"576\" srcset=\"https:\/\/www.summerwingscruise.com\/wp-content\/uploads\/2024\/03\/309898323_128186893329572_3291743308928035_n.jpg 1280w, https:\/\/www.summerwingscruise.com\/wp-content\/uploads\/2024\/03\/309898323_128186893329572_3291743308928035_n-300x169.jpg 300w, https:\/\/www.summerwingscruise.com\/wp-content\/uploads\/2024\/03\/309898323_128186893329572_3291743308928035_n-1024x576.jpg 1024w, https:\/\/www.summerwingscruise.com\/wp-content\/uploads\/2024\/03\/309898323_128186893329572_3291743308928035_n-768x432.jpg 768w\" sizes=\"auto, (max-width: 1280px) 100vw, 1280px\" alt=\"Exploraci\u00f3n del naufragio Summer Wings Cruise\" loading=\"lazy\">\n          \n                  <\/figure>\n      <\/a>\n\n                \n      <a class=\"ee-gallery-item ee-gallery-item--image ee-gallery-item--single\" href=\"https:\/\/www.summerwingscruise.com\/wp-content\/uploads\/2024\/03\/Background-image.jpg\"  data-sub-html=\"<span><\/span>\" data-category=\"1\"                  data-lg-size=\"1360-766\"\n\n      >\n        <figure class=\"ee-gallery-item-figure\">\n                        <img decoding=\"async\" class=\"breakdance-image-object\" src=\"https:\/\/www.summerwingscruise.com\/wp-content\/uploads\/2024\/03\/Background-image-1024x577.jpg\" width=\"1024\" height=\"577\" srcset=\"https:\/\/www.summerwingscruise.com\/wp-content\/uploads\/2024\/03\/Background-image.jpg 1360w, https:\/\/www.summerwingscruise.com\/wp-content\/uploads\/2024\/03\/Background-image-300x169.jpg 300w, https:\/\/www.summerwingscruise.com\/wp-content\/uploads\/2024\/03\/Background-image-1024x577.jpg 1024w, https:\/\/www.summerwingscruise.com\/wp-content\/uploads\/2024\/03\/Background-image-768x433.jpg 768w\" sizes=\"auto, (max-width: 1360px) 100vw, 1360px\" alt=\"Summer Wings Cruise Vista del faro de Mauricio Ile aux Fouquets (\u00cele au Phare)\" loading=\"lazy\">\n          \n                  <\/figure>\n      <\/a>\n\n                \n      <a class=\"ee-gallery-item ee-gallery-item--image ee-gallery-item--single\" href=\"https:\/\/www.summerwingscruise.com\/wp-content\/uploads\/2024\/03\/301881328_119736417501247_3212705028377161828_n.jpg\"  data-sub-html=\"<span><\/span>\" data-category=\"1\"                  data-lg-size=\"1280-886\"\n\n      >\n        <figure class=\"ee-gallery-item-figure\">\n                        <img decoding=\"async\" class=\"breakdance-image-object\" src=\"https:\/\/www.summerwingscruise.com\/wp-content\/uploads\/2024\/03\/301881328_119736417501247_3212705028377161828_n-1024x709.jpg\" width=\"1024\" height=\"709\" srcset=\"https:\/\/www.summerwingscruise.com\/wp-content\/uploads\/2024\/03\/301881328_119736417501247_3212705028377161828_n.jpg 1280w, https:\/\/www.summerwingscruise.com\/wp-content\/uploads\/2024\/03\/301881328_119736417501247_3212705028377161828_n-300x208.jpg 300w, https:\/\/www.summerwingscruise.com\/wp-content\/uploads\/2024\/03\/301881328_119736417501247_3212705028377161828_n-1024x709.jpg 1024w, https:\/\/www.summerwingscruise.com\/wp-content\/uploads\/2024\/03\/301881328_119736417501247_3212705028377161828_n-768x532.jpg 768w\" sizes=\"auto, (max-width: 1280px) 100vw, 1280px\" alt=\"Summer Wings Cruise a la isla del faro (\u00cele au Phare)\" loading=\"lazy\">\n          \n                  <\/figure>\n      <\/a>\n\n                \n      <a class=\"ee-gallery-item ee-gallery-item--image ee-gallery-item--single\" href=\"https:\/\/www.summerwingscruise.com\/wp-content\/uploads\/2024\/03\/2023-11-27-1.jpg\"  data-sub-html=\"<span><\/span>\" data-category=\"1\"                  data-lg-size=\"1360-766\"\n\n      >\n        <figure class=\"ee-gallery-item-figure\">\n                        <img decoding=\"async\" class=\"breakdance-image-object\" src=\"https:\/\/www.summerwingscruise.com\/wp-content\/uploads\/2024\/03\/2023-11-27-1-1024x577.jpg\" width=\"1024\" height=\"577\" srcset=\"https:\/\/www.summerwingscruise.com\/wp-content\/uploads\/2024\/03\/2023-11-27-1.jpg 1360w, https:\/\/www.summerwingscruise.com\/wp-content\/uploads\/2024\/03\/2023-11-27-1-300x169.jpg 300w, https:\/\/www.summerwingscruise.com\/wp-content\/uploads\/2024\/03\/2023-11-27-1-1024x577.jpg 1024w, https:\/\/www.summerwingscruise.com\/wp-content\/uploads\/2024\/03\/2023-11-27-1-768x433.jpg 768w\" sizes=\"auto, (max-width: 1360px) 100vw, 1360px\" alt=\"Summer Wings Cruise Cascadas del Gran R\u00edo Sureste\" loading=\"lazy\">\n          \n                  <\/figure>\n      <\/a>\n\n      \n  <\/div>\n\n\n\n<\/div><div class=\"bde-div-135-165 bde-div\">\n  \n  \n\t\n\n\n\n<div class=\"bde-columns-135-168 bde-columns\"><div class=\"bde-column-135-175 bde-column\">\n  \n  \n\t\n\n\n\n<div class=\"bde-rich-text-135-167 bde-rich-text breakdance-rich-text-styles\">\n<h2>Incluido en su paquete:<\/h2>\n<p>Su inolvidable aventura ser\u00e1 a\u00fan m\u00e1s placentera con bebidas de cortes\u00eda y equipo de snorkel de primera calidad provisto para garantizar su m\u00e1xima comodidad y disfrute durante toda la excursi\u00f3n.<\/p>\n<\/div>\n<\/div><div class=\"bde-column-135-176 bde-column\">\n  \n  \n\t\n\n\n\n<div class=\"bde-pricing-table-135-177 bde-pricing-table bde-pricing-table--featured\">\n\n\n\n\n\n<div class='bde-pricing-table__price-area'>\n\n  \n  <div class=\"bde-pricing-table__price-area--amount-and-period-wrapper\">\n\n    <div class=\"bde-pricing-table__price-area--amount\">\n      <span class=\"bde-pricing-table__price-area--amount-currency\" >\n        \u20ac\n      <\/span>\n      <span class=\"bde-pricing-table__price-area--amount-number\">\n        <span class=\"bde-pricing-table__price-area--amount-number-main\" >\n          280\n        <\/span>\n              <\/span>\n    <\/div>\n\n          <span class=\"bde-pricing-table__price-area--billing-period\" >\n        para 4 personas\n      <\/span>\n    \n  <\/div>\n\n  <\/div>\n\n\n\n\n  <ul class=\"bde-pricing-table__features\">\n    \n                    \n                    \n      \n      <li class=\"bde-pricing-table__features-item bde-pricing-table__features-item--included\">\n        <span class=\"bde-pricing-table__features-icon\">\n                      <svg xmlns=\"http:\/\/www.w3.org\/2000\/svg\" viewbox=\"0 0 24 24\"><path d=\"M18.71,7.21a1,1,0,0,0-1.42,0L9.84,14.67,6.71,11.53A1,1,0,1,0,5.29,13l3.84,3.84a1,1,0,0,0,1.42,0l8.16-8.16A1,1,0,0,0,18.71,7.21Z\"\/><\/svg>\n                  <\/span>\n        <span class=\"bde-pricing-table__features-text\" >\n          Excursiones en lancha r\u00e1pida\n        <\/span>\n      <\/li>\n    \n                    \n                    \n      \n      <li class=\"bde-pricing-table__features-item bde-pricing-table__features-item--included\">\n        <span class=\"bde-pricing-table__features-icon\">\n                      <svg xmlns=\"http:\/\/www.w3.org\/2000\/svg\" viewbox=\"0 0 24 24\"><path d=\"M18.71,7.21a1,1,0,0,0-1.42,0L9.84,14.67,6.71,11.53A1,1,0,1,0,5.29,13l3.84,3.84a1,1,0,0,0,1.42,0l8.16-8.16A1,1,0,0,0,18.71,7.21Z\"\/><\/svg>\n                  <\/span>\n        <span class=\"bde-pricing-table__features-text\" >\n          Patr\u00f3n y gu\u00eda dedicado\n        <\/span>\n      <\/li>\n    \n                    \n                    \n      \n      <li class=\"bde-pricing-table__features-item bde-pricing-table__features-item--included\">\n        <span class=\"bde-pricing-table__features-icon\">\n                      <svg xmlns=\"http:\/\/www.w3.org\/2000\/svg\" viewbox=\"0 0 24 24\"><path d=\"M18.71,7.21a1,1,0,0,0-1.42,0L9.84,14.67,6.71,11.53A1,1,0,1,0,5.29,13l3.84,3.84a1,1,0,0,0,1.42,0l8.16-8.16A1,1,0,0,0,18.71,7.21Z\"\/><\/svg>\n                  <\/span>\n        <span class=\"bde-pricing-table__features-text\" >\n          Bebidas incluidas\n        <\/span>\n      <\/li>\n      <\/ul>\n\n    \n                        \n                        \n    \n    \n    \n    \n            \n                    \n            \n            \n\n    \n    \n    \n    \n    \n    <a class=\"breakdance-link button-atom button-atom--custom bde-pricing-table__cta-button\" href=\"https:\/\/wa.me\/23057772051\" target=\"_self\" data-type=\"url\"  >\n\n    \n        <span class=\"button-atom__text\">Reservar ahora<\/span>\n\n                            \n        \n                <\/a>\n\n    \n\n\n<\/div>\n<\/div><\/div>\n<\/div><\/div>\n<\/section>","protected":false},"excerpt":{"rendered":"<p>Half Day Exclusive Package Half Day: Private Boat From 9:30 to 13:30. Embrace the thrill of a Half Day Exclusive Package, a luxurious escape on a private speed boat tailored to your desires. Discover breathtaking coves, picturesque beaches, and be amazed at the multicolored array of marine life beneath the crystal-clear waters. The Itinerary: 1. [&hellip;]<\/p>\n","protected":false},"author":1,"featured_media":0,"parent":0,"menu_order":0,"comment_status":"closed","ping_status":"closed","template":"","meta":{"_breakdance_hide_in_design_set":false,"_breakdance_tags":"","footnotes":""},"class_list":["post-135","page","type-page","status-publish","hentry"],"yoast_head":"<!-- This site is optimized with the Yoast SEO plugin v27.0 - https:\/\/yoast.com\/product\/yoast-seo-wordpress\/ -->\n<title>Half Day Exclusive Package on a Private Speed Boat | Summer Wings Cruise<\/title>\n<meta name=\"description\" content=\"Embrace the thrill of a Half Day Exclusive Package, a luxurious escape on a private speed boat tailored to your desires.\" \/>\n<meta name=\"robots\" content=\"index, follow, max-snippet:-1, max-image-preview:large, max-video-preview:-1\" \/>\n<link rel=\"canonical\" href=\"https:\/\/www.summerwingscruise.com\/es\/paquete-exclusivo-de-medio-dia\/\" \/>\n<meta property=\"og:locale\" content=\"es_ES\" \/>\n<meta property=\"og:type\" content=\"article\" \/>\n<meta property=\"og:title\" content=\"Half Day Exclusive Package on a Private Speed Boat | Summer Wings Cruise\" \/>\n<meta property=\"og:description\" content=\"Embrace the thrill of a Half Day Exclusive Package, a luxurious escape on a private speed boat tailored to your desires.\" \/>\n<meta property=\"og:url\" content=\"https:\/\/www.summerwingscruise.com\/es\/paquete-exclusivo-de-medio-dia\/\" \/>\n<meta property=\"og:site_name\" content=\"Summer Wings Cruise\" \/>\n<meta property=\"article:modified_time\" content=\"2025-12-28T10:52:53+00:00\" \/>\n<meta name=\"twitter:card\" content=\"summary_large_image\" \/>\n<meta name=\"twitter:label1\" content=\"Tiempo de lectura\" \/>\n\t<meta name=\"twitter:data1\" content=\"3 minutos\" \/>\n<script type=\"application\/ld+json\" class=\"yoast-schema-graph\">{\"@context\":\"https:\/\/schema.org\",\"@graph\":[{\"@type\":\"WebPage\",\"@id\":\"https:\/\/www.summerwingscruise.com\/half-day-exclusive-package\/\",\"url\":\"https:\/\/www.summerwingscruise.com\/half-day-exclusive-package\/\",\"name\":\"Half Day Exclusive Package on a Private Speed Boat | Summer Wings Cruise\",\"isPartOf\":{\"@id\":\"https:\/\/www.summerwingscruise.com\/#website\"},\"datePublished\":\"2024-04-18T19:27:48+00:00\",\"dateModified\":\"2025-12-28T10:52:53+00:00\",\"description\":\"Embrace the thrill of a Half Day Exclusive Package, a luxurious escape on a private speed boat tailored to your desires.\",\"breadcrumb\":{\"@id\":\"https:\/\/www.summerwingscruise.com\/half-day-exclusive-package\/#breadcrumb\"},\"inLanguage\":\"es\",\"potentialAction\":[{\"@type\":\"ReadAction\",\"target\":[\"https:\/\/www.summerwingscruise.com\/half-day-exclusive-package\/\"]}]},{\"@type\":\"BreadcrumbList\",\"@id\":\"https:\/\/www.summerwingscruise.com\/half-day-exclusive-package\/#breadcrumb\",\"itemListElement\":[{\"@type\":\"ListItem\",\"position\":1,\"name\":\"Home\",\"item\":\"https:\/\/www.summerwingscruise.com\/\"},{\"@type\":\"ListItem\",\"position\":2,\"name\":\"Half Day Exclusive Package\"}]},{\"@type\":\"WebSite\",\"@id\":\"https:\/\/www.summerwingscruise.com\/#website\",\"url\":\"https:\/\/www.summerwingscruise.com\/\",\"name\":\"Summer Wings Cruise\",\"description\":\"Cruise the Lagoon of South-East Mauritius\",\"potentialAction\":[{\"@type\":\"SearchAction\",\"target\":{\"@type\":\"EntryPoint\",\"urlTemplate\":\"https:\/\/www.summerwingscruise.com\/?s={search_term_string}\"},\"query-input\":{\"@type\":\"PropertyValueSpecification\",\"valueRequired\":true,\"valueName\":\"search_term_string\"}}],\"inLanguage\":\"es\"}]}<\/script>\n<!-- \/ Yoast SEO plugin. -->","yoast_head_json":{"title":"Paquete exclusivo de medio d\u00eda en lancha motora privada | Summer Wings Cruise","description":"Disfrute de la emoci\u00f3n de un paquete exclusivo de medio d\u00eda, una escapada de lujo en una lancha r\u00e1pida privada adaptada a sus deseos.","robots":{"index":"index","follow":"follow","max-snippet":"max-snippet:-1","max-image-preview":"max-image-preview:large","max-video-preview":"max-video-preview:-1"},"canonical":"https:\/\/www.summerwingscruise.com\/es\/paquete-exclusivo-de-medio-dia\/","og_locale":"es_ES","og_type":"article","og_title":"Half Day Exclusive Package on a Private Speed Boat | Summer Wings Cruise","og_description":"Embrace the thrill of a Half Day Exclusive Package, a luxurious escape on a private speed boat tailored to your desires.","og_url":"https:\/\/www.summerwingscruise.com\/es\/paquete-exclusivo-de-medio-dia\/","og_site_name":"Summer Wings Cruise","article_modified_time":"2025-12-28T10:52:53+00:00","twitter_card":"summary_large_image","twitter_misc":{"Tiempo de lectura":"3 minutos"},"schema":{"@context":"https:\/\/schema.org","@graph":[{"@type":"WebPage","@id":"https:\/\/www.summerwingscruise.com\/half-day-exclusive-package\/","url":"https:\/\/www.summerwingscruise.com\/half-day-exclusive-package\/","name":"Paquete exclusivo de medio d\u00eda en lancha motora privada | Summer Wings Cruise","isPartOf":{"@id":"https:\/\/www.summerwingscruise.com\/#website"},"datePublished":"2024-04-18T19:27:48+00:00","dateModified":"2025-12-28T10:52:53+00:00","description":"Disfrute de la emoci\u00f3n de un paquete exclusivo de medio d\u00eda, una escapada de lujo en una lancha r\u00e1pida privada adaptada a sus deseos.","breadcrumb":{"@id":"https:\/\/www.summerwingscruise.com\/half-day-exclusive-package\/#breadcrumb"},"inLanguage":"es","potentialAction":[{"@type":"ReadAction","target":["https:\/\/www.summerwingscruise.com\/half-day-exclusive-package\/"]}]},{"@type":"BreadcrumbList","@id":"https:\/\/www.summerwingscruise.com\/half-day-exclusive-package\/#breadcrumb","itemListElement":[{"@type":"ListItem","position":1,"name":"Home","item":"https:\/\/www.summerwingscruise.com\/"},{"@type":"ListItem","position":2,"name":"Half Day Exclusive Package"}]},{"@type":"WebSite","@id":"https:\/\/www.summerwingscruise.com\/#website","url":"https:\/\/www.summerwingscruise.com\/","name":"Summer Wings Cruise","description":"Crucero por la laguna del sureste de Mauricio","potentialAction":[{"@type":"SearchAction","target":{"@type":"EntryPoint","urlTemplate":"https:\/\/www.summerwingscruise.com\/?s={search_term_string}"},"query-input":{"@type":"PropertyValueSpecification","valueRequired":true,"valueName":"search_term_string"}}],"inLanguage":"es"}]}},"_links":{"self":[{"href":"https:\/\/www.summerwingscruise.com\/es\/wp-json\/wp\/v2\/pages\/135","targetHints":{"allow":["GET"]}}],"collection":[{"href":"https:\/\/www.summerwingscruise.com\/es\/wp-json\/wp\/v2\/pages"}],"about":[{"href":"https:\/\/www.summerwingscruise.com\/es\/wp-json\/wp\/v2\/types\/page"}],"author":[{"embeddable":true,"href":"https:\/\/www.summerwingscruise.com\/es\/wp-json\/wp\/v2\/users\/1"}],"replies":[{"embeddable":true,"href":"https:\/\/www.summerwingscruise.com\/es\/wp-json\/wp\/v2\/comments?post=135"}],"version-history":[{"count":7,"href":"https:\/\/www.summerwingscruise.com\/es\/wp-json\/wp\/v2\/pages\/135\/revisions"}],"predecessor-version":[{"id":593,"href":"https:\/\/www.summerwingscruise.com\/es\/wp-json\/wp\/v2\/pages\/135\/revisions\/593"}],"wp:attachment":[{"href":"https:\/\/www.summerwingscruise.com\/es\/wp-json\/wp\/v2\/media?parent=135"}],"curies":[{"name":"gracias","href":"https:\/\/api.w.org\/{rel}","templated":true}]}}