{"id":226,"date":"2024-07-24T15:48:09","date_gmt":"2024-07-24T11:48:09","guid":{"rendered":"https:\/\/www.summerwingscruise.com\/?page_id=226"},"modified":"2026-02-25T06:23:47","modified_gmt":"2026-02-25T02:23:47","slug":"medio-dia-de-pesca-de-animales-pequenos","status":"publish","type":"page","link":"https:\/\/www.summerwingscruise.com\/es\/half-day-small-game-fishing\/","title":{"rendered":"Medio d\u00eda de pesca de animales peque\u00f1os"},"content":{"rendered":"<section class=\"bde-section-226-100 bde-section\">\n              \n  \n  \n\t\n\n  <div class=\"section-background-overlay\"><\/div>\n\n\n<div class=\"section-container\"><h1 class=\"bde-heading-226-101 bde-heading\">\nMedio d\u00eda<br> Pesca de caza menor\n<\/h1><\/div>\n<\/section><section class=\"bde-section-226-102 bde-section\">\n  \n  \n\t\n\n\n\n<div class=\"section-container\"><h2 class=\"bde-heading-226-103 bde-heading\">\nMedio d\u00eda: Barco privado\n<\/h2><div class=\"bde-icon-list-226-104 bde-icon-list\">\n<ul>\n  <\/ul>\n\n<\/div><div class=\"bde-text-226-105 bde-text\">\nExperimente la emoci\u00f3n de pescar en las impresionantes aguas turquesas de la costa de Pointe d&#039;Esny y Mahebourg, una regi\u00f3n famosa por su biodiversidad marina. Este paquete de pesca de altura es perfecto para familias y entusiastas de la pesca de todas las edades, ya que ofrece una experiencia divertida y gratificante en un entorno impresionante.\n<\/div><div class=\"bde-gallery-226-125 bde-gallery\">\n\n\n  \n\n\n\n\n\n\n\n\n\n\n<div class=\"ee-gallery ee-gallery--default ee-gallery--grid ee-gallery--single ee-gallery--lightbox ee-gallery--zoom-out ee-gallery--caption- ee-gallery--caption-none ee-gallery--ratio\">\n                  \n      <a class=\"ee-gallery-item ee-gallery-item--image ee-gallery-item--single\" href=\"https:\/\/www.summerwingscruise.com\/wp-content\/uploads\/2024\/07\/Summer-Wings-Cruise-Small-Game-Fishing.webp\"  data-sub-html=\"<span><\/span>\" data-category=\"1\"                  data-lg-size=\"1000-1333\"\n\n      >\n        <figure class=\"ee-gallery-item-figure\">\n                        <img decoding=\"async\" class=\"breakdance-image-object\" src=\"https:\/\/www.summerwingscruise.com\/wp-content\/uploads\/2024\/07\/Summer-Wings-Cruise-Small-Game-Fishing-768x1024.webp\" width=\"768\" height=\"1024\" srcset=\"https:\/\/www.summerwingscruise.com\/wp-content\/uploads\/2024\/07\/Summer-Wings-Cruise-Small-Game-Fishing.webp 1000w, https:\/\/www.summerwingscruise.com\/wp-content\/uploads\/2024\/07\/Summer-Wings-Cruise-Small-Game-Fishing-225x300.webp 225w, https:\/\/www.summerwingscruise.com\/wp-content\/uploads\/2024\/07\/Summer-Wings-Cruise-Small-Game-Fishing-768x1024.webp 768w\" sizes=\"auto, (max-width: 1000px) 100vw, 1000px\" alt=\"Summer Wings Cruise Pesca de altura\" loading=\"lazy\">\n          \n                  <\/figure>\n      <\/a>\n\n                \n      <a class=\"ee-gallery-item ee-gallery-item--image ee-gallery-item--single\" href=\"https:\/\/www.summerwingscruise.com\/wp-content\/uploads\/2024\/08\/small-game-fishing-01.webp\"  data-sub-html=\"<span><\/span>\" data-category=\"1\"                  data-lg-size=\"1280-720\"\n\n      >\n        <figure class=\"ee-gallery-item-figure\">\n                        <img decoding=\"async\" class=\"breakdance-image-object\" src=\"https:\/\/www.summerwingscruise.com\/wp-content\/uploads\/2024\/08\/small-game-fishing-01-1024x576.webp\" width=\"1024\" height=\"576\" srcset=\"https:\/\/www.summerwingscruise.com\/wp-content\/uploads\/2024\/08\/small-game-fishing-01.webp 1280w, https:\/\/www.summerwingscruise.com\/wp-content\/uploads\/2024\/08\/small-game-fishing-01-300x169.webp 300w, https:\/\/www.summerwingscruise.com\/wp-content\/uploads\/2024\/08\/small-game-fishing-01-1024x576.webp 1024w, https:\/\/www.summerwingscruise.com\/wp-content\/uploads\/2024\/08\/small-game-fishing-01-768x432.webp 768w, https:\/\/www.summerwingscruise.com\/wp-content\/uploads\/2024\/08\/small-game-fishing-01-18x10.webp 18w\" sizes=\"auto, (max-width: 1280px) 100vw, 1280px\" alt=\"Summer Wings Cruise - Pesca de altura\" loading=\"lazy\">\n          \n                  <\/figure>\n      <\/a>\n\n                \n      <a class=\"ee-gallery-item ee-gallery-item--image ee-gallery-item--single\" href=\"https:\/\/www.summerwingscruise.com\/wp-content\/uploads\/2024\/08\/small-game-fishing-02.webp\"  data-sub-html=\"<span><\/span>\" data-category=\"1\"                  data-lg-size=\"1280-720\"\n\n      >\n        <figure class=\"ee-gallery-item-figure\">\n                        <img decoding=\"async\" class=\"breakdance-image-object\" src=\"https:\/\/www.summerwingscruise.com\/wp-content\/uploads\/2024\/08\/small-game-fishing-02-1024x576.webp\" width=\"1024\" height=\"576\" srcset=\"https:\/\/www.summerwingscruise.com\/wp-content\/uploads\/2024\/08\/small-game-fishing-02.webp 1280w, https:\/\/www.summerwingscruise.com\/wp-content\/uploads\/2024\/08\/small-game-fishing-02-300x169.webp 300w, https:\/\/www.summerwingscruise.com\/wp-content\/uploads\/2024\/08\/small-game-fishing-02-1024x576.webp 1024w, https:\/\/www.summerwingscruise.com\/wp-content\/uploads\/2024\/08\/small-game-fishing-02-768x432.webp 768w, https:\/\/www.summerwingscruise.com\/wp-content\/uploads\/2024\/08\/small-game-fishing-02-18x10.webp 18w\" sizes=\"auto, (max-width: 1280px) 100vw, 1280px\" alt=\"Summer Wings Cruise - Pesca de altura\" loading=\"lazy\">\n          \n                  <\/figure>\n      <\/a>\n\n                \n      <a class=\"ee-gallery-item ee-gallery-item--image ee-gallery-item--single\" href=\"https:\/\/www.summerwingscruise.com\/wp-content\/uploads\/2024\/07\/Blue-Bay-Marine-Park-Ile-aux-Aigrettes.webp\"  data-sub-html=\"<span><\/span>\" data-category=\"1\"                  data-lg-size=\"1920-1080\"\n\n      >\n        <figure class=\"ee-gallery-item-figure\">\n                        <img decoding=\"async\" class=\"breakdance-image-object\" src=\"https:\/\/www.summerwingscruise.com\/wp-content\/uploads\/2024\/07\/Blue-Bay-Marine-Park-Ile-aux-Aigrettes-1024x576.webp\" width=\"1024\" height=\"576\" srcset=\"https:\/\/www.summerwingscruise.com\/wp-content\/uploads\/2024\/07\/Blue-Bay-Marine-Park-Ile-aux-Aigrettes.webp 1920w, https:\/\/www.summerwingscruise.com\/wp-content\/uploads\/2024\/07\/Blue-Bay-Marine-Park-Ile-aux-Aigrettes-300x169.webp 300w, https:\/\/www.summerwingscruise.com\/wp-content\/uploads\/2024\/07\/Blue-Bay-Marine-Park-Ile-aux-Aigrettes-1024x576.webp 1024w, https:\/\/www.summerwingscruise.com\/wp-content\/uploads\/2024\/07\/Blue-Bay-Marine-Park-Ile-aux-Aigrettes-768x432.webp 768w, https:\/\/www.summerwingscruise.com\/wp-content\/uploads\/2024\/07\/Blue-Bay-Marine-Park-Ile-aux-Aigrettes-1536x864.webp 1536w\" sizes=\"auto, (max-width: 1920px) 100vw, 1920px\" alt=\"Parque Marino Blue Bay - Isla de Aigrettes\" loading=\"lazy\">\n          \n                  <\/figure>\n      <\/a>\n\n      \n  <\/div>\n\n\n\n<\/div><div class=\"bde-div-226-128 bde-div\">\n  \n  \n\t\n\n\n\n<div class=\"bde-columns-226-129 bde-columns\"><div class=\"bde-column-226-130 bde-column\">\n  \n  \n\t\n\n\n\n<div class=\"bde-rich-text-226-135 bde-rich-text breakdance-rich-text-styles\">\n<h2>Incluido en su paquete:<\/h2>\n<ul>\n<li><strong>Excursi\u00f3n de pesca de caza menor:<\/strong> Disfrute de una emocionante aventura de pesca en la hermosa laguna de Pointe d&#039;Esny y Mahebourg.<br \/><br \/><\/li>\n<li><strong>Orientaci\u00f3n profesional:<\/strong> Nuestro personal experimentado estar\u00e1 a bordo para brindarle orientaci\u00f3n experta y garantizar su seguridad.<br \/><br \/><\/li>\n<li><strong>Equipo de pesca y chalecos salvavidas:<\/strong> Se proporcionan todos los equipos de pesca necesarios y chalecos salvavidas para su comodidad.<br \/><br \/><\/li>\n<li><strong>Refrescos:<\/strong> Disfrute de bebidas de cortes\u00eda mientras pesca, manteni\u00e9ndose hidratado y con energ\u00eda.<br \/><br \/><\/li>\n<li><strong>Ll\u00e9vate tu captura a casa:<\/strong> \u00a1Podr\u00e1s conservar el pescado que captures, una deliciosa recompensa por tus esfuerzos!<\/li>\n<\/ul>\n<\/div>\n<\/div><div class=\"bde-column-226-132 bde-column\">\n  \n  \n\t\n\n\n\n<div class=\"bde-pricing-table-226-133 bde-pricing-table bde-pricing-table--featured\">\n\n\n\n\n\n<div class='bde-pricing-table__price-area'>\n\n  \n  <div class=\"bde-pricing-table__price-area--amount-and-period-wrapper\">\n\n    <div class=\"bde-pricing-table__price-area--amount\">\n      <span class=\"bde-pricing-table__price-area--amount-currency\" >\n        \u20ac\n      <\/span>\n      <span class=\"bde-pricing-table__price-area--amount-number\">\n        <span class=\"bde-pricing-table__price-area--amount-number-main\" >\n          280\n        <\/span>\n              <\/span>\n    <\/div>\n\n          <span class=\"bde-pricing-table__price-area--billing-period\" >\n        por viaje\n      <\/span>\n    \n  <\/div>\n\n  <\/div>\n\n\n\n\n  <ul class=\"bde-pricing-table__features\">\n    \n                    \n                    \n      \n      <li class=\"bde-pricing-table__features-item bde-pricing-table__features-item--included\">\n        <span class=\"bde-pricing-table__features-icon\">\n                      <svg xmlns=\"http:\/\/www.w3.org\/2000\/svg\" viewbox=\"0 0 24 24\"><path d=\"M18.71,7.21a1,1,0,0,0-1.42,0L9.84,14.67,6.71,11.53A1,1,0,1,0,5.29,13l3.84,3.84a1,1,0,0,0,1.42,0l8.16-8.16A1,1,0,0,0,18.71,7.21Z\"\/><\/svg>\n                  <\/span>\n        <span class=\"bde-pricing-table__features-text\" >\n          Lancha r\u00e1pida privada\n        <\/span>\n      <\/li>\n    \n                    \n                    \n      \n      <li class=\"bde-pricing-table__features-item bde-pricing-table__features-item--included\">\n        <span class=\"bde-pricing-table__features-icon\">\n                      <svg xmlns=\"http:\/\/www.w3.org\/2000\/svg\" viewbox=\"0 0 24 24\"><path d=\"M18.71,7.21a1,1,0,0,0-1.42,0L9.84,14.67,6.71,11.53A1,1,0,1,0,5.29,13l3.84,3.84a1,1,0,0,0,1.42,0l8.16-8.16A1,1,0,0,0,18.71,7.21Z\"\/><\/svg>\n                  <\/span>\n        <span class=\"bde-pricing-table__features-text\" >\n          Patr\u00f3n y gu\u00eda dedicado\n        <\/span>\n      <\/li>\n    \n                    \n                    \n      \n      <li class=\"bde-pricing-table__features-item bde-pricing-table__features-item--included\">\n        <span class=\"bde-pricing-table__features-icon\">\n                      <svg xmlns=\"http:\/\/www.w3.org\/2000\/svg\" viewbox=\"0 0 24 24\"><path d=\"M18.71,7.21a1,1,0,0,0-1.42,0L9.84,14.67,6.71,11.53A1,1,0,1,0,5.29,13l3.84,3.84a1,1,0,0,0,1.42,0l8.16-8.16A1,1,0,0,0,18.71,7.21Z\"\/><\/svg>\n                  <\/span>\n        <span class=\"bde-pricing-table__features-text\" >\n          Equipo de pesca\n        <\/span>\n      <\/li>\n    \n                    \n                    \n      \n      <li class=\"bde-pricing-table__features-item bde-pricing-table__features-item--included\">\n        <span class=\"bde-pricing-table__features-icon\">\n                      <svg xmlns=\"http:\/\/www.w3.org\/2000\/svg\" viewbox=\"0 0 24 24\"><path d=\"M18.71,7.21a1,1,0,0,0-1.42,0L9.84,14.67,6.71,11.53A1,1,0,1,0,5.29,13l3.84,3.84a1,1,0,0,0,1.42,0l8.16-8.16A1,1,0,0,0,18.71,7.21Z\"\/><\/svg>\n                  <\/span>\n        <span class=\"bde-pricing-table__features-text\" >\n          Bebidas incluidas\n        <\/span>\n      <\/li>\n      <\/ul>\n\n    \n                        \n                        \n    \n    \n    \n    \n            \n                    \n            \n            \n\n    \n    \n    \n    \n    \n    <a class=\"breakdance-link button-atom button-atom--custom bde-pricing-table__cta-button\" href=\"https:\/\/wa.me\/23057772051\" target=\"_self\" data-type=\"url\"  >\n\n    \n        <span class=\"button-atom__text\">Reservar ahora<\/span>\n\n                            \n        \n                <\/a>\n\n    \n\n\n<\/div>\n<\/div><\/div>\n<\/div><div class=\"bde-rich-text-226-134 bde-rich-text breakdance-rich-text-styles\">\n<h4 data-sourcepos=\"13:1-13:13\">Duraci\u00f3n:<\/h4>\n<ul data-sourcepos=\"15:1-16:0\">\n<li data-sourcepos=\"15:1-16:0\">4 horas<\/li>\n<\/ul>\n<h4 data-sourcepos=\"17:1-17:27\"><br \/>N\u00famero de participantes:<\/h4>\n<ul data-sourcepos=\"19:1-20:0\">\n<li data-sourcepos=\"19:1-20:0\">M\u00e1ximo 5 personas<\/li>\n<\/ul>\n<h4 data-sourcepos=\"21:1-21:27\"><br \/>Informaci\u00f3n adicional:<\/h4>\n<ul data-sourcepos=\"23:1-26:17\">\n<li data-sourcepos=\"23:1-23:86\"><strong>Almuerzo:<\/strong> El almuerzo no est\u00e1 incluido en este paquete. Por favor, organice su propio almuerzo.<\/li>\n<li data-sourcepos=\"24:1-24:94\"><strong>Supervisi\u00f3n:<\/strong> Los padres son responsables de supervisar a sus hijos durante todo el viaje.<\/li>\n<li data-sourcepos=\"25:1-25:117\"><strong>Condiciones clim\u00e1ticas:<\/strong> Esta actividad est\u00e1 sujeta a las condiciones clim\u00e1ticas y puede posponerse en caso de mal tiempo.<\/li>\n<li data-sourcepos=\"26:1-26:17\"><strong>Restricci\u00f3n de edad:<\/strong> La edad m\u00ednima para participar es de 10 a\u00f1os.<\/li>\n<\/ul>\n<h4 data-sourcepos=\"28:1-28:34\"><strong><br \/><\/strong>Tu aventura de pesca te espera:<\/h4>\n<p data-sourcepos=\"30:1-30:408\">Si te encanta el mar y la emoci\u00f3n de pescar, \u00a1este paquete est\u00e1 hecho a tu medida! Nuestro gu\u00eda experto te llevar\u00e1 a los mejores lugares de pesca de la regi\u00f3n, compartir\u00e1 contigo su conocimiento y te asegurar\u00e1 una experiencia memorable. \u00a1No olvides tu c\u00e1mara para capturar el emocionante momento de pescar tu captura! Como beneficio adicional, podr\u00e1s llevarte a casa el pez que hayas capturado, un delicioso recuerdo de tu aventura.<\/p>\n<p data-sourcepos=\"32:1-32:41\">\u00a1Reserve ahora su viaje de pesca menor y cree recuerdos inolvidables en la hermosa laguna de Pointe d&#039;Esny y Mahebourg!<\/p>\n<p data-sourcepos=\"34:1-34:9\"><strong><br \/><br \/><em>Nota:<\/em><\/strong><em> <br \/>Esta actividad est\u00e1 sujeta a las condiciones clim\u00e1ticas y se pospondr\u00e1 en caso de malas condiciones clim\u00e1ticas. <br \/>Restricci\u00f3n de edad: m\u00ednimo 10 a\u00f1os.<\/em><\/p>\n<\/div><\/div>\n<\/section>","protected":false},"excerpt":{"rendered":"<p>Half Day Small Game Fishing Half Day: Private Boat Experience the thrill of fishing in the stunning turquoise waters off the coast of Pointe d&#8217;Esny and Mahebourg, a region renowned for its marine biodiversity. This Small Game Fishing package is perfect for families and fishing enthusiasts of all ages, offering a fun and rewarding experience [&hellip;]<\/p>\n","protected":false},"author":1,"featured_media":0,"parent":0,"menu_order":0,"comment_status":"closed","ping_status":"closed","template":"","meta":{"_breakdance_hide_in_design_set":false,"_breakdance_tags":"","footnotes":""},"class_list":["post-226","page","type-page","status-publish","hentry"],"yoast_head":"<!-- This site is optimized with the Yoast SEO plugin v27.0 - https:\/\/yoast.com\/product\/yoast-seo-wordpress\/ -->\n<title>Half Day Small Game Fishing | Summer Wings Cruise<\/title>\n<meta name=\"description\" content=\"Small Game Fishing in Blue Bay lagoon. Private boat, all gear included, refreshments &amp; expert guidance. Fun family adventure for all ages!\" \/>\n<meta name=\"robots\" content=\"index, follow, max-snippet:-1, max-image-preview:large, max-video-preview:-1\" \/>\n<link rel=\"canonical\" href=\"https:\/\/www.summerwingscruise.com\/es\/medio-dia-de-pesca-de-animales-pequenos\/\" \/>\n<meta property=\"og:locale\" content=\"es_ES\" \/>\n<meta property=\"og:type\" content=\"article\" \/>\n<meta property=\"og:title\" content=\"Half Day Small Game Fishing | Summer Wings Cruise\" \/>\n<meta property=\"og:description\" content=\"Small Game Fishing in Blue Bay lagoon. Private boat, all gear included, refreshments &amp; expert guidance. Fun family adventure for all ages!\" \/>\n<meta property=\"og:url\" content=\"https:\/\/www.summerwingscruise.com\/es\/medio-dia-de-pesca-de-animales-pequenos\/\" \/>\n<meta property=\"og:site_name\" content=\"Summer Wings Cruise\" \/>\n<meta property=\"article:modified_time\" content=\"2026-02-25T02:23:47+00:00\" \/>\n<meta name=\"twitter:card\" content=\"summary_large_image\" \/>\n<meta name=\"twitter:label1\" content=\"Tiempo de lectura\" \/>\n\t<meta name=\"twitter:data1\" content=\"3 minutos\" \/>\n<script type=\"application\/ld+json\" class=\"yoast-schema-graph\">{\"@context\":\"https:\/\/schema.org\",\"@graph\":[{\"@type\":\"WebPage\",\"@id\":\"https:\/\/www.summerwingscruise.com\/half-day-small-game-fishing\/\",\"url\":\"https:\/\/www.summerwingscruise.com\/half-day-small-game-fishing\/\",\"name\":\"Half Day Small Game Fishing | Summer Wings Cruise\",\"isPartOf\":{\"@id\":\"https:\/\/www.summerwingscruise.com\/#website\"},\"datePublished\":\"2024-07-24T11:48:09+00:00\",\"dateModified\":\"2026-02-25T02:23:47+00:00\",\"description\":\"Small Game Fishing in Blue Bay lagoon. Private boat, all gear included, refreshments & expert guidance. Fun family adventure for all ages!\",\"breadcrumb\":{\"@id\":\"https:\/\/www.summerwingscruise.com\/half-day-small-game-fishing\/#breadcrumb\"},\"inLanguage\":\"es\",\"potentialAction\":[{\"@type\":\"ReadAction\",\"target\":[\"https:\/\/www.summerwingscruise.com\/half-day-small-game-fishing\/\"]}]},{\"@type\":\"BreadcrumbList\",\"@id\":\"https:\/\/www.summerwingscruise.com\/half-day-small-game-fishing\/#breadcrumb\",\"itemListElement\":[{\"@type\":\"ListItem\",\"position\":1,\"name\":\"Home\",\"item\":\"https:\/\/www.summerwingscruise.com\/\"},{\"@type\":\"ListItem\",\"position\":2,\"name\":\"Half Day Small Game Fishing\"}]},{\"@type\":\"WebSite\",\"@id\":\"https:\/\/www.summerwingscruise.com\/#website\",\"url\":\"https:\/\/www.summerwingscruise.com\/\",\"name\":\"Summer Wings Cruise\",\"description\":\"Cruise the Lagoon of South-East Mauritius\",\"potentialAction\":[{\"@type\":\"SearchAction\",\"target\":{\"@type\":\"EntryPoint\",\"urlTemplate\":\"https:\/\/www.summerwingscruise.com\/?s={search_term_string}\"},\"query-input\":{\"@type\":\"PropertyValueSpecification\",\"valueRequired\":true,\"valueName\":\"search_term_string\"}}],\"inLanguage\":\"es\"}]}<\/script>\n<!-- \/ Yoast SEO plugin. -->","yoast_head_json":{"title":"Medio d\u00eda de pesca de animales peque\u00f1os | Summer Wings Cruise","description":"Pesca de altura en la laguna de Blue Bay. Embarcaci\u00f3n privada, todo el equipo incluido, refrescos y gu\u00eda experta. \u00a1Una divertida aventura familiar para todas las edades!","robots":{"index":"index","follow":"follow","max-snippet":"max-snippet:-1","max-image-preview":"max-image-preview:large","max-video-preview":"max-video-preview:-1"},"canonical":"https:\/\/www.summerwingscruise.com\/es\/medio-dia-de-pesca-de-animales-pequenos\/","og_locale":"es_ES","og_type":"article","og_title":"Half Day Small Game Fishing | Summer Wings Cruise","og_description":"Small Game Fishing in Blue Bay lagoon. Private boat, all gear included, refreshments & expert guidance. Fun family adventure for all ages!","og_url":"https:\/\/www.summerwingscruise.com\/es\/medio-dia-de-pesca-de-animales-pequenos\/","og_site_name":"Summer Wings Cruise","article_modified_time":"2026-02-25T02:23:47+00:00","twitter_card":"summary_large_image","twitter_misc":{"Tiempo de lectura":"3 minutos"},"schema":{"@context":"https:\/\/schema.org","@graph":[{"@type":"WebPage","@id":"https:\/\/www.summerwingscruise.com\/half-day-small-game-fishing\/","url":"https:\/\/www.summerwingscruise.com\/half-day-small-game-fishing\/","name":"Medio d\u00eda de pesca de animales peque\u00f1os | Summer Wings Cruise","isPartOf":{"@id":"https:\/\/www.summerwingscruise.com\/#website"},"datePublished":"2024-07-24T11:48:09+00:00","dateModified":"2026-02-25T02:23:47+00:00","description":"Pesca de altura en la laguna de Blue Bay. Embarcaci\u00f3n privada, todo el equipo incluido, refrescos y gu\u00eda experta. \u00a1Una divertida aventura familiar para todas las edades!","breadcrumb":{"@id":"https:\/\/www.summerwingscruise.com\/half-day-small-game-fishing\/#breadcrumb"},"inLanguage":"es","potentialAction":[{"@type":"ReadAction","target":["https:\/\/www.summerwingscruise.com\/half-day-small-game-fishing\/"]}]},{"@type":"BreadcrumbList","@id":"https:\/\/www.summerwingscruise.com\/half-day-small-game-fishing\/#breadcrumb","itemListElement":[{"@type":"ListItem","position":1,"name":"Home","item":"https:\/\/www.summerwingscruise.com\/"},{"@type":"ListItem","position":2,"name":"Half Day Small Game Fishing"}]},{"@type":"WebSite","@id":"https:\/\/www.summerwingscruise.com\/#website","url":"https:\/\/www.summerwingscruise.com\/","name":"Summer Wings Cruise","description":"Crucero por la laguna del sureste de Mauricio","potentialAction":[{"@type":"SearchAction","target":{"@type":"EntryPoint","urlTemplate":"https:\/\/www.summerwingscruise.com\/?s={search_term_string}"},"query-input":{"@type":"PropertyValueSpecification","valueRequired":true,"valueName":"search_term_string"}}],"inLanguage":"es"}]}},"_links":{"self":[{"href":"https:\/\/www.summerwingscruise.com\/es\/wp-json\/wp\/v2\/pages\/226","targetHints":{"allow":["GET"]}}],"collection":[{"href":"https:\/\/www.summerwingscruise.com\/es\/wp-json\/wp\/v2\/pages"}],"about":[{"href":"https:\/\/www.summerwingscruise.com\/es\/wp-json\/wp\/v2\/types\/page"}],"author":[{"embeddable":true,"href":"https:\/\/www.summerwingscruise.com\/es\/wp-json\/wp\/v2\/users\/1"}],"replies":[{"embeddable":true,"href":"https:\/\/www.summerwingscruise.com\/es\/wp-json\/wp\/v2\/comments?post=226"}],"version-history":[{"count":10,"href":"https:\/\/www.summerwingscruise.com\/es\/wp-json\/wp\/v2\/pages\/226\/revisions"}],"predecessor-version":[{"id":607,"href":"https:\/\/www.summerwingscruise.com\/es\/wp-json\/wp\/v2\/pages\/226\/revisions\/607"}],"wp:attachment":[{"href":"https:\/\/www.summerwingscruise.com\/es\/wp-json\/wp\/v2\/media?parent=226"}],"curies":[{"name":"gracias","href":"https:\/\/api.w.org\/{rel}","templated":true}]}}