{"id":613,"date":"2026-04-20T22:23:12","date_gmt":"2026-04-20T18:23:12","guid":{"rendered":"https:\/\/www.summerwingscruise.com\/?page_id=613"},"modified":"2026-04-20T22:23:13","modified_gmt":"2026-04-20T18:23:13","slug":"excursion-de-snorkel-a-3-puntos-de-descubrimiento-de-la-laguna","status":"publish","type":"page","link":"https:\/\/www.summerwingscruise.com\/es\/snorkeling-tour-3-spot-lagoon-discovery\/","title":{"rendered":"Excursi\u00f3n de snorkel: Descubrimiento de la laguna de 3 puntos"},"content":{"rendered":"<section class=\"bde-section-613-100 bde-section\">\n              \n  \n  \n\t\n\n  <div class=\"section-background-overlay\"><\/div>\n\n\n<div class=\"section-container\"><h1 class=\"bde-heading-613-101 bde-heading\">\nExcursi\u00f3n privada de snorkel -<br>Descubrimiento de la laguna de 3 puntos\n<\/h1><\/div>\n<\/section><section class=\"bde-section-613-102 bde-section\">\n  \n  \n\t\n\n\n\n<div class=\"section-container\"><h2 class=\"bde-heading-613-103 bde-heading\">\n3 horas: Lancha r\u00e1pida privada\n<\/h2><div class=\"bde-icon-list-613-104 bde-icon-list\">\n<ul>\n  <\/ul>\n\n<\/div><div class=\"bde-rich-text-613-114 bde-rich-text breakdance-rich-text-styles\">\n<p>Explore la laguna sureste de Mauricio en una excursi\u00f3n privada de snorkel de 3 horas. Esta excursi\u00f3n visita tres lugares distintos, desde las corrientes de <strong>Isla de las Aigrettes<\/strong> a los arrecifes de <strong>Trou Capitaine<\/strong>. Tambi\u00e9n visitar\u00e1s un <strong>sitio de cultivo de coral<\/strong> donde, si tienes suerte, podr\u00e1s ver delfines o tortugas marinas en su h\u00e1bitat natural.<\/p>\n<\/div><div class=\"bde-gallery-613-106 bde-gallery\">\n\n\n  \n\n\n\n\n\n\n\n\n\n\n<div class=\"ee-gallery ee-gallery--default ee-gallery--grid ee-gallery--single ee-gallery--lightbox ee-gallery--zoom-out ee-gallery--caption- ee-gallery--caption-none ee-gallery--ratio\">\n                  \n      <a class=\"ee-gallery-item ee-gallery-item--image ee-gallery-item--single\" href=\"https:\/\/www.summerwingscruise.com\/wp-content\/uploads\/2024\/07\/Blue-Bay-Marine-Park-Ile-aux-Aigrettes.webp\"  data-sub-html=\"<span><\/span>\" data-category=\"1\"                  data-lg-size=\"1920-1080\"\n\n      >\n        <figure class=\"ee-gallery-item-figure\">\n                        <img decoding=\"async\" class=\"breakdance-image-object\" src=\"https:\/\/www.summerwingscruise.com\/wp-content\/uploads\/2024\/07\/Blue-Bay-Marine-Park-Ile-aux-Aigrettes-1024x576.webp\" width=\"1024\" height=\"576\" srcset=\"https:\/\/www.summerwingscruise.com\/wp-content\/uploads\/2024\/07\/Blue-Bay-Marine-Park-Ile-aux-Aigrettes.webp 1920w, https:\/\/www.summerwingscruise.com\/wp-content\/uploads\/2024\/07\/Blue-Bay-Marine-Park-Ile-aux-Aigrettes-300x169.webp 300w, https:\/\/www.summerwingscruise.com\/wp-content\/uploads\/2024\/07\/Blue-Bay-Marine-Park-Ile-aux-Aigrettes-1024x576.webp 1024w, https:\/\/www.summerwingscruise.com\/wp-content\/uploads\/2024\/07\/Blue-Bay-Marine-Park-Ile-aux-Aigrettes-768x432.webp 768w, https:\/\/www.summerwingscruise.com\/wp-content\/uploads\/2024\/07\/Blue-Bay-Marine-Park-Ile-aux-Aigrettes-1536x864.webp 1536w\" sizes=\"auto, (max-width: 1920px) 100vw, 1920px\" alt=\"Parque Marino Blue Bay - Isla de Aigrettes\" loading=\"lazy\">\n          \n                  <\/figure>\n      <\/a>\n\n                \n      <a class=\"ee-gallery-item ee-gallery-item--image ee-gallery-item--single\" href=\"https:\/\/www.summerwingscruise.com\/wp-content\/uploads\/2024\/07\/Snorkeling-in-Blue-Bay-Marine-Park-Underwater-Photo3.webp\"  data-sub-html=\"<span><\/span>\" data-category=\"1\"                  data-lg-size=\"1280-720\"\n\n      >\n        <figure class=\"ee-gallery-item-figure\">\n                        <img decoding=\"async\" class=\"breakdance-image-object\" src=\"https:\/\/www.summerwingscruise.com\/wp-content\/uploads\/2024\/07\/Snorkeling-in-Blue-Bay-Marine-Park-Underwater-Photo3-1024x576.webp\" width=\"1024\" height=\"576\" srcset=\"https:\/\/www.summerwingscruise.com\/wp-content\/uploads\/2024\/07\/Snorkeling-in-Blue-Bay-Marine-Park-Underwater-Photo3.webp 1280w, https:\/\/www.summerwingscruise.com\/wp-content\/uploads\/2024\/07\/Snorkeling-in-Blue-Bay-Marine-Park-Underwater-Photo3-300x169.webp 300w, https:\/\/www.summerwingscruise.com\/wp-content\/uploads\/2024\/07\/Snorkeling-in-Blue-Bay-Marine-Park-Underwater-Photo3-1024x576.webp 1024w, https:\/\/www.summerwingscruise.com\/wp-content\/uploads\/2024\/07\/Snorkeling-in-Blue-Bay-Marine-Park-Underwater-Photo3-768x432.webp 768w\" sizes=\"auto, (max-width: 1280px) 100vw, 1280px\" alt=\"Snorkel en el parque marino Blue Bay - Foto submarina 3\" loading=\"lazy\">\n          \n                  <\/figure>\n      <\/a>\n\n                \n      <a class=\"ee-gallery-item ee-gallery-item--image ee-gallery-item--single\" href=\"https:\/\/www.summerwingscruise.com\/wp-content\/uploads\/2024\/03\/308509665_126529273495334_3341360970478702107_n.jpg\"  data-sub-html=\"<span><\/span>\" data-category=\"1\"                  data-lg-size=\"1080-1080\"\n\n      >\n        <figure class=\"ee-gallery-item-figure\">\n                        <img decoding=\"async\" class=\"breakdance-image-object\" src=\"https:\/\/www.summerwingscruise.com\/wp-content\/uploads\/2024\/03\/308509665_126529273495334_3341360970478702107_n-1024x1024.jpg\" width=\"1024\" height=\"1024\" srcset=\"https:\/\/www.summerwingscruise.com\/wp-content\/uploads\/2024\/03\/308509665_126529273495334_3341360970478702107_n.jpg 1080w, https:\/\/www.summerwingscruise.com\/wp-content\/uploads\/2024\/03\/308509665_126529273495334_3341360970478702107_n-300x300.jpg 300w, https:\/\/www.summerwingscruise.com\/wp-content\/uploads\/2024\/03\/308509665_126529273495334_3341360970478702107_n-1024x1024.jpg 1024w, https:\/\/www.summerwingscruise.com\/wp-content\/uploads\/2024\/03\/308509665_126529273495334_3341360970478702107_n-150x150.jpg 150w, https:\/\/www.summerwingscruise.com\/wp-content\/uploads\/2024\/03\/308509665_126529273495334_3341360970478702107_n-768x768.jpg 768w\" sizes=\"auto, (max-width: 1080px) 100vw, 1080px\" alt=\"Summer Wings Cruise Esn\u00f3rquel en el parque marino Blue Bay\" loading=\"lazy\">\n          \n                  <\/figure>\n      <\/a>\n\n                \n      <a class=\"ee-gallery-item ee-gallery-item--image ee-gallery-item--single\" href=\"https:\/\/www.summerwingscruise.com\/wp-content\/uploads\/2024\/07\/Blue-Bay-Marine-Park-Underwater-Photo.webp\"  data-sub-html=\"<span><\/span>\" data-category=\"1\"                  data-lg-size=\"1920-1080\"\n\n      >\n        <figure class=\"ee-gallery-item-figure\">\n                        <img decoding=\"async\" class=\"breakdance-image-object\" src=\"https:\/\/www.summerwingscruise.com\/wp-content\/uploads\/2024\/07\/Blue-Bay-Marine-Park-Underwater-Photo-1024x576.webp\" width=\"1024\" height=\"576\" srcset=\"https:\/\/www.summerwingscruise.com\/wp-content\/uploads\/2024\/07\/Blue-Bay-Marine-Park-Underwater-Photo.webp 1920w, https:\/\/www.summerwingscruise.com\/wp-content\/uploads\/2024\/07\/Blue-Bay-Marine-Park-Underwater-Photo-300x169.webp 300w, https:\/\/www.summerwingscruise.com\/wp-content\/uploads\/2024\/07\/Blue-Bay-Marine-Park-Underwater-Photo-1024x576.webp 1024w, https:\/\/www.summerwingscruise.com\/wp-content\/uploads\/2024\/07\/Blue-Bay-Marine-Park-Underwater-Photo-768x432.webp 768w, https:\/\/www.summerwingscruise.com\/wp-content\/uploads\/2024\/07\/Blue-Bay-Marine-Park-Underwater-Photo-1536x864.webp 1536w\" sizes=\"auto, (max-width: 1920px) 100vw, 1920px\" alt=\"Parque marino Blue Bay - Fotograf\u00eda submarina\" loading=\"lazy\">\n          \n                  <\/figure>\n      <\/a>\n\n                \n      <a class=\"ee-gallery-item ee-gallery-item--image ee-gallery-item--single\" href=\"https:\/\/www.summerwingscruise.com\/wp-content\/uploads\/2024\/07\/Blue-Bay-Marine-Park-Underwater-Photo2.webp\"  data-sub-html=\"<span><\/span>\" data-category=\"1\"                  data-lg-size=\"1280-720\"\n\n      >\n        <figure class=\"ee-gallery-item-figure\">\n                        <img decoding=\"async\" class=\"breakdance-image-object\" src=\"https:\/\/www.summerwingscruise.com\/wp-content\/uploads\/2024\/07\/Blue-Bay-Marine-Park-Underwater-Photo2-1024x576.webp\" width=\"1024\" height=\"576\" srcset=\"https:\/\/www.summerwingscruise.com\/wp-content\/uploads\/2024\/07\/Blue-Bay-Marine-Park-Underwater-Photo2.webp 1280w, https:\/\/www.summerwingscruise.com\/wp-content\/uploads\/2024\/07\/Blue-Bay-Marine-Park-Underwater-Photo2-300x169.webp 300w, https:\/\/www.summerwingscruise.com\/wp-content\/uploads\/2024\/07\/Blue-Bay-Marine-Park-Underwater-Photo2-1024x576.webp 1024w, https:\/\/www.summerwingscruise.com\/wp-content\/uploads\/2024\/07\/Blue-Bay-Marine-Park-Underwater-Photo2-768x432.webp 768w\" sizes=\"auto, (max-width: 1280px) 100vw, 1280px\" alt=\"Parque marino Blue Bay - Foto submarina 2\" loading=\"lazy\">\n          \n                  <\/figure>\n      <\/a>\n\n                \n      <a class=\"ee-gallery-item ee-gallery-item--image ee-gallery-item--single\" href=\"https:\/\/www.summerwingscruise.com\/wp-content\/uploads\/2024\/07\/Blue-Bay-Marine-Park-Underwater-Photo4.webp\"  data-sub-html=\"<span><\/span>\" data-category=\"1\"                  data-lg-size=\"1280-720\"\n\n      >\n        <figure class=\"ee-gallery-item-figure\">\n                        <img decoding=\"async\" class=\"breakdance-image-object\" src=\"https:\/\/www.summerwingscruise.com\/wp-content\/uploads\/2024\/07\/Blue-Bay-Marine-Park-Underwater-Photo4-1024x576.webp\" width=\"1024\" height=\"576\" srcset=\"https:\/\/www.summerwingscruise.com\/wp-content\/uploads\/2024\/07\/Blue-Bay-Marine-Park-Underwater-Photo4.webp 1280w, https:\/\/www.summerwingscruise.com\/wp-content\/uploads\/2024\/07\/Blue-Bay-Marine-Park-Underwater-Photo4-300x169.webp 300w, https:\/\/www.summerwingscruise.com\/wp-content\/uploads\/2024\/07\/Blue-Bay-Marine-Park-Underwater-Photo4-1024x576.webp 1024w, https:\/\/www.summerwingscruise.com\/wp-content\/uploads\/2024\/07\/Blue-Bay-Marine-Park-Underwater-Photo4-768x432.webp 768w\" sizes=\"auto, (max-width: 1280px) 100vw, 1280px\" alt=\"Parque marino Blue Bay - Foto submarina 4\" loading=\"lazy\">\n          \n                  <\/figure>\n      <\/a>\n\n      \n  <\/div>\n\n\n\n<\/div><div class=\"bde-div-613-107 bde-div\">\n  \n  \n\t\n\n\n\n<div class=\"bde-columns-613-108 bde-columns\"><div class=\"bde-column-613-109 bde-column\">\n  \n  \n\t\n\n\n\n<div class=\"bde-rich-text-613-110 bde-rich-text breakdance-rich-text-styles\">\n<h2>Incluido en su paquete:<\/h2>\n<ul>\n<li>\n<p data-path-to-node=\"4,0,0\"><b data-path-to-node=\"4,0,0\" data-index-in-node=\"0\">Snorkel a la deriva en Ile aux Aigrettes:<\/b> Experimenta la sensaci\u00f3n de &quot;buceo a la deriva&quot;. Deja que las corrientes naturales de la laguna te lleven sobre los vibrantes arrecifes de coral que bordean la famosa reserva natural de la Isla de las Agrettes.<br \/><br \/><\/p>\n<\/li>\n<li>\n<p data-path-to-node=\"4,1,0\"><b data-path-to-node=\"4,1,0\" data-index-in-node=\"0\">Exploraci\u00f3n de Trou Capitaine:<\/b> Sum\u00e9rgete en las aguas cristalinas de Trou Capitaine, uno de los lugares m\u00e1s famosos de la regi\u00f3n para practicar esn\u00f3rquel. Esta zona es conocida por sus impresionantes formaciones coralinas y la gran cantidad de especies de peces tropicales que alberga.<br \/><br \/><\/p>\n<\/li>\n<li>\n<p data-path-to-node=\"4,2,0\"><b data-path-to-node=\"4,2,0\" data-index-in-node=\"0\">Granja de coral y descubrimiento de vida silvestre:<\/b> Visita un centro local de cultivo de coral para observar la restauraci\u00f3n marina en acci\u00f3n. Esta zona es un santuario natural; con un poco de suerte, podr\u00e1s avistar tortugas marinas o delfines juguetones que suelen transitar por estas aguas ricas en nutrientes.<br \/><br \/><\/p>\n<\/li>\n<li>\n<p data-path-to-node=\"4,3,0\"><b data-path-to-node=\"4,3,0\" data-index-in-node=\"0\">Equipo de snorkel:<\/b> Proporcionamos m\u00e1scaras, tubos de snorkel y aletas de alta calidad a todos los participantes para garantizar una experiencia c\u00f3moda y segura.<br \/><br \/><\/p>\n<\/li>\n<li>\n<p data-path-to-node=\"4,4,0\"><b data-path-to-node=\"4,4,0\" data-index-in-node=\"0\">Refrescos:<\/b> Mant\u00e9ngase hidratado con agua y refrescos gratuitos que se sirven a bordo durante todo el viaje.<\/p>\n<\/li>\n<\/ul>\n<\/div>\n<\/div><div class=\"bde-column-613-111 bde-column\">\n  \n  \n\t\n\n\n\n<div class=\"bde-pricing-table-613-112 bde-pricing-table bde-pricing-table--featured\">\n\n\n\n\n\n<div class='bde-pricing-table__price-area'>\n\n  \n  <div class=\"bde-pricing-table__price-area--amount-and-period-wrapper\">\n\n    <div class=\"bde-pricing-table__price-area--amount\">\n      <span class=\"bde-pricing-table__price-area--amount-currency\" >\n        \u20ac\n      <\/span>\n      <span class=\"bde-pricing-table__price-area--amount-number\">\n        <span class=\"bde-pricing-table__price-area--amount-number-main\" >\n          250\n        <\/span>\n              <\/span>\n    <\/div>\n\n          <span class=\"bde-pricing-table__price-area--billing-period\" >\n        para 4 personas\n      <\/span>\n    \n  <\/div>\n\n  <\/div>\n\n\n\n\n  <ul class=\"bde-pricing-table__features\">\n    \n                    \n                    \n      \n      <li class=\"bde-pricing-table__features-item bde-pricing-table__features-item--included\">\n        <span class=\"bde-pricing-table__features-icon\">\n                      <svg xmlns=\"http:\/\/www.w3.org\/2000\/svg\" viewbox=\"0 0 24 24\"><path d=\"M18.71,7.21a1,1,0,0,0-1.42,0L9.84,14.67,6.71,11.53A1,1,0,1,0,5.29,13l3.84,3.84a1,1,0,0,0,1.42,0l8.16-8.16A1,1,0,0,0,18.71,7.21Z\"\/><\/svg>\n                  <\/span>\n        <span class=\"bde-pricing-table__features-text\" >\n          Tour privado en lancha r\u00e1pida\n        <\/span>\n      <\/li>\n    \n                    \n                    \n      \n      <li class=\"bde-pricing-table__features-item bde-pricing-table__features-item--included\">\n        <span class=\"bde-pricing-table__features-icon\">\n                      <svg xmlns=\"http:\/\/www.w3.org\/2000\/svg\" viewbox=\"0 0 24 24\"><path d=\"M18.71,7.21a1,1,0,0,0-1.42,0L9.84,14.67,6.71,11.53A1,1,0,1,0,5.29,13l3.84,3.84a1,1,0,0,0,1.42,0l8.16-8.16A1,1,0,0,0,18.71,7.21Z\"\/><\/svg>\n                  <\/span>\n        <span class=\"bde-pricing-table__features-text\" >\n          Patr\u00f3n y gu\u00eda dedicado\n        <\/span>\n      <\/li>\n    \n                    \n                    \n      \n      <li class=\"bde-pricing-table__features-item bde-pricing-table__features-item--included\">\n        <span class=\"bde-pricing-table__features-icon\">\n                      <svg xmlns=\"http:\/\/www.w3.org\/2000\/svg\" viewbox=\"0 0 24 24\"><path d=\"M18.71,7.21a1,1,0,0,0-1.42,0L9.84,14.67,6.71,11.53A1,1,0,1,0,5.29,13l3.84,3.84a1,1,0,0,0,1.42,0l8.16-8.16A1,1,0,0,0,18.71,7.21Z\"\/><\/svg>\n                  <\/span>\n        <span class=\"bde-pricing-table__features-text\" >\n          Equipo de snorkel\n        <\/span>\n      <\/li>\n    \n                    \n                    \n      \n      <li class=\"bde-pricing-table__features-item bde-pricing-table__features-item--included\">\n        <span class=\"bde-pricing-table__features-icon\">\n                      <svg xmlns=\"http:\/\/www.w3.org\/2000\/svg\" viewbox=\"0 0 24 24\"><path d=\"M18.71,7.21a1,1,0,0,0-1.42,0L9.84,14.67,6.71,11.53A1,1,0,1,0,5.29,13l3.84,3.84a1,1,0,0,0,1.42,0l8.16-8.16A1,1,0,0,0,18.71,7.21Z\"\/><\/svg>\n                  <\/span>\n        <span class=\"bde-pricing-table__features-text\" >\n          Bebidas incluidas\n        <\/span>\n      <\/li>\n      <\/ul>\n\n    \n                        \n                        \n    \n    \n    \n    \n            \n                    \n            \n            \n\n    \n    \n    \n    \n    \n    <a class=\"breakdance-link button-atom button-atom--custom bde-pricing-table__cta-button\" href=\"https:\/\/wa.me\/23057772051\" target=\"_self\" data-type=\"url\"  >\n\n    \n        <span class=\"button-atom__text\">Reservar ahora<\/span>\n\n                            \n        \n                <\/a>\n\n    \n\n\n<\/div>\n<\/div><\/div>\n<\/div><div class=\"bde-rich-text-613-113 bde-rich-text breakdance-rich-text-styles\">\n<h4>Informaci\u00f3n r\u00e1pida<\/h4>\n<ul>\n<li><strong>Duraci\u00f3n:<\/strong> 3 horas<\/li>\n<li><strong>Participantes:<\/strong> M\u00e1ximo 4 personas (Experiencia privada)<\/li>\n<\/ul>\n<h4>\u00a0<\/h4>\n<h4>informaci\u00f3n adicional<\/h4>\n<ul>\n<li><strong>Encuentros con la vida silvestre:<\/strong> Si bien la granja de coral es un lugar ideal para ver tortugas y delfines, se trata de animales salvajes en su h\u00e1bitat natural. Los avistamientos son frecuentes, pero no se pueden garantizar.<\/li>\n<li><strong>Experiencia privada:<\/strong> La embarcaci\u00f3n estar\u00e1 reservada exclusivamente para su grupo, lo que permitir\u00e1 un ritmo personalizado en cada lugar.<\/li>\n<li><strong>Seguridad y condiciones:<\/strong> Esta excursi\u00f3n est\u00e1 sujeta a las condiciones meteorol\u00f3gicas y de las mareas. Nuestros capitanes priorizan su seguridad y ajustar\u00e1n la ruta para garantizar la mejor visibilidad y aguas tranquilas.<\/li>\n<li><strong>Capacidad de nataci\u00f3n:<\/strong> Para disfrutar plenamente de los tres lugares diferentes, los hu\u00e9spedes deben sentirse c\u00f3modos nadando en aguas abiertas.<\/li>\n<\/ul>\n<\/div><\/div>\n<\/section>","protected":false},"excerpt":{"rendered":"<p>Private Snorkeling Tour -3-Spot Lagoon Discovery 3 Hours: Private Speedboat Explore the South East lagoon of Mauritius on a 3-hour private snorkeling trip. This excursion visits three distinct locations, from the currents of Ile aux Aigrettes to the reefs of Trou Capitaine. You will also visit a coral farming site where, if you are lucky, [&hellip;]<\/p>\n","protected":false},"author":1,"featured_media":37,"parent":0,"menu_order":0,"comment_status":"closed","ping_status":"closed","template":"","meta":{"_breakdance_hide_in_design_set":false,"_breakdance_tags":"","footnotes":""},"class_list":["post-613","page","type-page","status-publish","has-post-thumbnail","hentry"],"yoast_head":"<!-- This site is optimized with the Yoast SEO plugin v27.0 - https:\/\/yoast.com\/product\/yoast-seo-wordpress\/ -->\n<title>Snorkeling Tour: 3-Spot Lagoon Discovery | Summer Wings Cruise<\/title>\n<meta name=\"robots\" content=\"index, follow, max-snippet:-1, max-image-preview:large, max-video-preview:-1\" \/>\n<link rel=\"canonical\" href=\"https:\/\/www.summerwingscruise.com\/es\/excursion-de-snorkel-a-3-puntos-de-descubrimiento-de-la-laguna\/\" \/>\n<meta property=\"og:locale\" content=\"es_ES\" \/>\n<meta property=\"og:type\" content=\"article\" \/>\n<meta property=\"og:title\" content=\"Snorkeling Tour: 3-Spot Lagoon Discovery | Summer Wings Cruise\" \/>\n<meta property=\"og:description\" content=\"Private Snorkeling Tour -3-Spot Lagoon Discovery 3 Hours: Private Speedboat Explore the South East lagoon of Mauritius on a 3-hour private snorkeling trip. This excursion visits three distinct locations, from the currents of Ile aux Aigrettes to the reefs of Trou Capitaine. You will also visit a coral farming site where, if you are lucky, [&hellip;]\" \/>\n<meta property=\"og:url\" content=\"https:\/\/www.summerwingscruise.com\/es\/excursion-de-snorkel-a-3-puntos-de-descubrimiento-de-la-laguna\/\" \/>\n<meta property=\"og:site_name\" content=\"Summer Wings Cruise\" \/>\n<meta property=\"article:modified_time\" content=\"2026-04-20T18:23:13+00:00\" \/>\n<meta property=\"og:image\" content=\"https:\/\/www.summerwingscruise.com\/wp-content\/uploads\/2024\/03\/308509665_126529273495334_3341360970478702107_n.jpg\" \/>\n\t<meta property=\"og:image:width\" content=\"1080\" \/>\n\t<meta property=\"og:image:height\" content=\"1080\" \/>\n\t<meta property=\"og:image:type\" content=\"image\/jpeg\" \/>\n<meta name=\"twitter:card\" content=\"summary_large_image\" \/>\n<meta name=\"twitter:label1\" content=\"Tiempo de lectura\" \/>\n\t<meta name=\"twitter:data1\" content=\"3 minutos\" \/>\n<script type=\"application\/ld+json\" class=\"yoast-schema-graph\">{\"@context\":\"https:\/\/schema.org\",\"@graph\":[{\"@type\":\"WebPage\",\"@id\":\"https:\/\/www.summerwingscruise.com\/snorkeling-tour-3-spot-lagoon-discovery\/\",\"url\":\"https:\/\/www.summerwingscruise.com\/snorkeling-tour-3-spot-lagoon-discovery\/\",\"name\":\"Snorkeling Tour: 3-Spot Lagoon Discovery | Summer Wings Cruise\",\"isPartOf\":{\"@id\":\"https:\/\/www.summerwingscruise.com\/#website\"},\"primaryImageOfPage\":{\"@id\":\"https:\/\/www.summerwingscruise.com\/snorkeling-tour-3-spot-lagoon-discovery\/#primaryimage\"},\"image\":{\"@id\":\"https:\/\/www.summerwingscruise.com\/snorkeling-tour-3-spot-lagoon-discovery\/#primaryimage\"},\"thumbnailUrl\":\"https:\/\/www.summerwingscruise.com\/wp-content\/uploads\/2024\/03\/308509665_126529273495334_3341360970478702107_n.jpg\",\"datePublished\":\"2026-04-20T18:23:12+00:00\",\"dateModified\":\"2026-04-20T18:23:13+00:00\",\"breadcrumb\":{\"@id\":\"https:\/\/www.summerwingscruise.com\/snorkeling-tour-3-spot-lagoon-discovery\/#breadcrumb\"},\"inLanguage\":\"es\",\"potentialAction\":[{\"@type\":\"ReadAction\",\"target\":[\"https:\/\/www.summerwingscruise.com\/snorkeling-tour-3-spot-lagoon-discovery\/\"]}]},{\"@type\":\"ImageObject\",\"inLanguage\":\"es\",\"@id\":\"https:\/\/www.summerwingscruise.com\/snorkeling-tour-3-spot-lagoon-discovery\/#primaryimage\",\"url\":\"https:\/\/www.summerwingscruise.com\/wp-content\/uploads\/2024\/03\/308509665_126529273495334_3341360970478702107_n.jpg\",\"contentUrl\":\"https:\/\/www.summerwingscruise.com\/wp-content\/uploads\/2024\/03\/308509665_126529273495334_3341360970478702107_n.jpg\",\"width\":1080,\"height\":1080,\"caption\":\"Summer Wings Cruise Snorkelling Blue Bay Marine Park\"},{\"@type\":\"BreadcrumbList\",\"@id\":\"https:\/\/www.summerwingscruise.com\/snorkeling-tour-3-spot-lagoon-discovery\/#breadcrumb\",\"itemListElement\":[{\"@type\":\"ListItem\",\"position\":1,\"name\":\"Home\",\"item\":\"https:\/\/www.summerwingscruise.com\/\"},{\"@type\":\"ListItem\",\"position\":2,\"name\":\"Snorkeling Tour: 3-Spot Lagoon Discovery\"}]},{\"@type\":\"WebSite\",\"@id\":\"https:\/\/www.summerwingscruise.com\/#website\",\"url\":\"https:\/\/www.summerwingscruise.com\/\",\"name\":\"Summer Wings Cruise\",\"description\":\"Cruise the Lagoon of South-East Mauritius\",\"potentialAction\":[{\"@type\":\"SearchAction\",\"target\":{\"@type\":\"EntryPoint\",\"urlTemplate\":\"https:\/\/www.summerwingscruise.com\/?s={search_term_string}\"},\"query-input\":{\"@type\":\"PropertyValueSpecification\",\"valueRequired\":true,\"valueName\":\"search_term_string\"}}],\"inLanguage\":\"es\"}]}<\/script>\n<!-- \/ Yoast SEO plugin. -->","yoast_head_json":{"title":"Excursi\u00f3n de snorkel: Descubrimiento de 3 puntos en la laguna | Summer Wings Cruise","robots":{"index":"index","follow":"follow","max-snippet":"max-snippet:-1","max-image-preview":"max-image-preview:large","max-video-preview":"max-video-preview:-1"},"canonical":"https:\/\/www.summerwingscruise.com\/es\/excursion-de-snorkel-a-3-puntos-de-descubrimiento-de-la-laguna\/","og_locale":"es_ES","og_type":"article","og_title":"Snorkeling Tour: 3-Spot Lagoon Discovery | Summer Wings Cruise","og_description":"Private Snorkeling Tour -3-Spot Lagoon Discovery 3 Hours: Private Speedboat Explore the South East lagoon of Mauritius on a 3-hour private snorkeling trip. This excursion visits three distinct locations, from the currents of Ile aux Aigrettes to the reefs of Trou Capitaine. You will also visit a coral farming site where, if you are lucky, [&hellip;]","og_url":"https:\/\/www.summerwingscruise.com\/es\/excursion-de-snorkel-a-3-puntos-de-descubrimiento-de-la-laguna\/","og_site_name":"Summer Wings Cruise","article_modified_time":"2026-04-20T18:23:13+00:00","og_image":[{"width":1080,"height":1080,"url":"https:\/\/www.summerwingscruise.com\/wp-content\/uploads\/2024\/03\/308509665_126529273495334_3341360970478702107_n.jpg","type":"image\/jpeg"}],"twitter_card":"summary_large_image","twitter_misc":{"Tiempo de lectura":"3 minutos"},"schema":{"@context":"https:\/\/schema.org","@graph":[{"@type":"WebPage","@id":"https:\/\/www.summerwingscruise.com\/snorkeling-tour-3-spot-lagoon-discovery\/","url":"https:\/\/www.summerwingscruise.com\/snorkeling-tour-3-spot-lagoon-discovery\/","name":"Excursi\u00f3n de snorkel: Descubrimiento de 3 puntos en la laguna | Summer Wings Cruise","isPartOf":{"@id":"https:\/\/www.summerwingscruise.com\/#website"},"primaryImageOfPage":{"@id":"https:\/\/www.summerwingscruise.com\/snorkeling-tour-3-spot-lagoon-discovery\/#primaryimage"},"image":{"@id":"https:\/\/www.summerwingscruise.com\/snorkeling-tour-3-spot-lagoon-discovery\/#primaryimage"},"thumbnailUrl":"https:\/\/www.summerwingscruise.com\/wp-content\/uploads\/2024\/03\/308509665_126529273495334_3341360970478702107_n.jpg","datePublished":"2026-04-20T18:23:12+00:00","dateModified":"2026-04-20T18:23:13+00:00","breadcrumb":{"@id":"https:\/\/www.summerwingscruise.com\/snorkeling-tour-3-spot-lagoon-discovery\/#breadcrumb"},"inLanguage":"es","potentialAction":[{"@type":"ReadAction","target":["https:\/\/www.summerwingscruise.com\/snorkeling-tour-3-spot-lagoon-discovery\/"]}]},{"@type":"ImageObject","inLanguage":"es","@id":"https:\/\/www.summerwingscruise.com\/snorkeling-tour-3-spot-lagoon-discovery\/#primaryimage","url":"https:\/\/www.summerwingscruise.com\/wp-content\/uploads\/2024\/03\/308509665_126529273495334_3341360970478702107_n.jpg","contentUrl":"https:\/\/www.summerwingscruise.com\/wp-content\/uploads\/2024\/03\/308509665_126529273495334_3341360970478702107_n.jpg","width":1080,"height":1080,"caption":"Summer Wings Cruise Snorkelling Blue Bay Marine Park"},{"@type":"BreadcrumbList","@id":"https:\/\/www.summerwingscruise.com\/snorkeling-tour-3-spot-lagoon-discovery\/#breadcrumb","itemListElement":[{"@type":"ListItem","position":1,"name":"Home","item":"https:\/\/www.summerwingscruise.com\/"},{"@type":"ListItem","position":2,"name":"Snorkeling Tour: 3-Spot Lagoon Discovery"}]},{"@type":"WebSite","@id":"https:\/\/www.summerwingscruise.com\/#website","url":"https:\/\/www.summerwingscruise.com\/","name":"Summer Wings Cruise","description":"Crucero por la laguna del sureste de Mauricio","potentialAction":[{"@type":"SearchAction","target":{"@type":"EntryPoint","urlTemplate":"https:\/\/www.summerwingscruise.com\/?s={search_term_string}"},"query-input":{"@type":"PropertyValueSpecification","valueRequired":true,"valueName":"search_term_string"}}],"inLanguage":"es"}]}},"_links":{"self":[{"href":"https:\/\/www.summerwingscruise.com\/es\/wp-json\/wp\/v2\/pages\/613","targetHints":{"allow":["GET"]}}],"collection":[{"href":"https:\/\/www.summerwingscruise.com\/es\/wp-json\/wp\/v2\/pages"}],"about":[{"href":"https:\/\/www.summerwingscruise.com\/es\/wp-json\/wp\/v2\/types\/page"}],"author":[{"embeddable":true,"href":"https:\/\/www.summerwingscruise.com\/es\/wp-json\/wp\/v2\/users\/1"}],"replies":[{"embeddable":true,"href":"https:\/\/www.summerwingscruise.com\/es\/wp-json\/wp\/v2\/comments?post=613"}],"version-history":[{"count":3,"href":"https:\/\/www.summerwingscruise.com\/es\/wp-json\/wp\/v2\/pages\/613\/revisions"}],"predecessor-version":[{"id":617,"href":"https:\/\/www.summerwingscruise.com\/es\/wp-json\/wp\/v2\/pages\/613\/revisions\/617"}],"wp:featuredmedia":[{"embeddable":true,"href":"https:\/\/www.summerwingscruise.com\/es\/wp-json\/wp\/v2\/media\/37"}],"wp:attachment":[{"href":"https:\/\/www.summerwingscruise.com\/es\/wp-json\/wp\/v2\/media?parent=613"}],"curies":[{"name":"gracias","href":"https:\/\/api.w.org\/{rel}","templated":true}]}}