{"id":135,"date":"2024-04-18T23:27:48","date_gmt":"2024-04-18T19:27:48","guid":{"rendered":"https:\/\/www.summerwingscruise.com\/?page_id=135"},"modified":"2025-12-28T14:52:53","modified_gmt":"2025-12-28T10:52:53","slug":"forfait-exclusif-dune-demi-journee","status":"publish","type":"page","link":"https:\/\/www.summerwingscruise.com\/fr\/half-day-exclusive-package\/","title":{"rendered":"Forfait exclusif d&#039;une demi-journ\u00e9e"},"content":{"rendered":"<section class=\"bde-section-135-133 bde-section\">\n              \n  \n  \n\t\n\n  <div class=\"section-background-overlay\"><\/div>\n\n\n<div class=\"section-container\"><h1 class=\"bde-heading-135-134 bde-heading\">\nDemi-journ\u00e9e<br> Forfait exclusif\n<\/h1><\/div>\n<\/section><section class=\"bde-section-135-135 bde-section\">\n  \n  \n\t\n\n\n\n<div class=\"section-container\"><h2 class=\"bde-heading-135-136 bde-heading\">\nDemi-journ\u00e9e : Bateau priv\u00e9\n<\/h2><div class=\"bde-icon-list-135-137 bde-icon-list\">\n<ul>\n  \n              \n    <li>\n              <div class='bde-icon-list__item-wrapper'>\n      \n      <span class='bde-icon-list__icon'>\n        <svg xmlns=\"http:\/\/www.w3.org\/2000\/svg\" viewbox=\"0 0 512 512\"><!-- Font Awesome Free 5.15.1 by @fontawesome - https:\/\/fontawesome.com License - https:\/\/fontawesome.com\/license\/free (Icons: CC BY 4.0, Fonts: SIL OFL 1.1, Code: MIT License) --><path d=\"M256 8C119 8 8 119 8 256s111 248 248 248 248-111 248-248S393 8 256 8zm0 448c-110.5 0-200-89.5-200-200S145.5 56 256 56s200 89.5 200 200-89.5 200-200 200zm61.8-104.4l-84.9-61.7c-3.1-2.3-4.9-5.9-4.9-9.7V116c0-6.6 5.4-12 12-12h32c6.6 0 12 5.4 12 12v141.7l66.8 48.6c5.4 3.9 6.5 11.4 2.6 16.8L334.6 349c-3.9 5.3-11.4 6.5-16.8 2.6z\"\/><\/svg>\n      <\/span>\n      <span class='bde-icon-list__text' >\n      De 9h30 \u00e0 13h30.\n      <\/span>\n              <\/div>\n      \n    <\/li>\n\n  <\/ul>\n\n<\/div><div class=\"bde-text-135-138 bde-text\">\nLaissez-vous s\u00e9duire par un forfait exclusif d&#039;une demi-journ\u00e9e, une escapade luxueuse sur un bateau rapide priv\u00e9 adapt\u00e9 \u00e0 vos envies. <br>D\u00e9couvrez des criques \u00e0 couper le souffle, des plages pittoresques et laissez-vous \u00e9merveiller par la diversit\u00e9 multicolore de la vie marine sous les eaux cristallines.\n<\/div><h3 class=\"bde-heading-135-139 bde-heading\">\nL&#039;itin\u00e9raire :\n<\/h3><div class=\"bde-columns-135-140 bde-columns\"><div class=\"bde-column-135-141 bde-column\">\n  \n  \n\t\n\n\n\n<div class=\"bde-div-135-142 bde-div\">\n  \n  \n\t\n\n\n\n<h5 class=\"bde-heading-135-143 bde-heading\">\n1. Plong\u00e9e avec tuba dans le parc marin de Blue Bay :\n<\/h5><div class=\"bde-text-135-144 bde-text\">\nLe parc marin de Blue Bay est dot\u00e9 d'eaux cristallines, de fonds coralliens exceptionnels et d'une vie sous-marine dynamique qui vous laissera bouche b\u00e9e. Explorez les grands fonds coralliens ramifi\u00e9s et plats, qui abritent une grande vari\u00e9t\u00e9 d'esp\u00e8ces aquatiques, notamment des bancs de poissons chirurgiens, de poissons perroquets, de poissons demoiselles, de tortues marines, de poissons-sergents-majors et d'idoles maures. Restez dans les zones de plong\u00e9e en apn\u00e9e d\u00e9sign\u00e9es pour une exp\u00e9rience s\u00fbre et inoubliable dans ce parc tr\u00e8s r\u00e9put\u00e9.\n<\/div>\n<\/div><div class=\"bde-div-135-145 bde-div\">\n  \n  \n\t\n\n\n\n<h5 class=\"bde-heading-135-146 bde-heading\">\n2. Exploration de l&#039;\u00e9pave :\n<\/h5><div class=\"bde-text-135-147 bde-text\">\nD\u00e9couvrez l&#039;histoire fascinante de l&#039;\u00e9pave du Dalblair, un imposant navire \u00e0 vapeur britannique qui a connu une fin tragique en 1902 au large des c\u00f4tes de l&#039;\u00eele Maurice lors d&#039;une violente temp\u00eate. Explorez les vestiges inqui\u00e9tants de cette \u00e9pave, aujourd&#039;hui transform\u00e9e en r\u00e9cif artificiel regorgeant de vie marine, tout en plongeant dans les eaux pr\u00e8s de Pointe D&#039;Esny. Laissez votre guide d\u00e9voiler les myst\u00e8res entourant cette \u00e9pave historique.\n<\/div>\n<\/div><div class=\"bde-div-135-148 bde-div\">\n  \n  \n\t\n\n\n\n<h5 class=\"bde-heading-135-149 bde-heading\">\n3. Plong\u00e9e avec tuba sur l&#039;\u00eele Aigrette :\n<\/h5><div class=\"bde-text-135-150 bde-text\">\n\u00c9vadez-vous sur les c\u00f4tes est de l&#039;\u00eele Maurice, r\u00e9put\u00e9es pour leurs possibilit\u00e9s exceptionnelles de plong\u00e9e avec tuba, avec le paisible parc marin de Blue Bay offrant une oasis de tranquillit\u00e9. Plongez dans les eaux cristallines qui entourent l&#039;\u00eele Aigrette, une r\u00e9serve naturelle dot\u00e9e de jardins de corail immacul\u00e9s et d&#039;une vie marine abondante.\n<\/div>\n<\/div>\n<\/div><div class=\"bde-column-135-154 bde-column\">\n  \n  \n\t\n\n\n\n<div class=\"bde-div-135-158 bde-div\">\n  \n  \n\t\n\n\n\n<h5 class=\"bde-heading-135-159 bde-heading\">\n4. Spectacle des chutes d&#039;eau du Grand River South East\n<\/h5><div class=\"bde-text-135-160 bde-text\">\nAdmirez la grandeur de la cascade de la Grande Rivi\u00e8re du Sud-Est, la plus longue rivi\u00e8re de l&#039;\u00eele Maurice, o\u00f9 les fronti\u00e8res entre terre et mer s&#039;estompent dans une d\u00e9monstration spectaculaire de la puissance de la nature. Observez les cascades tonitruantes plonger dans l&#039;embouchure de la rivi\u00e8re, accessible en bateau pour un point de vue incomparable. Laissez votre guide vous d\u00e9voiler les merveilles g\u00e9ologiques qui ont sculpt\u00e9 cette merveille naturelle extraordinaire.\n<\/div>\n<\/div><div class=\"bde-div-135-161 bde-div\">\n  \n  \n\t\n\n\n\n<h5 class=\"bde-heading-135-162 bde-heading\">\n5. D\u00e9couvrir l&#039;Ile aux Cerfs :\n<\/h5><div class=\"bde-text-135-163 bde-text\">\nExplorez l&#039;idyllique Ile aux Cerfs, un paradis pittoresque nich\u00e9 au large de Trou d&#039;Eau Douce, dot\u00e9 de plages de sable blanc immacul\u00e9es, de sentiers naturels isol\u00e9s et d&#039;une myriade d&#039;activit\u00e9s nautiques exaltantes. Pr\u00e9lassez-vous dans la chaleur du soleil, faites une randonn\u00e9e \u00e0 travers les merveilles naturelles de l&#039;\u00eele ou participez \u00e0 des comp\u00e9titions amicales de sports nautiques : \u00e0 vous de choisir.\n<\/div>\n<\/div>\n<\/div><\/div><div class=\"bde-gallery-135-164 bde-gallery\">\n\n\n  \n\n\n\n\n\n\n\n\n\n\n<div class=\"ee-gallery ee-gallery--default ee-gallery--grid ee-gallery--single ee-gallery--lightbox ee-gallery--zoom-out ee-gallery--caption- ee-gallery--caption-none ee-gallery--ratio\">\n                  \n      <a class=\"ee-gallery-item ee-gallery-item--image ee-gallery-item--single\" href=\"https:\/\/www.summerwingscruise.com\/wp-content\/uploads\/2024\/03\/309898323_128186893329572_3291743308928035_n.jpg\"  data-sub-html=\"<span><\/span>\" data-category=\"1\"                  data-lg-size=\"1280-720\"\n\n      >\n        <figure class=\"ee-gallery-item-figure\">\n                        <img decoding=\"async\" class=\"breakdance-image-object\" src=\"https:\/\/www.summerwingscruise.com\/wp-content\/uploads\/2024\/03\/309898323_128186893329572_3291743308928035_n-1024x576.jpg\" width=\"1024\" height=\"576\" srcset=\"https:\/\/www.summerwingscruise.com\/wp-content\/uploads\/2024\/03\/309898323_128186893329572_3291743308928035_n.jpg 1280w, https:\/\/www.summerwingscruise.com\/wp-content\/uploads\/2024\/03\/309898323_128186893329572_3291743308928035_n-300x169.jpg 300w, https:\/\/www.summerwingscruise.com\/wp-content\/uploads\/2024\/03\/309898323_128186893329572_3291743308928035_n-1024x576.jpg 1024w, https:\/\/www.summerwingscruise.com\/wp-content\/uploads\/2024\/03\/309898323_128186893329572_3291743308928035_n-768x432.jpg 768w\" sizes=\"auto, (max-width: 1280px) 100vw, 1280px\" alt=\"Exploration de l&#039;\u00e9pave du navire Summer Wings Cruise\" loading=\"lazy\">\n          \n                  <\/figure>\n      <\/a>\n\n                \n      <a class=\"ee-gallery-item ee-gallery-item--image ee-gallery-item--single\" href=\"https:\/\/www.summerwingscruise.com\/wp-content\/uploads\/2024\/03\/Background-image.jpg\"  data-sub-html=\"<span><\/span>\" data-category=\"1\"                  data-lg-size=\"1360-766\"\n\n      >\n        <figure class=\"ee-gallery-item-figure\">\n                        <img decoding=\"async\" class=\"breakdance-image-object\" src=\"https:\/\/www.summerwingscruise.com\/wp-content\/uploads\/2024\/03\/Background-image-1024x577.jpg\" width=\"1024\" height=\"577\" srcset=\"https:\/\/www.summerwingscruise.com\/wp-content\/uploads\/2024\/03\/Background-image.jpg 1360w, https:\/\/www.summerwingscruise.com\/wp-content\/uploads\/2024\/03\/Background-image-300x169.jpg 300w, https:\/\/www.summerwingscruise.com\/wp-content\/uploads\/2024\/03\/Background-image-1024x577.jpg 1024w, https:\/\/www.summerwingscruise.com\/wp-content\/uploads\/2024\/03\/Background-image-768x433.jpg 768w\" sizes=\"auto, (max-width: 1360px) 100vw, 1360px\" alt=\"Summer Wings Cruise Vue du phare de l&#039;\u00eele Maurice aux Fouquets (\u00cele au Phare)\" loading=\"lazy\">\n          \n                  <\/figure>\n      <\/a>\n\n                \n      <a class=\"ee-gallery-item ee-gallery-item--image ee-gallery-item--single\" href=\"https:\/\/www.summerwingscruise.com\/wp-content\/uploads\/2024\/03\/301881328_119736417501247_3212705028377161828_n.jpg\"  data-sub-html=\"<span><\/span>\" data-category=\"1\"                  data-lg-size=\"1280-886\"\n\n      >\n        <figure class=\"ee-gallery-item-figure\">\n                        <img decoding=\"async\" class=\"breakdance-image-object\" src=\"https:\/\/www.summerwingscruise.com\/wp-content\/uploads\/2024\/03\/301881328_119736417501247_3212705028377161828_n-1024x709.jpg\" width=\"1024\" height=\"709\" srcset=\"https:\/\/www.summerwingscruise.com\/wp-content\/uploads\/2024\/03\/301881328_119736417501247_3212705028377161828_n.jpg 1280w, https:\/\/www.summerwingscruise.com\/wp-content\/uploads\/2024\/03\/301881328_119736417501247_3212705028377161828_n-300x208.jpg 300w, https:\/\/www.summerwingscruise.com\/wp-content\/uploads\/2024\/03\/301881328_119736417501247_3212705028377161828_n-1024x709.jpg 1024w, https:\/\/www.summerwingscruise.com\/wp-content\/uploads\/2024\/03\/301881328_119736417501247_3212705028377161828_n-768x532.jpg 768w\" sizes=\"auto, (max-width: 1280px) 100vw, 1280px\" alt=\"Summer Wings Cruise jusqu&#039;\u00e0 l&#039;\u00cele au Phare\" loading=\"lazy\">\n          \n                  <\/figure>\n      <\/a>\n\n                \n      <a class=\"ee-gallery-item ee-gallery-item--image ee-gallery-item--single\" href=\"https:\/\/www.summerwingscruise.com\/wp-content\/uploads\/2024\/03\/2023-11-27-1.jpg\"  data-sub-html=\"<span><\/span>\" data-category=\"1\"                  data-lg-size=\"1360-766\"\n\n      >\n        <figure class=\"ee-gallery-item-figure\">\n                        <img decoding=\"async\" class=\"breakdance-image-object\" src=\"https:\/\/www.summerwingscruise.com\/wp-content\/uploads\/2024\/03\/2023-11-27-1-1024x577.jpg\" width=\"1024\" height=\"577\" srcset=\"https:\/\/www.summerwingscruise.com\/wp-content\/uploads\/2024\/03\/2023-11-27-1.jpg 1360w, https:\/\/www.summerwingscruise.com\/wp-content\/uploads\/2024\/03\/2023-11-27-1-300x169.jpg 300w, https:\/\/www.summerwingscruise.com\/wp-content\/uploads\/2024\/03\/2023-11-27-1-1024x577.jpg 1024w, https:\/\/www.summerwingscruise.com\/wp-content\/uploads\/2024\/03\/2023-11-27-1-768x433.jpg 768w\" sizes=\"auto, (max-width: 1360px) 100vw, 1360px\" alt=\"Summer Wings Cruise Cascades de la Grande Rivi\u00e8re du Sud-Est\" loading=\"lazy\">\n          \n                  <\/figure>\n      <\/a>\n\n      \n  <\/div>\n\n\n\n<\/div><div class=\"bde-div-135-165 bde-div\">\n  \n  \n\t\n\n\n\n<div class=\"bde-columns-135-168 bde-columns\"><div class=\"bde-column-135-175 bde-column\">\n  \n  \n\t\n\n\n\n<div class=\"bde-rich-text-135-167 bde-rich-text breakdance-rich-text-styles\">\n<h2>Inclus dans votre forfait :<\/h2>\n<p>Votre aventure inoubliable est rendue encore plus agr\u00e9able gr\u00e2ce aux boissons gratuites et au mat\u00e9riel de plong\u00e9e en apn\u00e9e de qualit\u00e9 sup\u00e9rieure fournis pour assurer votre plus grand confort et votre plus grand plaisir tout au long de l&#039;excursion.<\/p>\n<\/div>\n<\/div><div class=\"bde-column-135-176 bde-column\">\n  \n  \n\t\n\n\n\n<div class=\"bde-pricing-table-135-177 bde-pricing-table bde-pricing-table--featured\">\n\n\n\n\n\n<div class='bde-pricing-table__price-area'>\n\n  \n  <div class=\"bde-pricing-table__price-area--amount-and-period-wrapper\">\n\n    <div class=\"bde-pricing-table__price-area--amount\">\n      <span class=\"bde-pricing-table__price-area--amount-currency\" >\n        \u20ac\n      <\/span>\n      <span class=\"bde-pricing-table__price-area--amount-number\">\n        <span class=\"bde-pricing-table__price-area--amount-number-main\" >\n          280\n        <\/span>\n              <\/span>\n    <\/div>\n\n          <span class=\"bde-pricing-table__price-area--billing-period\" >\n        pour 4 personnes\n      <\/span>\n    \n  <\/div>\n\n  <\/div>\n\n\n\n\n  <ul class=\"bde-pricing-table__features\">\n    \n                    \n                    \n      \n      <li class=\"bde-pricing-table__features-item bde-pricing-table__features-item--included\">\n        <span class=\"bde-pricing-table__features-icon\">\n                      <svg xmlns=\"http:\/\/www.w3.org\/2000\/svg\" viewbox=\"0 0 24 24\"><path d=\"M18.71,7.21a1,1,0,0,0-1.42,0L9.84,14.67,6.71,11.53A1,1,0,1,0,5.29,13l3.84,3.84a1,1,0,0,0,1.42,0l8.16-8.16A1,1,0,0,0,18.71,7.21Z\"\/><\/svg>\n                  <\/span>\n        <span class=\"bde-pricing-table__features-text\" >\n          Excursions en hors-bord\n        <\/span>\n      <\/li>\n    \n                    \n                    \n      \n      <li class=\"bde-pricing-table__features-item bde-pricing-table__features-item--included\">\n        <span class=\"bde-pricing-table__features-icon\">\n                      <svg xmlns=\"http:\/\/www.w3.org\/2000\/svg\" viewbox=\"0 0 24 24\"><path d=\"M18.71,7.21a1,1,0,0,0-1.42,0L9.84,14.67,6.71,11.53A1,1,0,1,0,5.29,13l3.84,3.84a1,1,0,0,0,1.42,0l8.16-8.16A1,1,0,0,0,18.71,7.21Z\"\/><\/svg>\n                  <\/span>\n        <span class=\"bde-pricing-table__features-text\" >\n          Skipper et guide d\u00e9vou\u00e9s\n        <\/span>\n      <\/li>\n    \n                    \n                    \n      \n      <li class=\"bde-pricing-table__features-item bde-pricing-table__features-item--included\">\n        <span class=\"bde-pricing-table__features-icon\">\n                      <svg xmlns=\"http:\/\/www.w3.org\/2000\/svg\" viewbox=\"0 0 24 24\"><path d=\"M18.71,7.21a1,1,0,0,0-1.42,0L9.84,14.67,6.71,11.53A1,1,0,1,0,5.29,13l3.84,3.84a1,1,0,0,0,1.42,0l8.16-8.16A1,1,0,0,0,18.71,7.21Z\"\/><\/svg>\n                  <\/span>\n        <span class=\"bde-pricing-table__features-text\" >\n          Boissons incluses\n        <\/span>\n      <\/li>\n      <\/ul>\n\n    \n                        \n                        \n    \n    \n    \n    \n            \n                    \n            \n            \n\n    \n    \n    \n    \n    \n    <a class=\"breakdance-link button-atom button-atom--custom bde-pricing-table__cta-button\" href=\"https:\/\/wa.me\/23057772051\" target=\"_self\" data-type=\"url\"  >\n\n    \n        <span class=\"button-atom__text\">R\u00e9servez maintenant<\/span>\n\n                            \n        \n                <\/a>\n\n    \n\n\n<\/div>\n<\/div><\/div>\n<\/div><\/div>\n<\/section>","protected":false},"excerpt":{"rendered":"<p>Half Day Exclusive Package Half Day: Private Boat From 9:30 to 13:30. Embrace the thrill of a Half Day Exclusive Package, a luxurious escape on a private speed boat tailored to your desires. Discover breathtaking coves, picturesque beaches, and be amazed at the multicolored array of marine life beneath the crystal-clear waters. The Itinerary: 1. [&hellip;]<\/p>\n","protected":false},"author":1,"featured_media":0,"parent":0,"menu_order":0,"comment_status":"closed","ping_status":"closed","template":"","meta":{"_breakdance_hide_in_design_set":false,"_breakdance_tags":"","footnotes":""},"class_list":["post-135","page","type-page","status-publish","hentry"],"yoast_head":"<!-- This site is optimized with the Yoast SEO plugin v27.0 - https:\/\/yoast.com\/product\/yoast-seo-wordpress\/ -->\n<title>Half Day Exclusive Package on a Private Speed Boat | Summer Wings Cruise<\/title>\n<meta name=\"description\" content=\"Embrace the thrill of a Half Day Exclusive Package, a luxurious escape on a private speed boat tailored to your desires.\" \/>\n<meta name=\"robots\" content=\"index, follow, max-snippet:-1, max-image-preview:large, max-video-preview:-1\" \/>\n<link rel=\"canonical\" href=\"https:\/\/www.summerwingscruise.com\/fr\/forfait-exclusif-dune-demi-journee\/\" \/>\n<meta property=\"og:locale\" content=\"fr_FR\" \/>\n<meta property=\"og:type\" content=\"article\" \/>\n<meta property=\"og:title\" content=\"Half Day Exclusive Package on a Private Speed Boat | Summer Wings Cruise\" \/>\n<meta property=\"og:description\" content=\"Embrace the thrill of a Half Day Exclusive Package, a luxurious escape on a private speed boat tailored to your desires.\" \/>\n<meta property=\"og:url\" content=\"https:\/\/www.summerwingscruise.com\/fr\/forfait-exclusif-dune-demi-journee\/\" \/>\n<meta property=\"og:site_name\" content=\"Summer Wings Cruise\" \/>\n<meta property=\"article:modified_time\" content=\"2025-12-28T10:52:53+00:00\" \/>\n<meta name=\"twitter:card\" content=\"summary_large_image\" \/>\n<meta name=\"twitter:label1\" content=\"Dur\u00e9e de lecture estim\u00e9e\" \/>\n\t<meta name=\"twitter:data1\" content=\"3 minutes\" \/>\n<script type=\"application\/ld+json\" class=\"yoast-schema-graph\">{\"@context\":\"https:\/\/schema.org\",\"@graph\":[{\"@type\":\"WebPage\",\"@id\":\"https:\/\/www.summerwingscruise.com\/half-day-exclusive-package\/\",\"url\":\"https:\/\/www.summerwingscruise.com\/half-day-exclusive-package\/\",\"name\":\"Half Day Exclusive Package on a Private Speed Boat | Summer Wings Cruise\",\"isPartOf\":{\"@id\":\"https:\/\/www.summerwingscruise.com\/#website\"},\"datePublished\":\"2024-04-18T19:27:48+00:00\",\"dateModified\":\"2025-12-28T10:52:53+00:00\",\"description\":\"Embrace the thrill of a Half Day Exclusive Package, a luxurious escape on a private speed boat tailored to your desires.\",\"breadcrumb\":{\"@id\":\"https:\/\/www.summerwingscruise.com\/half-day-exclusive-package\/#breadcrumb\"},\"inLanguage\":\"fr-FR\",\"potentialAction\":[{\"@type\":\"ReadAction\",\"target\":[\"https:\/\/www.summerwingscruise.com\/half-day-exclusive-package\/\"]}]},{\"@type\":\"BreadcrumbList\",\"@id\":\"https:\/\/www.summerwingscruise.com\/half-day-exclusive-package\/#breadcrumb\",\"itemListElement\":[{\"@type\":\"ListItem\",\"position\":1,\"name\":\"Home\",\"item\":\"https:\/\/www.summerwingscruise.com\/\"},{\"@type\":\"ListItem\",\"position\":2,\"name\":\"Half Day Exclusive Package\"}]},{\"@type\":\"WebSite\",\"@id\":\"https:\/\/www.summerwingscruise.com\/#website\",\"url\":\"https:\/\/www.summerwingscruise.com\/\",\"name\":\"Summer Wings Cruise\",\"description\":\"Cruise the Lagoon of South-East Mauritius\",\"potentialAction\":[{\"@type\":\"SearchAction\",\"target\":{\"@type\":\"EntryPoint\",\"urlTemplate\":\"https:\/\/www.summerwingscruise.com\/?s={search_term_string}\"},\"query-input\":{\"@type\":\"PropertyValueSpecification\",\"valueRequired\":true,\"valueName\":\"search_term_string\"}}],\"inLanguage\":\"fr-FR\"}]}<\/script>\n<!-- \/ Yoast SEO plugin. -->","yoast_head_json":{"title":"Forfait exclusif d&#039;une demi-journ\u00e9e sur un bateau \u00e0 moteur priv\u00e9 | Summer Wings Cruise","description":"Laissez-vous s\u00e9duire par un forfait exclusif d&#039;une demi-journ\u00e9e, une escapade luxueuse sur un bateau rapide priv\u00e9 adapt\u00e9 \u00e0 vos envies.","robots":{"index":"index","follow":"follow","max-snippet":"max-snippet:-1","max-image-preview":"max-image-preview:large","max-video-preview":"max-video-preview:-1"},"canonical":"https:\/\/www.summerwingscruise.com\/fr\/forfait-exclusif-dune-demi-journee\/","og_locale":"fr_FR","og_type":"article","og_title":"Half Day Exclusive Package on a Private Speed Boat | Summer Wings Cruise","og_description":"Embrace the thrill of a Half Day Exclusive Package, a luxurious escape on a private speed boat tailored to your desires.","og_url":"https:\/\/www.summerwingscruise.com\/fr\/forfait-exclusif-dune-demi-journee\/","og_site_name":"Summer Wings Cruise","article_modified_time":"2025-12-28T10:52:53+00:00","twitter_card":"summary_large_image","twitter_misc":{"Dur\u00e9e de lecture estim\u00e9e":"3 minutes"},"schema":{"@context":"https:\/\/schema.org","@graph":[{"@type":"WebPage","@id":"https:\/\/www.summerwingscruise.com\/half-day-exclusive-package\/","url":"https:\/\/www.summerwingscruise.com\/half-day-exclusive-package\/","name":"Forfait exclusif d&#039;une demi-journ\u00e9e sur un bateau \u00e0 moteur priv\u00e9 | Summer Wings Cruise","isPartOf":{"@id":"https:\/\/www.summerwingscruise.com\/#website"},"datePublished":"2024-04-18T19:27:48+00:00","dateModified":"2025-12-28T10:52:53+00:00","description":"Laissez-vous s\u00e9duire par un forfait exclusif d&#039;une demi-journ\u00e9e, une escapade luxueuse sur un bateau rapide priv\u00e9 adapt\u00e9 \u00e0 vos envies.","breadcrumb":{"@id":"https:\/\/www.summerwingscruise.com\/half-day-exclusive-package\/#breadcrumb"},"inLanguage":"fr-FR","potentialAction":[{"@type":"ReadAction","target":["https:\/\/www.summerwingscruise.com\/half-day-exclusive-package\/"]}]},{"@type":"BreadcrumbList","@id":"https:\/\/www.summerwingscruise.com\/half-day-exclusive-package\/#breadcrumb","itemListElement":[{"@type":"ListItem","position":1,"name":"Home","item":"https:\/\/www.summerwingscruise.com\/"},{"@type":"ListItem","position":2,"name":"Half Day Exclusive Package"}]},{"@type":"WebSite","@id":"https:\/\/www.summerwingscruise.com\/#website","url":"https:\/\/www.summerwingscruise.com\/","name":"Summer Wings Cruise","description":"Croisi\u00e8re dans le lagon du sud-est de l&#039;\u00eele Maurice","potentialAction":[{"@type":"SearchAction","target":{"@type":"EntryPoint","urlTemplate":"https:\/\/www.summerwingscruise.com\/?s={search_term_string}"},"query-input":{"@type":"PropertyValueSpecification","valueRequired":true,"valueName":"search_term_string"}}],"inLanguage":"fr-FR"}]}},"_links":{"self":[{"href":"https:\/\/www.summerwingscruise.com\/fr\/wp-json\/wp\/v2\/pages\/135","targetHints":{"allow":["GET"]}}],"collection":[{"href":"https:\/\/www.summerwingscruise.com\/fr\/wp-json\/wp\/v2\/pages"}],"about":[{"href":"https:\/\/www.summerwingscruise.com\/fr\/wp-json\/wp\/v2\/types\/page"}],"author":[{"embeddable":true,"href":"https:\/\/www.summerwingscruise.com\/fr\/wp-json\/wp\/v2\/users\/1"}],"replies":[{"embeddable":true,"href":"https:\/\/www.summerwingscruise.com\/fr\/wp-json\/wp\/v2\/comments?post=135"}],"version-history":[{"count":7,"href":"https:\/\/www.summerwingscruise.com\/fr\/wp-json\/wp\/v2\/pages\/135\/revisions"}],"predecessor-version":[{"id":593,"href":"https:\/\/www.summerwingscruise.com\/fr\/wp-json\/wp\/v2\/pages\/135\/revisions\/593"}],"wp:attachment":[{"href":"https:\/\/www.summerwingscruise.com\/fr\/wp-json\/wp\/v2\/media?parent=135"}],"curies":[{"name":"wp","href":"https:\/\/api.w.org\/{rel}","templated":true}]}}