{"id":226,"date":"2024-07-24T15:48:09","date_gmt":"2024-07-24T11:48:09","guid":{"rendered":"https:\/\/www.summerwingscruise.com\/?page_id=226"},"modified":"2026-02-25T06:23:47","modified_gmt":"2026-02-25T02:23:47","slug":"demi-journee-de-peche-au-petit-gibier","status":"publish","type":"page","link":"https:\/\/www.summerwingscruise.com\/fr\/half-day-small-game-fishing\/","title":{"rendered":"Demi-journ\u00e9e de p\u00eache au petit gibier"},"content":{"rendered":"<section class=\"bde-section-226-100 bde-section\">\n              \n  \n  \n\t\n\n  <div class=\"section-background-overlay\"><\/div>\n\n\n<div class=\"section-container\"><h1 class=\"bde-heading-226-101 bde-heading\">\nDemi-journ\u00e9e<br> Petite P\u00eache C\u00f4ti\u00e8re\n<\/h1><\/div>\n<\/section><section class=\"bde-section-226-102 bde-section\">\n  \n  \n\t\n\n\n\n<div class=\"section-container\"><h2 class=\"bde-heading-226-103 bde-heading\">\nDemi-journ\u00e9e : Bateau priv\u00e9\n<\/h2><div class=\"bde-icon-list-226-104 bde-icon-list\">\n<ul>\n  <\/ul>\n\n<\/div><div class=\"bde-text-226-105 bde-text\">\nVivez le frisson de la p\u00eache dans les eaux turquoises \u00e9poustouflantes au large de Pointe d&#039;Esny et de Mah\u00e9bourg, une r\u00e9gion r\u00e9put\u00e9e pour sa biodiversit\u00e9 marine. Ce forfait de p\u00eache au petit gibier est parfait pour les familles et les amateurs de p\u00eache de tous \u00e2ges, offrant une exp\u00e9rience amusante et enrichissante dans un cadre \u00e0 couper le souffle.\n<\/div><div class=\"bde-gallery-226-125 bde-gallery\">\n\n\n  \n\n\n\n\n\n\n\n\n\n\n<div class=\"ee-gallery ee-gallery--default ee-gallery--grid ee-gallery--single ee-gallery--lightbox ee-gallery--zoom-out ee-gallery--caption- ee-gallery--caption-none ee-gallery--ratio\">\n                  \n      <a class=\"ee-gallery-item ee-gallery-item--image ee-gallery-item--single\" href=\"https:\/\/www.summerwingscruise.com\/wp-content\/uploads\/2024\/07\/Summer-Wings-Cruise-Small-Game-Fishing.webp\"  data-sub-html=\"<span><\/span>\" data-category=\"1\"                  data-lg-size=\"1000-1333\"\n\n      >\n        <figure class=\"ee-gallery-item-figure\">\n                        <img decoding=\"async\" class=\"breakdance-image-object\" src=\"https:\/\/www.summerwingscruise.com\/wp-content\/uploads\/2024\/07\/Summer-Wings-Cruise-Small-Game-Fishing-768x1024.webp\" width=\"768\" height=\"1024\" srcset=\"https:\/\/www.summerwingscruise.com\/wp-content\/uploads\/2024\/07\/Summer-Wings-Cruise-Small-Game-Fishing.webp 1000w, https:\/\/www.summerwingscruise.com\/wp-content\/uploads\/2024\/07\/Summer-Wings-Cruise-Small-Game-Fishing-225x300.webp 225w, https:\/\/www.summerwingscruise.com\/wp-content\/uploads\/2024\/07\/Summer-Wings-Cruise-Small-Game-Fishing-768x1024.webp 768w\" sizes=\"auto, (max-width: 1000px) 100vw, 1000px\" alt=\"Summer Wings Cruise P\u00eache au petit gibier\" loading=\"lazy\">\n          \n                  <\/figure>\n      <\/a>\n\n                \n      <a class=\"ee-gallery-item ee-gallery-item--image ee-gallery-item--single\" href=\"https:\/\/www.summerwingscruise.com\/wp-content\/uploads\/2024\/08\/small-game-fishing-01.webp\"  data-sub-html=\"<span><\/span>\" data-category=\"1\"                  data-lg-size=\"1280-720\"\n\n      >\n        <figure class=\"ee-gallery-item-figure\">\n                        <img decoding=\"async\" class=\"breakdance-image-object\" src=\"https:\/\/www.summerwingscruise.com\/wp-content\/uploads\/2024\/08\/small-game-fishing-01-1024x576.webp\" width=\"1024\" height=\"576\" srcset=\"https:\/\/www.summerwingscruise.com\/wp-content\/uploads\/2024\/08\/small-game-fishing-01.webp 1280w, https:\/\/www.summerwingscruise.com\/wp-content\/uploads\/2024\/08\/small-game-fishing-01-300x169.webp 300w, https:\/\/www.summerwingscruise.com\/wp-content\/uploads\/2024\/08\/small-game-fishing-01-1024x576.webp 1024w, https:\/\/www.summerwingscruise.com\/wp-content\/uploads\/2024\/08\/small-game-fishing-01-768x432.webp 768w, https:\/\/www.summerwingscruise.com\/wp-content\/uploads\/2024\/08\/small-game-fishing-01-18x10.webp 18w\" sizes=\"auto, (max-width: 1280px) 100vw, 1280px\" alt=\"Summer Wings Cruise - P\u00eache au petit gibier\" loading=\"lazy\">\n          \n                  <\/figure>\n      <\/a>\n\n                \n      <a class=\"ee-gallery-item ee-gallery-item--image ee-gallery-item--single\" href=\"https:\/\/www.summerwingscruise.com\/wp-content\/uploads\/2024\/08\/small-game-fishing-02.webp\"  data-sub-html=\"<span><\/span>\" data-category=\"1\"                  data-lg-size=\"1280-720\"\n\n      >\n        <figure class=\"ee-gallery-item-figure\">\n                        <img decoding=\"async\" class=\"breakdance-image-object\" src=\"https:\/\/www.summerwingscruise.com\/wp-content\/uploads\/2024\/08\/small-game-fishing-02-1024x576.webp\" width=\"1024\" height=\"576\" srcset=\"https:\/\/www.summerwingscruise.com\/wp-content\/uploads\/2024\/08\/small-game-fishing-02.webp 1280w, https:\/\/www.summerwingscruise.com\/wp-content\/uploads\/2024\/08\/small-game-fishing-02-300x169.webp 300w, https:\/\/www.summerwingscruise.com\/wp-content\/uploads\/2024\/08\/small-game-fishing-02-1024x576.webp 1024w, https:\/\/www.summerwingscruise.com\/wp-content\/uploads\/2024\/08\/small-game-fishing-02-768x432.webp 768w, https:\/\/www.summerwingscruise.com\/wp-content\/uploads\/2024\/08\/small-game-fishing-02-18x10.webp 18w\" sizes=\"auto, (max-width: 1280px) 100vw, 1280px\" alt=\"Summer Wings Cruise - P\u00eache au petit gibier\" loading=\"lazy\">\n          \n                  <\/figure>\n      <\/a>\n\n                \n      <a class=\"ee-gallery-item ee-gallery-item--image ee-gallery-item--single\" href=\"https:\/\/www.summerwingscruise.com\/wp-content\/uploads\/2024\/07\/Blue-Bay-Marine-Park-Ile-aux-Aigrettes.webp\"  data-sub-html=\"<span><\/span>\" data-category=\"1\"                  data-lg-size=\"1920-1080\"\n\n      >\n        <figure class=\"ee-gallery-item-figure\">\n                        <img decoding=\"async\" class=\"breakdance-image-object\" src=\"https:\/\/www.summerwingscruise.com\/wp-content\/uploads\/2024\/07\/Blue-Bay-Marine-Park-Ile-aux-Aigrettes-1024x576.webp\" width=\"1024\" height=\"576\" srcset=\"https:\/\/www.summerwingscruise.com\/wp-content\/uploads\/2024\/07\/Blue-Bay-Marine-Park-Ile-aux-Aigrettes.webp 1920w, https:\/\/www.summerwingscruise.com\/wp-content\/uploads\/2024\/07\/Blue-Bay-Marine-Park-Ile-aux-Aigrettes-300x169.webp 300w, https:\/\/www.summerwingscruise.com\/wp-content\/uploads\/2024\/07\/Blue-Bay-Marine-Park-Ile-aux-Aigrettes-1024x576.webp 1024w, https:\/\/www.summerwingscruise.com\/wp-content\/uploads\/2024\/07\/Blue-Bay-Marine-Park-Ile-aux-Aigrettes-768x432.webp 768w, https:\/\/www.summerwingscruise.com\/wp-content\/uploads\/2024\/07\/Blue-Bay-Marine-Park-Ile-aux-Aigrettes-1536x864.webp 1536w\" sizes=\"auto, (max-width: 1920px) 100vw, 1920px\" alt=\"Parc marin de Blue Bay - \u00cele aux Aigrettes\" loading=\"lazy\">\n          \n                  <\/figure>\n      <\/a>\n\n      \n  <\/div>\n\n\n\n<\/div><div class=\"bde-div-226-128 bde-div\">\n  \n  \n\t\n\n\n\n<div class=\"bde-columns-226-129 bde-columns\"><div class=\"bde-column-226-130 bde-column\">\n  \n  \n\t\n\n\n\n<div class=\"bde-rich-text-226-135 bde-rich-text breakdance-rich-text-styles\">\n<h2>Inclus dans votre forfait :<\/h2>\n<ul>\n<li><strong>Excursion Petite P\u00eache C\u00f4ti\u00e8re\u00a0:<\/strong> Vivez une aventure de p\u00eache palpitante dans le magnifique lagon de Pointe d&#039;Esny et Mah\u00e9bourg.<br \/><br \/><\/li>\n<li><strong>Accompagnement Professionnel :<\/strong> Notre personnel exp\u00e9riment\u00e9 sera \u00e0 bord pour vous fournir des conseils d&#039;experts et assurer votre s\u00e9curit\u00e9.<br \/><br \/><\/li>\n<li><strong>\u00c9quipement de p\u00eache et gilets de sauvetage :<\/strong> Tout le mat\u00e9riel de p\u00eache n\u00e9cessaire et les gilets de sauvetage sont fournis pour votre confort.<br \/><br \/><\/li>\n<li><strong>Rafra\u00eechissements:<\/strong> Profitez de boissons gratuites pendant que vous p\u00eachez, vous gardant hydrat\u00e9 et \u00e9nergis\u00e9.<br \/><br \/><\/li>\n<li><strong>Ramenez vos prises \u00e0 la maison :<\/strong> Vous gardez le poisson que vous attrapez, une d\u00e9licieuse r\u00e9compense pour vos efforts !<\/li>\n<\/ul>\n<\/div>\n<\/div><div class=\"bde-column-226-132 bde-column\">\n  \n  \n\t\n\n\n\n<div class=\"bde-pricing-table-226-133 bde-pricing-table bde-pricing-table--featured\">\n\n\n\n\n\n<div class='bde-pricing-table__price-area'>\n\n  \n  <div class=\"bde-pricing-table__price-area--amount-and-period-wrapper\">\n\n    <div class=\"bde-pricing-table__price-area--amount\">\n      <span class=\"bde-pricing-table__price-area--amount-currency\" >\n        \u20ac\n      <\/span>\n      <span class=\"bde-pricing-table__price-area--amount-number\">\n        <span class=\"bde-pricing-table__price-area--amount-number-main\" >\n          280\n        <\/span>\n              <\/span>\n    <\/div>\n\n          <span class=\"bde-pricing-table__price-area--billing-period\" >\n        par voyage\n      <\/span>\n    \n  <\/div>\n\n  <\/div>\n\n\n\n\n  <ul class=\"bde-pricing-table__features\">\n    \n                    \n                    \n      \n      <li class=\"bde-pricing-table__features-item bde-pricing-table__features-item--included\">\n        <span class=\"bde-pricing-table__features-icon\">\n                      <svg xmlns=\"http:\/\/www.w3.org\/2000\/svg\" viewbox=\"0 0 24 24\"><path d=\"M18.71,7.21a1,1,0,0,0-1.42,0L9.84,14.67,6.71,11.53A1,1,0,1,0,5.29,13l3.84,3.84a1,1,0,0,0,1.42,0l8.16-8.16A1,1,0,0,0,18.71,7.21Z\"\/><\/svg>\n                  <\/span>\n        <span class=\"bde-pricing-table__features-text\" >\n          hors-bord priv\u00e9\n        <\/span>\n      <\/li>\n    \n                    \n                    \n      \n      <li class=\"bde-pricing-table__features-item bde-pricing-table__features-item--included\">\n        <span class=\"bde-pricing-table__features-icon\">\n                      <svg xmlns=\"http:\/\/www.w3.org\/2000\/svg\" viewbox=\"0 0 24 24\"><path d=\"M18.71,7.21a1,1,0,0,0-1.42,0L9.84,14.67,6.71,11.53A1,1,0,1,0,5.29,13l3.84,3.84a1,1,0,0,0,1.42,0l8.16-8.16A1,1,0,0,0,18.71,7.21Z\"\/><\/svg>\n                  <\/span>\n        <span class=\"bde-pricing-table__features-text\" >\n          Skipper et guide d\u00e9vou\u00e9s\n        <\/span>\n      <\/li>\n    \n                    \n                    \n      \n      <li class=\"bde-pricing-table__features-item bde-pricing-table__features-item--included\">\n        <span class=\"bde-pricing-table__features-icon\">\n                      <svg xmlns=\"http:\/\/www.w3.org\/2000\/svg\" viewbox=\"0 0 24 24\"><path d=\"M18.71,7.21a1,1,0,0,0-1.42,0L9.84,14.67,6.71,11.53A1,1,0,1,0,5.29,13l3.84,3.84a1,1,0,0,0,1.42,0l8.16-8.16A1,1,0,0,0,18.71,7.21Z\"\/><\/svg>\n                  <\/span>\n        <span class=\"bde-pricing-table__features-text\" >\n          Mat\u00e9riel de p\u00eache\n        <\/span>\n      <\/li>\n    \n                    \n                    \n      \n      <li class=\"bde-pricing-table__features-item bde-pricing-table__features-item--included\">\n        <span class=\"bde-pricing-table__features-icon\">\n                      <svg xmlns=\"http:\/\/www.w3.org\/2000\/svg\" viewbox=\"0 0 24 24\"><path d=\"M18.71,7.21a1,1,0,0,0-1.42,0L9.84,14.67,6.71,11.53A1,1,0,1,0,5.29,13l3.84,3.84a1,1,0,0,0,1.42,0l8.16-8.16A1,1,0,0,0,18.71,7.21Z\"\/><\/svg>\n                  <\/span>\n        <span class=\"bde-pricing-table__features-text\" >\n          Boissons incluses\n        <\/span>\n      <\/li>\n      <\/ul>\n\n    \n                        \n                        \n    \n    \n    \n    \n            \n                    \n            \n            \n\n    \n    \n    \n    \n    \n    <a class=\"breakdance-link button-atom button-atom--custom bde-pricing-table__cta-button\" href=\"https:\/\/wa.me\/23057772051\" target=\"_self\" data-type=\"url\"  >\n\n    \n        <span class=\"button-atom__text\">R\u00e9servez maintenant<\/span>\n\n                            \n        \n                <\/a>\n\n    \n\n\n<\/div>\n<\/div><\/div>\n<\/div><div class=\"bde-rich-text-226-134 bde-rich-text breakdance-rich-text-styles\">\n<h4 data-sourcepos=\"13:1-13:13\">Dur\u00e9e:<\/h4>\n<ul data-sourcepos=\"15:1-16:0\">\n<li data-sourcepos=\"15:1-16:0\">4 heures<\/li>\n<\/ul>\n<h4 data-sourcepos=\"17:1-17:27\"><br \/>Nombre de participants :<\/h4>\n<ul data-sourcepos=\"19:1-20:0\">\n<li data-sourcepos=\"19:1-20:0\">Maximum 5 personnes<\/li>\n<\/ul>\n<h4 data-sourcepos=\"21:1-21:27\"><br \/>Informations Compl\u00e9mentaires:<\/h4>\n<ul data-sourcepos=\"23:1-26:17\">\n<li data-sourcepos=\"23:1-23:86\"><strong>D\u00e9jeuner:<\/strong> Le d\u00e9jeuner n&#039;est pas inclus dans ce forfait. Veuillez prendre vos propres dispositions.<\/li>\n<li data-sourcepos=\"24:1-24:94\"><strong>Surveillance:<\/strong> Les parents sont responsables de la surveillance de leurs enfants tout au long du voyage.<\/li>\n<li data-sourcepos=\"25:1-25:117\"><strong>Conditions m\u00e9t\u00e9orologiques :<\/strong> Cette activit\u00e9 est soumise aux conditions m\u00e9t\u00e9orologiques et peut \u00eatre report\u00e9e en cas de mauvais temps.<\/li>\n<li data-sourcepos=\"26:1-26:17\"><strong>Restriction d&#039;\u00e2ge :<\/strong> L&#039;\u00e2ge minimum pour participer est de 10 ans.<\/li>\n<\/ul>\n<h4 data-sourcepos=\"28:1-28:34\"><strong><br \/><\/strong>Votre aventure de p\u00eache vous attend\u00a0:<\/h4>\n<p data-sourcepos=\"30:1-30:408\">Si vous aimez la mer et les sensations fortes de la p\u00eache, ce forfait est fait sur mesure pour vous ! Notre guide expert vous emm\u00e8nera sur les meilleurs spots de p\u00eache de la r\u00e9gion, partagera ses connaissances et vous fera vivre une exp\u00e9rience m\u00e9morable. N&#039;oubliez pas votre appareil photo pour immortaliser le moment palpitant de la p\u00eache ! En prime, vous repartirez avec le poisson que vous aurez p\u00each\u00e9, un d\u00e9licieux souvenir de votre aventure.<\/p>\n<p data-sourcepos=\"32:1-32:41\">R\u00e9servez d\u00e8s maintenant votre sortie de p\u00eache au petit gibier et cr\u00e9ez des souvenirs inoubliables dans le magnifique lagon de Pointe d&#039;Esny et Mah\u00e9bourg !<\/p>\n<p data-sourcepos=\"34:1-34:9\"><strong><br \/><br \/><em>Note:<\/em><\/strong><em> <br \/>Cette activit\u00e9 est soumise aux conditions m\u00e9t\u00e9orologiques et sera report\u00e9e en cas de mauvaises conditions m\u00e9t\u00e9orologiques. <br \/>Restriction d&#039;\u00e2ge : minimum 10 ans.<\/em><\/p>\n<\/div><\/div>\n<\/section>","protected":false},"excerpt":{"rendered":"<p>Half Day Small Game Fishing Half Day: Private Boat Experience the thrill of fishing in the stunning turquoise waters off the coast of Pointe d&#8217;Esny and Mahebourg, a region renowned for its marine biodiversity. This Small Game Fishing package is perfect for families and fishing enthusiasts of all ages, offering a fun and rewarding experience [&hellip;]<\/p>\n","protected":false},"author":1,"featured_media":0,"parent":0,"menu_order":0,"comment_status":"closed","ping_status":"closed","template":"","meta":{"_breakdance_hide_in_design_set":false,"_breakdance_tags":"","footnotes":""},"class_list":["post-226","page","type-page","status-publish","hentry"],"yoast_head":"<!-- This site is optimized with the Yoast SEO plugin v27.0 - https:\/\/yoast.com\/product\/yoast-seo-wordpress\/ -->\n<title>Half Day Small Game Fishing | Summer Wings Cruise<\/title>\n<meta name=\"description\" content=\"Small Game Fishing in Blue Bay lagoon. Private boat, all gear included, refreshments &amp; expert guidance. Fun family adventure for all ages!\" \/>\n<meta name=\"robots\" content=\"index, follow, max-snippet:-1, max-image-preview:large, max-video-preview:-1\" \/>\n<link rel=\"canonical\" href=\"https:\/\/www.summerwingscruise.com\/fr\/demi-journee-de-peche-au-petit-gibier\/\" \/>\n<meta property=\"og:locale\" content=\"fr_FR\" \/>\n<meta property=\"og:type\" content=\"article\" \/>\n<meta property=\"og:title\" content=\"Half Day Small Game Fishing | Summer Wings Cruise\" \/>\n<meta property=\"og:description\" content=\"Small Game Fishing in Blue Bay lagoon. Private boat, all gear included, refreshments &amp; expert guidance. Fun family adventure for all ages!\" \/>\n<meta property=\"og:url\" content=\"https:\/\/www.summerwingscruise.com\/fr\/demi-journee-de-peche-au-petit-gibier\/\" \/>\n<meta property=\"og:site_name\" content=\"Summer Wings Cruise\" \/>\n<meta property=\"article:modified_time\" content=\"2026-02-25T02:23:47+00:00\" \/>\n<meta name=\"twitter:card\" content=\"summary_large_image\" \/>\n<meta name=\"twitter:label1\" content=\"Dur\u00e9e de lecture estim\u00e9e\" \/>\n\t<meta name=\"twitter:data1\" content=\"3 minutes\" \/>\n<script type=\"application\/ld+json\" class=\"yoast-schema-graph\">{\"@context\":\"https:\/\/schema.org\",\"@graph\":[{\"@type\":\"WebPage\",\"@id\":\"https:\/\/www.summerwingscruise.com\/half-day-small-game-fishing\/\",\"url\":\"https:\/\/www.summerwingscruise.com\/half-day-small-game-fishing\/\",\"name\":\"Half Day Small Game Fishing | Summer Wings Cruise\",\"isPartOf\":{\"@id\":\"https:\/\/www.summerwingscruise.com\/#website\"},\"datePublished\":\"2024-07-24T11:48:09+00:00\",\"dateModified\":\"2026-02-25T02:23:47+00:00\",\"description\":\"Small Game Fishing in Blue Bay lagoon. Private boat, all gear included, refreshments & expert guidance. Fun family adventure for all ages!\",\"breadcrumb\":{\"@id\":\"https:\/\/www.summerwingscruise.com\/half-day-small-game-fishing\/#breadcrumb\"},\"inLanguage\":\"fr-FR\",\"potentialAction\":[{\"@type\":\"ReadAction\",\"target\":[\"https:\/\/www.summerwingscruise.com\/half-day-small-game-fishing\/\"]}]},{\"@type\":\"BreadcrumbList\",\"@id\":\"https:\/\/www.summerwingscruise.com\/half-day-small-game-fishing\/#breadcrumb\",\"itemListElement\":[{\"@type\":\"ListItem\",\"position\":1,\"name\":\"Home\",\"item\":\"https:\/\/www.summerwingscruise.com\/\"},{\"@type\":\"ListItem\",\"position\":2,\"name\":\"Half Day Small Game Fishing\"}]},{\"@type\":\"WebSite\",\"@id\":\"https:\/\/www.summerwingscruise.com\/#website\",\"url\":\"https:\/\/www.summerwingscruise.com\/\",\"name\":\"Summer Wings Cruise\",\"description\":\"Cruise the Lagoon of South-East Mauritius\",\"potentialAction\":[{\"@type\":\"SearchAction\",\"target\":{\"@type\":\"EntryPoint\",\"urlTemplate\":\"https:\/\/www.summerwingscruise.com\/?s={search_term_string}\"},\"query-input\":{\"@type\":\"PropertyValueSpecification\",\"valueRequired\":true,\"valueName\":\"search_term_string\"}}],\"inLanguage\":\"fr-FR\"}]}<\/script>\n<!-- \/ Yoast SEO plugin. -->","yoast_head_json":{"title":"Demi-journ\u00e9e de p\u00eache au petit gibier | Summer Wings Cruise","description":"P\u00eache au petit gibier dans le lagon de Blue Bay. Bateau priv\u00e9, tout l&#039;\u00e9quipement inclus, rafra\u00eechissements et conseils d&#039;experts. Aventure familiale amusante pour tous les \u00e2ges !","robots":{"index":"index","follow":"follow","max-snippet":"max-snippet:-1","max-image-preview":"max-image-preview:large","max-video-preview":"max-video-preview:-1"},"canonical":"https:\/\/www.summerwingscruise.com\/fr\/demi-journee-de-peche-au-petit-gibier\/","og_locale":"fr_FR","og_type":"article","og_title":"Half Day Small Game Fishing | Summer Wings Cruise","og_description":"Small Game Fishing in Blue Bay lagoon. Private boat, all gear included, refreshments & expert guidance. Fun family adventure for all ages!","og_url":"https:\/\/www.summerwingscruise.com\/fr\/demi-journee-de-peche-au-petit-gibier\/","og_site_name":"Summer Wings Cruise","article_modified_time":"2026-02-25T02:23:47+00:00","twitter_card":"summary_large_image","twitter_misc":{"Dur\u00e9e de lecture estim\u00e9e":"3 minutes"},"schema":{"@context":"https:\/\/schema.org","@graph":[{"@type":"WebPage","@id":"https:\/\/www.summerwingscruise.com\/half-day-small-game-fishing\/","url":"https:\/\/www.summerwingscruise.com\/half-day-small-game-fishing\/","name":"Demi-journ\u00e9e de p\u00eache au petit gibier | Summer Wings Cruise","isPartOf":{"@id":"https:\/\/www.summerwingscruise.com\/#website"},"datePublished":"2024-07-24T11:48:09+00:00","dateModified":"2026-02-25T02:23:47+00:00","description":"P\u00eache au petit gibier dans le lagon de Blue Bay. Bateau priv\u00e9, tout l&#039;\u00e9quipement inclus, rafra\u00eechissements et conseils d&#039;experts. Aventure familiale amusante pour tous les \u00e2ges !","breadcrumb":{"@id":"https:\/\/www.summerwingscruise.com\/half-day-small-game-fishing\/#breadcrumb"},"inLanguage":"fr-FR","potentialAction":[{"@type":"ReadAction","target":["https:\/\/www.summerwingscruise.com\/half-day-small-game-fishing\/"]}]},{"@type":"BreadcrumbList","@id":"https:\/\/www.summerwingscruise.com\/half-day-small-game-fishing\/#breadcrumb","itemListElement":[{"@type":"ListItem","position":1,"name":"Home","item":"https:\/\/www.summerwingscruise.com\/"},{"@type":"ListItem","position":2,"name":"Half Day Small Game Fishing"}]},{"@type":"WebSite","@id":"https:\/\/www.summerwingscruise.com\/#website","url":"https:\/\/www.summerwingscruise.com\/","name":"Summer Wings Cruise","description":"Croisi\u00e8re dans le lagon du sud-est de l&#039;\u00eele Maurice","potentialAction":[{"@type":"SearchAction","target":{"@type":"EntryPoint","urlTemplate":"https:\/\/www.summerwingscruise.com\/?s={search_term_string}"},"query-input":{"@type":"PropertyValueSpecification","valueRequired":true,"valueName":"search_term_string"}}],"inLanguage":"fr-FR"}]}},"_links":{"self":[{"href":"https:\/\/www.summerwingscruise.com\/fr\/wp-json\/wp\/v2\/pages\/226","targetHints":{"allow":["GET"]}}],"collection":[{"href":"https:\/\/www.summerwingscruise.com\/fr\/wp-json\/wp\/v2\/pages"}],"about":[{"href":"https:\/\/www.summerwingscruise.com\/fr\/wp-json\/wp\/v2\/types\/page"}],"author":[{"embeddable":true,"href":"https:\/\/www.summerwingscruise.com\/fr\/wp-json\/wp\/v2\/users\/1"}],"replies":[{"embeddable":true,"href":"https:\/\/www.summerwingscruise.com\/fr\/wp-json\/wp\/v2\/comments?post=226"}],"version-history":[{"count":10,"href":"https:\/\/www.summerwingscruise.com\/fr\/wp-json\/wp\/v2\/pages\/226\/revisions"}],"predecessor-version":[{"id":607,"href":"https:\/\/www.summerwingscruise.com\/fr\/wp-json\/wp\/v2\/pages\/226\/revisions\/607"}],"wp:attachment":[{"href":"https:\/\/www.summerwingscruise.com\/fr\/wp-json\/wp\/v2\/media?parent=226"}],"curies":[{"name":"wp","href":"https:\/\/api.w.org\/{rel}","templated":true}]}}